{"id":33,"date":"2025-04-25T09:09:15","date_gmt":"2025-04-25T07:09:15","guid":{"rendered":"https:\/\/unlisters.com\/?page_id=33"},"modified":"2026-03-12T07:38:57","modified_gmt":"2026-03-12T06:38:57","slug":"unlisters","status":"publish","type":"page","link":"https:\/\/unlisters.com\/sk\/","title":{"rendered":"Neuveden\u00e9 zoznamy"},"content":{"rendered":"<div id=\"pl-gb33-69ecd2d3daefa\"  class=\"panel-layout\" ><div id=\"pg-gb33-69ecd2d3daefa-0\"  class=\"panel-grid panel-no-style\" ><div id=\"pgc-gb33-69ecd2d3daefa-0-0\"  class=\"panel-grid-cell\" ><div id=\"panel-gb33-69ecd2d3daefa-0-0-0\" class=\"so-panel widget widget_sow-editor panel-first-child panel-last-child\" data-index=\"0\" ><div class=\"so-text-col panel-widget-style panel-widget-style-for-gb33-69ecd2d3daefa-0-0-0\" ><div\n\t\t\t\n\t\t\tclass=\"so-widget-sow-editor so-widget-sow-editor-base\"\n\t\t\t\n\t\t>\n<div class=\"siteorigin-widget-tinymce textwidget\">\n\t<div class=\"bold-statement\">Ako to funguje<\/div>\n<ol class=\"unlisters-ol\">\n<li>Po\u017eiadajte o bezplatn\u00e9 \u010dlenstvo<\/li>\n<li>Z\u00edskajte pr\u00edstup k neverejn\u00fdm ponuk\u00e1m<\/li>\n<li>Zdie\u013eajte vlastn\u00e9 ponuky. Je na v\u00e1s, komu k nim d\u00e1te pr\u00edstup.<\/li>\n<\/ol>\n<\/div>\n<\/div><\/div><\/div><\/div><div id=\"pgc-gb33-69ecd2d3daefa-0-1\"  class=\"panel-grid-cell\" ><div id=\"panel-gb33-69ecd2d3daefa-0-1-0\" class=\"so-panel widget widget_sow-editor panel-first-child panel-last-child\" data-index=\"1\" ><div class=\"so-image-col panel-widget-style panel-widget-style-for-gb33-69ecd2d3daefa-0-1-0\" ><div\n\t\t\t\n\t\t\tclass=\"so-widget-sow-editor so-widget-sow-editor-base\"\n\t\t\t\n\t\t>\n<div class=\"siteorigin-widget-tinymce textwidget\">\n\t<p><img loading=\"lazy\" decoding=\"async\" class=\"alignnone size-full wp-image-790\" src=\"https:\/\/unlisters.com\/wp-content\/uploads\/2026\/03\/unlisters_off_market_deals.jpg\" alt=\"\" width=\"1201\" height=\"1753\" srcset=\"https:\/\/unlisters.com\/wp-content\/uploads\/2026\/03\/unlisters_off_market_deals.jpg 1201w, https:\/\/unlisters.com\/wp-content\/uploads\/2026\/03\/unlisters_off_market_deals-206x300.jpg 206w, https:\/\/unlisters.com\/wp-content\/uploads\/2026\/03\/unlisters_off_market_deals-702x1024.jpg 702w, https:\/\/unlisters.com\/wp-content\/uploads\/2026\/03\/unlisters_off_market_deals-768x1121.jpg 768w, https:\/\/unlisters.com\/wp-content\/uploads\/2026\/03\/unlisters_off_market_deals-1052x1536.jpg 1052w, https:\/\/unlisters.com\/wp-content\/uploads\/2026\/03\/unlisters_off_market_deals-8x12.jpg 8w\" sizes=\"auto, (max-width: 1201px) 100vw, 1201px\" \/><\/p>\n<\/div>\n<\/div><\/div><\/div><\/div><\/div><div id=\"pg-gb33-69ecd2d3daefa-1\"  class=\"panel-grid panel-has-style\" ><div class=\"panel-row-style panel-row-style-for-gb33-69ecd2d3daefa-1\" ><div id=\"pgc-gb33-69ecd2d3daefa-1-0\"  class=\"panel-grid-cell\" ><div id=\"panel-gb33-69ecd2d3daefa-1-0-0\" class=\"so-panel widget widget_sow-editor panel-first-child panel-last-child\" data-index=\"2\" ><div id=\"more\" class=\"panel-widget-style panel-widget-style-for-gb33-69ecd2d3daefa-1-0-0\" ><div\n\t\t\t\n\t\t\tclass=\"so-widget-sow-editor so-widget-sow-editor-base\"\n\t\t\t\n\t\t>\n<div class=\"siteorigin-widget-tinymce textwidget\">\n\t<div class=\"bold-statement\">Probl\u00e9m<\/div>\n<h2>Pre\u010do makl\u00e9ri op\u00fa\u0161\u0165aj\u00fa WhatsApp a e-mail<\/h2>\n<p>Pozn\u00e1te to. Inform\u00e1cie o ponuk\u00e1ch m\u00e1te roztr\u00fasen\u00e9 na WhatsAppe, v e-mailoch a sms-k\u00e1ch. Inform\u00e1cie sa str\u00e1caj\u00fa, s\u00fa nepreh\u013eadn\u00e9 a kontrola nad zdie\u013ean\u00edm mizne v momente, ke\u010f stla\u010d\u00edte \u201eodosla\u0165\u201c.<\/p>\n<\/div>\n<\/div><\/div><\/div><\/div><div id=\"pgc-gb33-69ecd2d3daefa-1-1\"  class=\"panel-grid-cell\" ><div id=\"panel-gb33-69ecd2d3daefa-1-1-0\" class=\"so-panel widget widget_sow-editor panel-first-child panel-last-child\" data-index=\"3\" ><div id=\"more\" class=\"panel-widget-style panel-widget-style-for-gb33-69ecd2d3daefa-1-1-0\" ><div\n\t\t\t\n\t\t\tclass=\"so-widget-sow-editor so-widget-sow-editor-base\"\n\t\t\t\n\t\t>\n<div class=\"siteorigin-widget-tinymce textwidget\">\n\t<div class=\"bold-statement\">Inteligentnej\u0161\u00ed sp\u00f4sob<\/div>\n<h2>Unlisters nahr\u00e1dza nepreh\u013eadn\u00fa v\u00fdmenu inform\u00e1ci\u00ed modernou aplik\u00e1ciou.<\/h2>\n<ul class=\"unlisters-ul\">\n<li>Jednoduch\u00e9 vyh\u013ead\u00e1vanie pon\u00fak<\/li>\n<li>Prep\u00e1jajte sa s ostatn\u00fdmi \u010dlenmi a vyu\u017eite silu siete<\/li>\n<li>Svoje ponuky m\u00e1te plne pod kontrolou a je na v\u00e1s s k\u00fdm ich zdie\u013eate<\/li>\n<\/ul>\n<\/div>\n<\/div><\/div><\/div><\/div><\/div><\/div><div id=\"pg-gb33-69ecd2d3daefa-2\"  class=\"panel-grid panel-has-style\" ><div class=\"siteorigin-panels-stretch panel-row-style panel-row-style-for-gb33-69ecd2d3daefa-2\" data-stretch-type=\"full\" ><div id=\"pgc-gb33-69ecd2d3daefa-2-0\"  class=\"panel-grid-cell\" ><div id=\"panel-gb33-69ecd2d3daefa-2-0-0\" class=\"so-panel widget widget_sow-editor panel-first-child panel-last-child\" data-index=\"4\" ><div id=\"more\" class=\"panel-widget-style panel-widget-style-for-gb33-69ecd2d3daefa-2-0-0\" ><div\n\t\t\t\n\t\t\tclass=\"so-widget-sow-editor so-widget-sow-editor-base\"\n\t\t\t\n\t\t>\n<div class=\"siteorigin-widget-tinymce textwidget\">\n\t<div class=\"bold-statement\">Najlep\u0161ie ponuky sa nezverej\u0148uj\u00fa<\/div>\n<p>Zost\u00e1vaj\u00fa nezverejnen\u00e9 a \u0161\u00edria sa prostredn\u00edctvom d\u00f4veryhodn\u00fdch siet\u00ed makl\u00e9rov, nie cez verejn\u00e9 inzertn\u00e9 port\u00e1ly.<\/p>\n<\/div>\n<\/div><\/div><\/div><\/div><div id=\"pgc-gb33-69ecd2d3daefa-2-1\"  class=\"panel-grid-cell\" ><div id=\"panel-gb33-69ecd2d3daefa-2-1-0\" class=\"so-panel widget widget_sow-editor panel-first-child\" data-index=\"5\" ><div id=\"price\" class=\"panel-widget-style panel-widget-style-for-gb33-69ecd2d3daefa-2-1-0\" ><div\n\t\t\t\n\t\t\tclass=\"so-widget-sow-editor so-widget-sow-editor-base\"\n\t\t\t\n\t\t>\n<div class=\"siteorigin-widget-tinymce textwidget\">\n\t<div class=\"bold-statement\">Pripojte sa k sieti<\/div>\n<p class=\"translation-block\">Vytvorte si bezplatn\u00fd \u00fa\u010det a za\u010dnite objavova\u0165 a zdie\u013ea\u0165 off-market ponuky \u2014 s plnou kontrolou nad t\u00fdm, kto vid\u00ed ak\u00e9 inform\u00e1cie.<\/p>\n<p><em>Iba overen\u00ed makl\u00e9ri. \u017diadne verejn\u00e9 inzer\u00e1ty.<\/em><\/p>\n<\/div>\n<\/div><\/div><\/div><div id=\"panel-gb33-69ecd2d3daefa-2-1-1\" class=\"so-panel widget widget_sow-editor panel-last-child\" data-index=\"6\" ><div id=\"price\" class=\"panel-widget-style panel-widget-style-for-gb33-69ecd2d3daefa-2-1-1\" ><div\n\t\t\t\n\t\t\tclass=\"so-widget-sow-editor so-widget-sow-editor-base\"\n\t\t\t\n\t\t>\n<div class=\"siteorigin-widget-tinymce textwidget\">\n\t<p><a href=\"https:\/\/app.unlisters.com\/sk\/users\/sign_up\" class=\"my-button-style\" onclick=\"gtag('event', 'click_signup_button_unlisters', {'transport_type': 'beacon'});\">Vytvori\u0165 \u00fa\u010det zdarma<\/a><\/p>\n<\/div>\n<\/div><\/div><\/div><\/div><\/div><\/div><\/div>","protected":false},"excerpt":{"rendered":"<p>Ako to funguje Overi\u0165 ako makl\u00e9r Objavte ponuky mimo trhu zo siete makl\u00e9rov Zdie\u013ea\u0165 ponuky so sie\u0165ou alebo v s\u00fakromn\u00fdch skupin\u00e1ch Probl\u00e9m Pre\u010do sa makl\u00e9ri pohybuj\u00fa nad r\u00e1mec WhatsApp a e-mailov\u00e9 ponuky mimo trhu s\u00fa rozpt\u00fdlen\u00e9 v skupin\u00e1ch WhatsApp, e-mailov\u00fdch vl\u00e1knach a s\u00fakromn\u00fdch spr\u00e1vach. Inform\u00e1cie sa str\u00e1caj\u00fa, vidite\u013enos\u0165 je nejasn\u00e1 a kontrola zmizne v okamihu ... <a title=\"Neuveden\u00e9 zoznamy\" class=\"read-more\" href=\"https:\/\/unlisters.com\/sk\/\" aria-label=\"Pre\u010d\u00edtajte si viac o Unlisters\">Pre\u010d\u00edtajte si viac<\/a><\/p>","protected":false},"author":1,"featured_media":520,"parent":0,"menu_order":0,"comment_status":"closed","ping_status":"closed","template":"","meta":{"inline_featured_image":false,"footnotes":""},"class_list":["post-33","page","type-page","status-publish","has-post-thumbnail"],"yoast_head":"<!-- This site is optimized with the Yoast SEO plugin v27.1.1 - https:\/\/yoast.com\/product\/yoast-seo-wordpress\/ -->\n<title>Unlisters | Free Off-Market Deal Network for Real Estate Brokers<\/title>\n<meta name=\"description\" content=\"Discover and share off-market real estate deals in a free, broker-only network designed for controlled visibility and private groups.\" \/>\n<meta name=\"robots\" content=\"index, follow, max-snippet:-1, max-image-preview:large, max-video-preview:-1\" \/>\n<link rel=\"canonical\" href=\"https:\/\/unlisters.com\/sk\/\" \/>\n<meta property=\"og:locale\" content=\"sk_SK\" \/>\n<meta property=\"og:type\" content=\"article\" \/>\n<meta property=\"og:title\" content=\"Unlisters | Free Off-Market Deal Network for Real Estate Brokers\" \/>\n<meta property=\"og:description\" content=\"Discover and share off-market real estate deals in a free, broker-only network designed for controlled visibility and private groups.\" \/>\n<meta property=\"og:url\" content=\"https:\/\/unlisters.com\/sk\/\" \/>\n<meta property=\"og:site_name\" content=\"Unlisters\" \/>\n<meta property=\"article:publisher\" content=\"https:\/\/www.facebook.com\/unlisters\" \/>\n<meta property=\"article:modified_time\" content=\"2026-03-12T06:38:57+00:00\" \/>\n<meta property=\"og:image\" content=\"https:\/\/unlisters.com\/wp-content\/uploads\/2025\/08\/unlisters_business_offmarket.jpg\" \/>\n\t<meta property=\"og:image:width\" content=\"1200\" \/>\n\t<meta property=\"og:image:height\" content=\"1000\" \/>\n\t<meta property=\"og:image:type\" content=\"image\/jpeg\" \/>\n<meta name=\"twitter:card\" content=\"summary_large_image\" \/>\n<meta name=\"twitter:label1\" content=\"Predpokladan\u00fd \u010das \u010d\u00edtania\" \/>\n\t<meta name=\"twitter:data1\" content=\"2 minutes\" \/>\n<script type=\"application\/ld+json\" class=\"yoast-schema-graph\">{\"@context\":\"https:\/\/schema.org\",\"@graph\":[{\"@type\":\"WebPage\",\"@id\":\"https:\/\/unlisters.com\/\",\"url\":\"https:\/\/unlisters.com\/\",\"name\":\"Unlisters | Free Off-Market Deal Network for Real Estate Brokers\",\"isPartOf\":{\"@id\":\"https:\/\/unlisters.com\/#website\"},\"primaryImageOfPage\":{\"@id\":\"https:\/\/unlisters.com\/#primaryimage\"},\"image\":{\"@id\":\"https:\/\/unlisters.com\/#primaryimage\"},\"thumbnailUrl\":\"https:\/\/unlisters.com\/wp-content\/uploads\/2025\/08\/unlisters_business_offmarket.jpg\",\"datePublished\":\"2025-04-25T07:09:15+00:00\",\"dateModified\":\"2026-03-12T06:38:57+00:00\",\"description\":\"Discover and share off-market real estate deals in a free, broker-only network designed for controlled visibility and private groups.\",\"breadcrumb\":{\"@id\":\"https:\/\/unlisters.com\/#breadcrumb\"},\"inLanguage\":\"sk-SK\",\"potentialAction\":[{\"@type\":\"ReadAction\",\"target\":[\"https:\/\/unlisters.com\/\"]}]},{\"@type\":\"ImageObject\",\"inLanguage\":\"sk-SK\",\"@id\":\"https:\/\/unlisters.com\/#primaryimage\",\"url\":\"https:\/\/unlisters.com\/wp-content\/uploads\/2025\/08\/unlisters_business_offmarket.jpg\",\"contentUrl\":\"https:\/\/unlisters.com\/wp-content\/uploads\/2025\/08\/unlisters_business_offmarket.jpg\",\"width\":1200,\"height\":1000},{\"@type\":\"BreadcrumbList\",\"@id\":\"https:\/\/unlisters.com\/#breadcrumb\",\"itemListElement\":[{\"@type\":\"ListItem\",\"position\":1,\"name\":\"Domovsk\u00e1 str\u00e1nka\",\"item\":\"https:\/\/unlisters.com\/\"},{\"@type\":\"ListItem\",\"position\":2,\"name\":\"Unlisters\"}]},{\"@type\":\"WebSite\",\"@id\":\"https:\/\/unlisters.com\/#website\",\"url\":\"https:\/\/unlisters.com\/\",\"name\":\"Unlisters\",\"description\":\"Where Brokers Connect\",\"publisher\":{\"@id\":\"https:\/\/unlisters.com\/#organization\"},\"potentialAction\":[{\"@type\":\"SearchAction\",\"target\":{\"@type\":\"EntryPoint\",\"urlTemplate\":\"https:\/\/unlisters.com\/?s={search_term_string}\"},\"query-input\":{\"@type\":\"PropertyValueSpecification\",\"valueRequired\":true,\"valueName\":\"search_term_string\"}}],\"inLanguage\":\"sk-SK\"},{\"@type\":\"Organization\",\"@id\":\"https:\/\/unlisters.com\/#organization\",\"name\":\"Unlisters\",\"url\":\"https:\/\/unlisters.com\/\",\"logo\":{\"@type\":\"ImageObject\",\"inLanguage\":\"sk-SK\",\"@id\":\"https:\/\/unlisters.com\/#\/schema\/logo\/image\/\",\"url\":\"https:\/\/unlisters.com\/wp-content\/uploads\/2025\/06\/FAVICO_unlisters-01.png\",\"contentUrl\":\"https:\/\/unlisters.com\/wp-content\/uploads\/2025\/06\/FAVICO_unlisters-01.png\",\"width\":500,\"height\":500,\"caption\":\"Unlisters\"},\"image\":{\"@id\":\"https:\/\/unlisters.com\/#\/schema\/logo\/image\/\"},\"sameAs\":[\"https:\/\/www.facebook.com\/unlisters\",\"https:\/\/www.linkedin.com\/company\/unlisters\"]}]}<\/script>\n<!-- \/ Yoast SEO plugin. -->","yoast_head_json":{"title":"Unlisters | Free Off-Market Deal Network for Real Estate Brokers","description":"Discover and share off-market real estate deals in a free, broker-only network designed for controlled visibility and private groups.","robots":{"index":"index","follow":"follow","max-snippet":"max-snippet:-1","max-image-preview":"max-image-preview:large","max-video-preview":"max-video-preview:-1"},"canonical":"https:\/\/unlisters.com\/sk\/","og_locale":"sk_SK","og_type":"article","og_title":"Unlisters | Free Off-Market Deal Network for Real Estate Brokers","og_description":"Discover and share off-market real estate deals in a free, broker-only network designed for controlled visibility and private groups.","og_url":"https:\/\/unlisters.com\/sk\/","og_site_name":"Unlisters","article_publisher":"https:\/\/www.facebook.com\/unlisters","article_modified_time":"2026-03-12T06:38:57+00:00","og_image":[{"width":1200,"height":1000,"url":"https:\/\/unlisters.com\/wp-content\/uploads\/2025\/08\/unlisters_business_offmarket.jpg","type":"image\/jpeg"}],"twitter_card":"summary_large_image","twitter_misc":{"Predpokladan\u00fd \u010das \u010d\u00edtania":"2 minutes"},"schema":{"@context":"https:\/\/schema.org","@graph":[{"@type":"WebPage","@id":"https:\/\/unlisters.com\/","url":"https:\/\/unlisters.com\/","name":"Unlisters | Free Off-Market Deal Network for Real Estate Brokers","isPartOf":{"@id":"https:\/\/unlisters.com\/#website"},"primaryImageOfPage":{"@id":"https:\/\/unlisters.com\/#primaryimage"},"image":{"@id":"https:\/\/unlisters.com\/#primaryimage"},"thumbnailUrl":"https:\/\/unlisters.com\/wp-content\/uploads\/2025\/08\/unlisters_business_offmarket.jpg","datePublished":"2025-04-25T07:09:15+00:00","dateModified":"2026-03-12T06:38:57+00:00","description":"Discover and share off-market real estate deals in a free, broker-only network designed for controlled visibility and private groups.","breadcrumb":{"@id":"https:\/\/unlisters.com\/#breadcrumb"},"inLanguage":"sk-SK","potentialAction":[{"@type":"ReadAction","target":["https:\/\/unlisters.com\/"]}]},{"@type":"ImageObject","inLanguage":"sk-SK","@id":"https:\/\/unlisters.com\/#primaryimage","url":"https:\/\/unlisters.com\/wp-content\/uploads\/2025\/08\/unlisters_business_offmarket.jpg","contentUrl":"https:\/\/unlisters.com\/wp-content\/uploads\/2025\/08\/unlisters_business_offmarket.jpg","width":1200,"height":1000},{"@type":"BreadcrumbList","@id":"https:\/\/unlisters.com\/#breadcrumb","itemListElement":[{"@type":"ListItem","position":1,"name":"Domovsk\u00e1 str\u00e1nka","item":"https:\/\/unlisters.com\/"},{"@type":"ListItem","position":2,"name":"Unlisters"}]},{"@type":"WebSite","@id":"https:\/\/unlisters.com\/#website","url":"https:\/\/unlisters.com\/","name":"Unlisters","description":"Where Brokers Connect","publisher":{"@id":"https:\/\/unlisters.com\/#organization"},"potentialAction":[{"@type":"SearchAction","target":{"@type":"EntryPoint","urlTemplate":"https:\/\/unlisters.com\/?s={search_term_string}"},"query-input":{"@type":"PropertyValueSpecification","valueRequired":true,"valueName":"search_term_string"}}],"inLanguage":"sk-SK"},{"@type":"Organization","@id":"https:\/\/unlisters.com\/#organization","name":"Unlisters","url":"https:\/\/unlisters.com\/","logo":{"@type":"ImageObject","inLanguage":"sk-SK","@id":"https:\/\/unlisters.com\/#\/schema\/logo\/image\/","url":"https:\/\/unlisters.com\/wp-content\/uploads\/2025\/06\/FAVICO_unlisters-01.png","contentUrl":"https:\/\/unlisters.com\/wp-content\/uploads\/2025\/06\/FAVICO_unlisters-01.png","width":500,"height":500,"caption":"Unlisters"},"image":{"@id":"https:\/\/unlisters.com\/#\/schema\/logo\/image\/"},"sameAs":["https:\/\/www.facebook.com\/unlisters","https:\/\/www.linkedin.com\/company\/unlisters"]}]}},"_links":{"self":[{"href":"https:\/\/unlisters.com\/sk\/wp-json\/wp\/v2\/pages\/33","targetHints":{"allow":["GET"]}}],"collection":[{"href":"https:\/\/unlisters.com\/sk\/wp-json\/wp\/v2\/pages"}],"about":[{"href":"https:\/\/unlisters.com\/sk\/wp-json\/wp\/v2\/types\/page"}],"author":[{"embeddable":true,"href":"https:\/\/unlisters.com\/sk\/wp-json\/wp\/v2\/users\/1"}],"replies":[{"embeddable":true,"href":"https:\/\/unlisters.com\/sk\/wp-json\/wp\/v2\/comments?post=33"}],"version-history":[{"count":217,"href":"https:\/\/unlisters.com\/sk\/wp-json\/wp\/v2\/pages\/33\/revisions"}],"predecessor-version":[{"id":800,"href":"https:\/\/unlisters.com\/sk\/wp-json\/wp\/v2\/pages\/33\/revisions\/800"}],"wp:featuredmedia":[{"embeddable":true,"href":"https:\/\/unlisters.com\/sk\/wp-json\/wp\/v2\/media\/520"}],"wp:attachment":[{"href":"https:\/\/unlisters.com\/sk\/wp-json\/wp\/v2\/media?parent=33"}],"curies":[{"name":"wp","href":"https:\/\/api.w.org\/{rel}","templated":true}]}}