{"id":547,"date":"2025-11-12T10:15:44","date_gmt":"2025-11-12T09:15:44","guid":{"rendered":"https:\/\/unlisters.com\/?page_id=547"},"modified":"2025-12-06T17:54:42","modified_gmt":"2025-12-06T16:54:42","slug":"for-brokers","status":"publish","type":"page","link":"https:\/\/unlisters.com\/hu\/for-brokers\/","title":{"rendered":"Br\u00f3kereknek"},"content":{"rendered":"<div id=\"pl-gb547-69f4915f2028d\"  class=\"panel-layout\" ><div id=\"pg-gb547-69f4915f2028d-0\"  class=\"panel-grid panel-no-style\" ><div id=\"pgc-gb547-69f4915f2028d-0-0\"  class=\"panel-grid-cell\" ><div id=\"panel-gb547-69f4915f2028d-0-0-0\" class=\"so-panel widget widget_sow-editor panel-first-child panel-last-child\" data-index=\"0\" ><div\n\t\t\t\n\t\t\tclass=\"so-widget-sow-editor so-widget-sow-editor-base\"\n\t\t\t\n\t\t>\n<div class=\"siteorigin-widget-tinymce textwidget\">\n\t<div class=\"features-mini\">Rejtett lehet\u0151s\u00e9gek felt\u00e1r\u00e1sa az ingatlanpiacon<\/div>\n<h2>Hozz\u00e1f\u00e9r\u00e9s az exkluz\u00edv off-market list\u00e1khoz \u00e9s kapcsolat az ellen\u0151rz\u00f6tt szakemberekkel vil\u00e1gszerte<\/h2>\n<p>A Unlisters k\u00f6zvetlen csatorn\u00e1t biztos\u00edt a br\u00f3kereknek, hogy megossz\u00e1k \u00e9s felfedezz\u00e9k a piacon k\u00edv\u00fcli ingatlan\u00fcgyleteket, miel\u0151tt el\u00e9rn\u00e9k a nyilv\u00e1nos piacot. N\u00f6velje h\u00e1l\u00f3zat\u00e1t \u00e9s \u00e9rjen el exkluz\u00edv \u00fczletmenetet, amely seg\u00edt abban, hogy egy l\u00e9p\u00e9ssel a verseny el\u0151tt maradjon.<\/p>\n<\/div>\n<\/div><\/div><\/div><div id=\"pgc-gb547-69f4915f2028d-0-1\"  class=\"panel-grid-cell\" ><div id=\"panel-gb547-69f4915f2028d-0-1-0\" class=\"so-panel widget widget_sow-editor panel-first-child panel-last-child\" data-index=\"1\" ><div\n\t\t\t\n\t\t\tclass=\"so-widget-sow-editor so-widget-sow-editor-base\"\n\t\t\t\n\t\t>\n<div class=\"siteorigin-widget-tinymce textwidget\">\n\t<p><img loading=\"lazy\" decoding=\"async\" class=\"alignnone size-large wp-image-578\" src=\"https:\/\/unlisters.com\/wp-content\/uploads\/2025\/11\/off-market-real-estate-deals-683x1024.jpg\" alt=\"\" width=\"683\" height=\"1024\" srcset=\"https:\/\/unlisters.com\/wp-content\/uploads\/2025\/11\/off-market-real-estate-deals-683x1024.jpg 683w, https:\/\/unlisters.com\/wp-content\/uploads\/2025\/11\/off-market-real-estate-deals-200x300.jpg 200w, https:\/\/unlisters.com\/wp-content\/uploads\/2025\/11\/off-market-real-estate-deals-768x1151.jpg 768w, https:\/\/unlisters.com\/wp-content\/uploads\/2025\/11\/off-market-real-estate-deals-1025x1536.jpg 1025w, https:\/\/unlisters.com\/wp-content\/uploads\/2025\/11\/off-market-real-estate-deals-8x12.jpg 8w, https:\/\/unlisters.com\/wp-content\/uploads\/2025\/11\/off-market-real-estate-deals.jpg 1201w\" sizes=\"auto, (max-width: 683px) 100vw, 683px\" \/><\/p>\n<\/div>\n<\/div><\/div><\/div><\/div><div id=\"pg-gb547-69f4915f2028d-1\"  class=\"panel-grid panel-has-style\" ><div class=\"panel-row-style panel-row-style-for-gb547-69f4915f2028d-1\" ><div id=\"pgc-gb547-69f4915f2028d-1-0\"  class=\"panel-grid-cell\" ><div id=\"panel-gb547-69f4915f2028d-1-0-0\" class=\"so-panel widget widget_sow-editor panel-first-child panel-last-child\" data-index=\"2\" ><div\n\t\t\t\n\t\t\tclass=\"so-widget-sow-editor so-widget-sow-editor-base\"\n\t\t\t\n\t\t>\n<div class=\"siteorigin-widget-tinymce textwidget\">\n\t<p><img loading=\"lazy\" decoding=\"async\" class=\"alignnone size-large wp-image-581\" src=\"https:\/\/unlisters.com\/wp-content\/uploads\/2025\/11\/startup-for-real-estate-brokers-1024x577.jpg\" alt=\"\" width=\"1024\" height=\"577\" srcset=\"https:\/\/unlisters.com\/wp-content\/uploads\/2025\/11\/startup-for-real-estate-brokers-1024x577.jpg 1024w, https:\/\/unlisters.com\/wp-content\/uploads\/2025\/11\/startup-for-real-estate-brokers-300x169.jpg 300w, https:\/\/unlisters.com\/wp-content\/uploads\/2025\/11\/startup-for-real-estate-brokers-768x433.jpg 768w, https:\/\/unlisters.com\/wp-content\/uploads\/2025\/11\/startup-for-real-estate-brokers-18x10.jpg 18w, https:\/\/unlisters.com\/wp-content\/uploads\/2025\/11\/startup-for-real-estate-brokers.jpg 1199w\" sizes=\"auto, (max-width: 1024px) 100vw, 1024px\" \/><\/p>\n<\/div>\n<\/div><\/div><\/div><div id=\"pgc-gb547-69f4915f2028d-1-1\"  class=\"panel-grid-cell\" ><div id=\"panel-gb547-69f4915f2028d-1-1-0\" class=\"so-panel widget widget_sow-editor panel-first-child panel-last-child\" data-index=\"3\" ><div\n\t\t\t\n\t\t\tclass=\"so-widget-sow-editor so-widget-sow-editor-base\"\n\t\t\t\n\t\t>\n<div class=\"siteorigin-widget-tinymce textwidget\">\n\t<div class=\"features-mini\">Gy\u0171jts\u00f6n t\u00f6bbet minden kapcsolatb\u00f3l<\/div>\n<h2>Kapcsolja be h\u00e1l\u00f3zat\u00e1t a piacon k\u00edv\u00fcli \u00fcgyletek \u00e1lland\u00f3 forr\u00e1s\u00e1v\u00e1<\/h2>\n<p>A Unlisters seg\u00edts\u00e9g\u00e9vel minden ellen\u0151rz\u00f6tt kapcsolat potenci\u00e1lis bev\u00e9teli forr\u00e1ss\u00e1 v\u00e1lik. Sorolja fel saj\u00e1t off-market ingatlanjait, cser\u00e9ljen leadeket, \u00e9s fedezze fel \u00fcgyfelei sz\u00e1m\u00e1ra az exkluz\u00edv befektet\u00e9si lehet\u0151s\u00e9geket. Egyszer\u0171s\u00edtj\u00fck az egy\u00fcttm\u0171k\u00f6d\u00e9st \u2013 \u00edgy \u00d6n kevesebb id\u0151t t\u00f6lt kutat\u00e1ssal \u00e9s t\u00f6bb id\u0151t z\u00e1r\u00e1ssal.<\/p>\n<\/div>\n<\/div><\/div><\/div><\/div><\/div><div id=\"pg-gb547-69f4915f2028d-2\"  class=\"panel-grid panel-no-style\" ><div id=\"pgc-gb547-69f4915f2028d-2-0\"  class=\"panel-grid-cell\" ><div id=\"panel-gb547-69f4915f2028d-2-0-0\" class=\"so-panel widget widget_sow-editor panel-first-child panel-last-child\" data-index=\"4\" ><div\n\t\t\t\n\t\t\tclass=\"so-widget-sow-editor so-widget-sow-editor-base\"\n\t\t\t\n\t\t>\n<div class=\"siteorigin-widget-tinymce textwidget\">\n\t<div class=\"features-mini\">Egy\u00fcttm\u0171k\u00f6dni, nem versenyezni<\/div>\n<h2>\u00c9p\u00edtsen er\u0151s partners\u00e9geket olyan br\u00f3kerekkel, akik megosztj\u00e1k c\u00e9ljait<\/h2>\n<p>Az Unlisters seg\u00edts\u00e9g\u00e9vel k\u00f6nnyed\u00e9n list\u00e1zhat, hivatkozhat vagy egy\u00fcttm\u0171k\u00f6dhet mag\u00e1ntranzakci\u00f3kban. Ingatlan-egy\u00fcttm\u0171k\u00f6d\u00e9si platformunk seg\u00edt \u00d6nnek megtal\u00e1lni a megfelel\u0151 partnert minden egyes \u00fcgylethez \u2013 f\u00fcggetlen\u00fcl att\u00f3l, hogy k\u00fclf\u00f6ldi vev\u0151\u00fcgyn\u00f6k\u00f6t, hat\u00e1rokon \u00e1tny\u00fal\u00f3 \u00fcgyletekkel foglalkoz\u00f3 jogi kapcsolattart\u00f3t vagy helyi br\u00f3kert keres, hogy diszkr\u00e9ten ossza meg a hirdet\u00e9st. <\/p>\n<p>Az eredm\u00e9ny? Befejezettebb \u00fcgyletek, g\u00f6rd\u00fcl\u00e9kenyebb folyamatok \u00e9s tart\u00f3s szakmai kapcsolatok, amelyek a bizalomra \u00e9s az \u00e1tl\u00e1that\u00f3s\u00e1gra \u00e9p\u00fclnek.<\/p>\n<\/div>\n<\/div><\/div><\/div><div id=\"pgc-gb547-69f4915f2028d-2-1\"  class=\"panel-grid-cell\" ><div id=\"panel-gb547-69f4915f2028d-2-1-0\" class=\"so-panel widget widget_sow-editor panel-first-child panel-last-child\" data-index=\"5\" ><div class=\"join-form panel-widget-style panel-widget-style-for-gb547-69f4915f2028d-2-1-0\" ><div\n\t\t\t\n\t\t\tclass=\"so-widget-sow-editor so-widget-sow-editor-base\"\n\t\t\t\n\t\t>\n<div class=\"siteorigin-widget-tinymce textwidget\">\n\t<div class=\"features-mini\">Csatlakozzon az Ellen\u0151rz\u00f6tt Br\u00f3kerek H\u00e1l\u00f3zat\u00e1hoz<\/div>\n<h2>Kezdje el felfedezni az off-market lehet\u0151s\u00e9geket m\u00e9g ma<\/h2>\n<p>Hozza l\u00e9tre Unlisters profilj\u00e1t, \u00e9s l\u00e9pjen kapcsolatba ellen\u0151rz\u00f6tt \u00fcgyn\u00f6k\u00f6kkel, befektet\u0151kkel \u00e9s jogi szakemberekkel. Ossza meg a list\u00e1kat biztons\u00e1gosan, tal\u00e1ljon \u00faj partnereket, \u00e9s val\u00f3di egy\u00fcttm\u0171k\u00f6d\u00e9ssel \u2013 nem pedig versennyel \u2013 n\u00f6velje v\u00e1llalkoz\u00e1s\u00e1t.<\/p>\n<p><a href=\"https:\/\/app.unlisters.com\/users\/sign_up\"><button>Regisztr\u00e1ci\u00f3<\/button><\/a><\/p>\n<\/div>\n<\/div><\/div><\/div><\/div><\/div><\/div>","protected":false},"excerpt":{"rendered":"<p>Nyissa meg a rejtett lehet\u0151s\u00e9geket az ingatlanpiacon Hozz\u00e1f\u00e9r\u00e9s az exkluz\u00edv off-market list\u00e1khoz, \u00e9s l\u00e9pjen kapcsolatba az ellen\u0151rz\u00f6tt szakemberekkel vil\u00e1gszerte Az Unlisters k\u00f6zvetlen csatorn\u00e1t biztos\u00edt a br\u00f3kereknek, hogy megossz\u00e1k \u00e9s felfedezz\u00e9k az off-market ingatlan\u00fcgyleteket, miel\u0151tt el\u00e9rn\u00e9k a nyilv\u00e1nos piacot. N\u00f6velje h\u00e1l\u00f3zat\u00e1t \u00e9s \u00e9rjen el exkluz\u00edv \u00fczletmenetet, amely seg\u00edt abban, hogy egy l\u00e9p\u00e9ssel a verseny el\u0151tt maradjon. Gy\u0171jts\u00f6n ... <a title=\"Br\u00f3kereknek\" class=\"read-more\" href=\"https:\/\/unlisters.com\/hu\/for-brokers\/\" aria-label=\"Read more about Br\u00f3kereknek\">Olvass tov\u00e1bb<\/a><\/p>","protected":false},"author":1,"featured_media":0,"parent":0,"menu_order":0,"comment_status":"closed","ping_status":"closed","template":"","meta":{"inline_featured_image":false,"footnotes":""},"class_list":["post-547","page","type-page","status-publish"],"yoast_head":"<!-- This site is optimized with the Yoast SEO plugin v27.1.1 - https:\/\/yoast.com\/product\/yoast-seo-wordpress\/ -->\n<title>Unlisters for Brokers | Access Exclusive Off-Market Deals<\/title>\n<meta name=\"description\" content=\"Join Unlisters \u2014 the professional network to share, discover, and close off-market real estate deals worldwide. Collaborate. Earn. Grow.\" \/>\n<meta name=\"robots\" content=\"index, follow, max-snippet:-1, max-image-preview:large, max-video-preview:-1\" \/>\n<link rel=\"canonical\" href=\"https:\/\/unlisters.com\/hu\/for-brokers\/\" \/>\n<meta property=\"og:locale\" content=\"hu_HU\" \/>\n<meta property=\"og:type\" content=\"article\" \/>\n<meta property=\"og:title\" content=\"Unlisters for Brokers | Access Exclusive Off-Market Deals\" \/>\n<meta property=\"og:description\" content=\"Join Unlisters \u2014 the professional network to share, discover, and close off-market real estate deals worldwide. Collaborate. Earn. Grow.\" \/>\n<meta property=\"og:url\" content=\"https:\/\/unlisters.com\/hu\/for-brokers\/\" \/>\n<meta property=\"og:site_name\" content=\"Unlisters\" \/>\n<meta property=\"article:publisher\" content=\"https:\/\/www.facebook.com\/unlisters\" \/>\n<meta property=\"article:modified_time\" content=\"2025-12-06T16:54:42+00:00\" \/>\n<meta property=\"og:image\" content=\"https:\/\/unlisters.com\/wp-content\/uploads\/2025\/04\/real-estate-deals.jpg\" \/>\n\t<meta property=\"og:image:width\" content=\"2000\" \/>\n\t<meta property=\"og:image:height\" content=\"1333\" \/>\n\t<meta property=\"og:image:type\" content=\"image\/jpeg\" \/>\n<meta name=\"twitter:card\" content=\"summary_large_image\" \/>\n<meta name=\"twitter:label1\" content=\"Becs\u00fclt olvas\u00e1si id\u0151\" \/>\n\t<meta name=\"twitter:data1\" content=\"2 minutes\" \/>\n<script type=\"application\/ld+json\" class=\"yoast-schema-graph\">{\"@context\":\"https:\/\/schema.org\",\"@graph\":[{\"@type\":\"WebPage\",\"@id\":\"https:\/\/unlisters.com\/for-brokers\/\",\"url\":\"https:\/\/unlisters.com\/for-brokers\/\",\"name\":\"Unlisters for Brokers | Access Exclusive Off-Market Deals\",\"isPartOf\":{\"@id\":\"https:\/\/unlisters.com\/#website\"},\"datePublished\":\"2025-11-12T09:15:44+00:00\",\"dateModified\":\"2025-12-06T16:54:42+00:00\",\"description\":\"Join Unlisters \u2014 the professional network to share, discover, and close off-market real estate deals worldwide. Collaborate. Earn. Grow.\",\"breadcrumb\":{\"@id\":\"https:\/\/unlisters.com\/for-brokers\/#breadcrumb\"},\"inLanguage\":\"hu-HU\",\"potentialAction\":[{\"@type\":\"ReadAction\",\"target\":[\"https:\/\/unlisters.com\/for-brokers\/\"]}]},{\"@type\":\"BreadcrumbList\",\"@id\":\"https:\/\/unlisters.com\/for-brokers\/#breadcrumb\",\"itemListElement\":[{\"@type\":\"ListItem\",\"position\":1,\"name\":\"Domovsk\u00e1 str\u00e1nka\",\"item\":\"https:\/\/unlisters.com\/\"},{\"@type\":\"ListItem\",\"position\":2,\"name\":\"For brokers\"}]},{\"@type\":\"WebSite\",\"@id\":\"https:\/\/unlisters.com\/#website\",\"url\":\"https:\/\/unlisters.com\/\",\"name\":\"Unlisters\",\"description\":\"Where Brokers Connect\",\"publisher\":{\"@id\":\"https:\/\/unlisters.com\/#organization\"},\"potentialAction\":[{\"@type\":\"SearchAction\",\"target\":{\"@type\":\"EntryPoint\",\"urlTemplate\":\"https:\/\/unlisters.com\/?s={search_term_string}\"},\"query-input\":{\"@type\":\"PropertyValueSpecification\",\"valueRequired\":true,\"valueName\":\"search_term_string\"}}],\"inLanguage\":\"hu-HU\"},{\"@type\":\"Organization\",\"@id\":\"https:\/\/unlisters.com\/#organization\",\"name\":\"Unlisters\",\"url\":\"https:\/\/unlisters.com\/\",\"logo\":{\"@type\":\"ImageObject\",\"inLanguage\":\"hu-HU\",\"@id\":\"https:\/\/unlisters.com\/#\/schema\/logo\/image\/\",\"url\":\"https:\/\/unlisters.com\/wp-content\/uploads\/2025\/06\/FAVICO_unlisters-01.png\",\"contentUrl\":\"https:\/\/unlisters.com\/wp-content\/uploads\/2025\/06\/FAVICO_unlisters-01.png\",\"width\":500,\"height\":500,\"caption\":\"Unlisters\"},\"image\":{\"@id\":\"https:\/\/unlisters.com\/#\/schema\/logo\/image\/\"},\"sameAs\":[\"https:\/\/www.facebook.com\/unlisters\",\"https:\/\/www.linkedin.com\/company\/unlisters\"]}]}<\/script>\n<!-- \/ Yoast SEO plugin. -->","yoast_head_json":{"title":"Unlisters for Brokers | Access Exclusive Off-Market Deals","description":"Join Unlisters \u2014 the professional network to share, discover, and close off-market real estate deals worldwide. Collaborate. Earn. Grow.","robots":{"index":"index","follow":"follow","max-snippet":"max-snippet:-1","max-image-preview":"max-image-preview:large","max-video-preview":"max-video-preview:-1"},"canonical":"https:\/\/unlisters.com\/hu\/for-brokers\/","og_locale":"hu_HU","og_type":"article","og_title":"Unlisters for Brokers | Access Exclusive Off-Market Deals","og_description":"Join Unlisters \u2014 the professional network to share, discover, and close off-market real estate deals worldwide. Collaborate. Earn. Grow.","og_url":"https:\/\/unlisters.com\/hu\/for-brokers\/","og_site_name":"Unlisters","article_publisher":"https:\/\/www.facebook.com\/unlisters","article_modified_time":"2025-12-06T16:54:42+00:00","og_image":[{"width":2000,"height":1333,"url":"https:\/\/unlisters.com\/wp-content\/uploads\/2025\/04\/real-estate-deals.jpg","type":"image\/jpeg"}],"twitter_card":"summary_large_image","twitter_misc":{"Becs\u00fclt olvas\u00e1si id\u0151":"2 minutes"},"schema":{"@context":"https:\/\/schema.org","@graph":[{"@type":"WebPage","@id":"https:\/\/unlisters.com\/for-brokers\/","url":"https:\/\/unlisters.com\/for-brokers\/","name":"Unlisters for Brokers | Access Exclusive Off-Market Deals","isPartOf":{"@id":"https:\/\/unlisters.com\/#website"},"datePublished":"2025-11-12T09:15:44+00:00","dateModified":"2025-12-06T16:54:42+00:00","description":"Join Unlisters \u2014 the professional network to share, discover, and close off-market real estate deals worldwide. Collaborate. Earn. Grow.","breadcrumb":{"@id":"https:\/\/unlisters.com\/for-brokers\/#breadcrumb"},"inLanguage":"hu-HU","potentialAction":[{"@type":"ReadAction","target":["https:\/\/unlisters.com\/for-brokers\/"]}]},{"@type":"BreadcrumbList","@id":"https:\/\/unlisters.com\/for-brokers\/#breadcrumb","itemListElement":[{"@type":"ListItem","position":1,"name":"Domovsk\u00e1 str\u00e1nka","item":"https:\/\/unlisters.com\/"},{"@type":"ListItem","position":2,"name":"For brokers"}]},{"@type":"WebSite","@id":"https:\/\/unlisters.com\/#website","url":"https:\/\/unlisters.com\/","name":"Unlisters","description":"Where Brokers Connect","publisher":{"@id":"https:\/\/unlisters.com\/#organization"},"potentialAction":[{"@type":"SearchAction","target":{"@type":"EntryPoint","urlTemplate":"https:\/\/unlisters.com\/?s={search_term_string}"},"query-input":{"@type":"PropertyValueSpecification","valueRequired":true,"valueName":"search_term_string"}}],"inLanguage":"hu-HU"},{"@type":"Organization","@id":"https:\/\/unlisters.com\/#organization","name":"Unlisters","url":"https:\/\/unlisters.com\/","logo":{"@type":"ImageObject","inLanguage":"hu-HU","@id":"https:\/\/unlisters.com\/#\/schema\/logo\/image\/","url":"https:\/\/unlisters.com\/wp-content\/uploads\/2025\/06\/FAVICO_unlisters-01.png","contentUrl":"https:\/\/unlisters.com\/wp-content\/uploads\/2025\/06\/FAVICO_unlisters-01.png","width":500,"height":500,"caption":"Unlisters"},"image":{"@id":"https:\/\/unlisters.com\/#\/schema\/logo\/image\/"},"sameAs":["https:\/\/www.facebook.com\/unlisters","https:\/\/www.linkedin.com\/company\/unlisters"]}]}},"_links":{"self":[{"href":"https:\/\/unlisters.com\/hu\/wp-json\/wp\/v2\/pages\/547","targetHints":{"allow":["GET"]}}],"collection":[{"href":"https:\/\/unlisters.com\/hu\/wp-json\/wp\/v2\/pages"}],"about":[{"href":"https:\/\/unlisters.com\/hu\/wp-json\/wp\/v2\/types\/page"}],"author":[{"embeddable":true,"href":"https:\/\/unlisters.com\/hu\/wp-json\/wp\/v2\/users\/1"}],"replies":[{"embeddable":true,"href":"https:\/\/unlisters.com\/hu\/wp-json\/wp\/v2\/comments?post=547"}],"version-history":[{"count":19,"href":"https:\/\/unlisters.com\/hu\/wp-json\/wp\/v2\/pages\/547\/revisions"}],"predecessor-version":[{"id":628,"href":"https:\/\/unlisters.com\/hu\/wp-json\/wp\/v2\/pages\/547\/revisions\/628"}],"wp:attachment":[{"href":"https:\/\/unlisters.com\/hu\/wp-json\/wp\/v2\/media?parent=547"}],"curies":[{"name":"wp","href":"https:\/\/api.w.org\/{rel}","templated":true}]}}