{"id":33,"date":"2025-04-25T09:09:15","date_gmt":"2025-04-25T07:09:15","guid":{"rendered":"https:\/\/unlisters.com\/?page_id=33"},"modified":"2026-03-12T07:38:57","modified_gmt":"2026-03-12T06:38:57","slug":"unlisters","status":"publish","type":"page","link":"https:\/\/unlisters.com\/hu\/","title":{"rendered":"Unlisters"},"content":{"rendered":"<div id=\"pl-gb33-69ecd93111b7b\"  class=\"panel-layout\" ><div id=\"pg-gb33-69ecd93111b7b-0\"  class=\"panel-grid panel-no-style\" ><div id=\"pgc-gb33-69ecd93111b7b-0-0\"  class=\"panel-grid-cell\" ><div id=\"panel-gb33-69ecd93111b7b-0-0-0\" class=\"so-panel widget widget_sow-editor panel-first-child panel-last-child\" data-index=\"0\" ><div class=\"so-text-col panel-widget-style panel-widget-style-for-gb33-69ecd93111b7b-0-0-0\" ><div\n\t\t\t\n\t\t\tclass=\"so-widget-sow-editor so-widget-sow-editor-base\"\n\t\t\t\n\t\t>\n<div class=\"siteorigin-widget-tinymce textwidget\">\n\t<div class=\"bold-statement\">Hogyan m\u0171k\u00f6dik<\/div>\n<ol class=\"unlisters-ol\">\n<li>Igazolja mag\u00e1t ingatlan\u00fcgyn\u00f6kk\u00e9nt<\/li>\n<li>Fedezze fel a br\u00f3kerh\u00e1l\u00f3zat off-market aj\u00e1nlatait<\/li>\n<li>Ossza meg aj\u00e1nlatait a h\u00e1l\u00f3zaton bel\u00fcl vagy priv\u00e1t csoportokban<\/li>\n<\/ol>\n<\/div>\n<\/div><\/div><\/div><\/div><div id=\"pgc-gb33-69ecd93111b7b-0-1\"  class=\"panel-grid-cell\" ><div id=\"panel-gb33-69ecd93111b7b-0-1-0\" class=\"so-panel widget widget_sow-editor panel-first-child panel-last-child\" data-index=\"1\" ><div class=\"so-image-col panel-widget-style panel-widget-style-for-gb33-69ecd93111b7b-0-1-0\" ><div\n\t\t\t\n\t\t\tclass=\"so-widget-sow-editor so-widget-sow-editor-base\"\n\t\t\t\n\t\t>\n<div class=\"siteorigin-widget-tinymce textwidget\">\n\t<p><img loading=\"lazy\" decoding=\"async\" class=\"alignnone size-full wp-image-790\" src=\"https:\/\/unlisters.com\/wp-content\/uploads\/2026\/03\/unlisters_off_market_deals.jpg\" alt=\"\" width=\"1201\" height=\"1753\" srcset=\"https:\/\/unlisters.com\/wp-content\/uploads\/2026\/03\/unlisters_off_market_deals.jpg 1201w, https:\/\/unlisters.com\/wp-content\/uploads\/2026\/03\/unlisters_off_market_deals-206x300.jpg 206w, https:\/\/unlisters.com\/wp-content\/uploads\/2026\/03\/unlisters_off_market_deals-702x1024.jpg 702w, https:\/\/unlisters.com\/wp-content\/uploads\/2026\/03\/unlisters_off_market_deals-768x1121.jpg 768w, https:\/\/unlisters.com\/wp-content\/uploads\/2026\/03\/unlisters_off_market_deals-1052x1536.jpg 1052w, https:\/\/unlisters.com\/wp-content\/uploads\/2026\/03\/unlisters_off_market_deals-8x12.jpg 8w\" sizes=\"auto, (max-width: 1201px) 100vw, 1201px\" \/><\/p>\n<\/div>\n<\/div><\/div><\/div><\/div><\/div><div id=\"pg-gb33-69ecd93111b7b-1\"  class=\"panel-grid panel-has-style\" ><div class=\"panel-row-style panel-row-style-for-gb33-69ecd93111b7b-1\" ><div id=\"pgc-gb33-69ecd93111b7b-1-0\"  class=\"panel-grid-cell\" ><div id=\"panel-gb33-69ecd93111b7b-1-0-0\" class=\"so-panel widget widget_sow-editor panel-first-child panel-last-child\" data-index=\"2\" ><div id=\"more\" class=\"panel-widget-style panel-widget-style-for-gb33-69ecd93111b7b-1-0-0\" ><div\n\t\t\t\n\t\t\tclass=\"so-widget-sow-editor so-widget-sow-editor-base\"\n\t\t\t\n\t\t>\n<div class=\"siteorigin-widget-tinymce textwidget\">\n\t<div class=\"bold-statement\">A probl\u00e9ma<\/div>\n<h2>Mi\u00e9rt l\u00e9pnek tov\u00e1bb az ingatlan\u00fcgyn\u00f6k\u00f6k a WhatsAppon \u00e9s az e-mailen<\/h2>\n<p>Az off-market aj\u00e1nlatok WhatsApp-csoportokban, e-mailes besz\u00e9lget\u00e9sekben \u00e9s priv\u00e1t \u00fczenetekben sz\u00f3r\u00f3dnak sz\u00e9t. Az inform\u00e1ci\u00f3k elvesznek, az \u00e1tl\u00e1that\u00f3s\u00e1g hi\u00e1nyzik, \u00e9s a kontroll abban a pillanatban megsz\u0171nik, amikor megnyomja a \u201ek\u00fcld\u00e9s\u201d gombot.<\/p>\n<\/div>\n<\/div><\/div><\/div><\/div><div id=\"pgc-gb33-69ecd93111b7b-1-1\"  class=\"panel-grid-cell\" ><div id=\"panel-gb33-69ecd93111b7b-1-1-0\" class=\"so-panel widget widget_sow-editor panel-first-child panel-last-child\" data-index=\"3\" ><div id=\"more\" class=\"panel-widget-style panel-widget-style-for-gb33-69ecd93111b7b-1-1-0\" ><div\n\t\t\t\n\t\t\tclass=\"so-widget-sow-editor so-widget-sow-editor-base\"\n\t\t\t\n\t\t>\n<div class=\"siteorigin-widget-tinymce textwidget\">\n\t<div class=\"bold-statement\">Az okosabb \u00fat<\/div>\n<h2>Unlisters nahrazuje nep\u0159ehledn\u00e9 sd\u00edlen\u00ed nab\u00eddek jedn\u00edm kontrolovan\u00fdm pracovn\u00edm prost\u0159ed\u00edm pro profesion\u00e1ly.<\/h2>\n<ul class=\"unlisters-ul\">\n<li>Az aj\u00e1nlatok kereshet\u0151k, nem vesznek el a cseveg\u00e9sek el\u0151zm\u00e9nyeiben<\/li>\n<li>A l\u00e1that\u00f3s\u00e1g sz\u00e1nd\u00e9kos, nem v\u00e9letlen<\/li>\n<li>A hozz\u00e1f\u00e9r\u00e9s az ellen\u0151rz\u00f6tt br\u00f3kerekre korl\u00e1toz\u00f3dik, opcion\u00e1lis priv\u00e1t csoportokkal, amelyeket \u00d6n ir\u00e1ny\u00edt<\/li>\n<\/ul>\n<\/div>\n<\/div><\/div><\/div><\/div><\/div><\/div><div id=\"pg-gb33-69ecd93111b7b-2\"  class=\"panel-grid panel-has-style\" ><div class=\"siteorigin-panels-stretch panel-row-style panel-row-style-for-gb33-69ecd93111b7b-2\" data-stretch-type=\"full\" ><div id=\"pgc-gb33-69ecd93111b7b-2-0\"  class=\"panel-grid-cell\" ><div id=\"panel-gb33-69ecd93111b7b-2-0-0\" class=\"so-panel widget widget_sow-editor panel-first-child panel-last-child\" data-index=\"4\" ><div id=\"more\" class=\"panel-widget-style panel-widget-style-for-gb33-69ecd93111b7b-2-0-0\" ><div\n\t\t\t\n\t\t\tclass=\"so-widget-sow-editor so-widget-sow-editor-base\"\n\t\t\t\n\t\t>\n<div class=\"siteorigin-widget-tinymce textwidget\">\n\t<div class=\"bold-statement\">A legjobb aj\u00e1nlatok nem ker\u00fclnek nyilv\u00e1noss\u00e1gra<\/div>\n<p>Nem ker\u00fclnek nyilv\u00e1noss\u00e1gra, hanem megb\u00edzhat\u00f3 br\u00f3kerh\u00e1l\u00f3zatokon kereszt\u00fcl terjednek, nem pedig nyilv\u00e1nos hirdet\u00e9si port\u00e1lokon.<\/p>\n<\/div>\n<\/div><\/div><\/div><\/div><div id=\"pgc-gb33-69ecd93111b7b-2-1\"  class=\"panel-grid-cell\" ><div id=\"panel-gb33-69ecd93111b7b-2-1-0\" class=\"so-panel widget widget_sow-editor panel-first-child\" data-index=\"5\" ><div id=\"price\" class=\"panel-widget-style panel-widget-style-for-gb33-69ecd93111b7b-2-1-0\" ><div\n\t\t\t\n\t\t\tclass=\"so-widget-sow-editor so-widget-sow-editor-base\"\n\t\t\t\n\t\t>\n<div class=\"siteorigin-widget-tinymce textwidget\">\n\t<div class=\"bold-statement\">Csatlakozzon a h\u00e1l\u00f3zathoz<\/div>\n<p class=\"translation-block\">Hozzon l\u00e9tre egy ingyenes fi\u00f3kot, \u00e9s kezdje el felfedezni \u00e9s megosztani az off-market aj\u00e1nlatokat \u2014 teljes kontrollal afelett, hogy ki mit l\u00e1t.<\/p>\n<p><em>Csak ellen\u0151rz\u00f6tt ingatlan\u00fcgyn\u00f6k\u00f6k. Nincsenek nyilv\u00e1nos hirdet\u00e9sek.<\/em><\/p>\n<\/div>\n<\/div><\/div><\/div><div id=\"panel-gb33-69ecd93111b7b-2-1-1\" class=\"so-panel widget widget_sow-editor panel-last-child\" data-index=\"6\" ><div id=\"price\" class=\"panel-widget-style panel-widget-style-for-gb33-69ecd93111b7b-2-1-1\" ><div\n\t\t\t\n\t\t\tclass=\"so-widget-sow-editor so-widget-sow-editor-base\"\n\t\t\t\n\t\t>\n<div class=\"siteorigin-widget-tinymce textwidget\">\n\t<p><a href=\"https:\/\/app.unlisters.com\/en\/users\/sign_up\" class=\"my-button-style\" onclick=\"gtag('event', 'click_signup_button_unlisters', {'transport_type': 'beacon'});\">Csatlakoz\u00e1s ingyen<\/a><\/p>\n<\/div>\n<\/div><\/div><\/div><\/div><\/div><\/div><\/div>","protected":false},"excerpt":{"rendered":"<p>Hogyan m\u0171k\u00f6dik Ellen\u0151rizze, mint egy br\u00f3ker Fedezze fel a piacon k\u00edv\u00fcli aj\u00e1nlatokat a br\u00f3kerh\u00e1l\u00f3zatb\u00f3l Megoszt\u00e1s foglalkozik a h\u00e1l\u00f3zattal vagy priv\u00e1t csoportokban A probl\u00e9ma Mi\u00e9rt l\u00e9pnek t\u00fal a br\u00f3kerek a WhatsApp-on \u00e9s az e-maileken A piacon k\u00edv\u00fcli aj\u00e1nlatok sz\u00e9tsz\u00f3r\u00f3dnak a WhatsApp csoportokban, az e-mail sz\u00e1lakban \u00e9s a priv\u00e1t \u00fczenetekben. Az inform\u00e1ci\u00f3 elveszik, a l\u00e1that\u00f3s\u00e1g nem vil\u00e1gos, \u00e9s az ellen\u0151rz\u00e9s elt\u0171nik abban a pillanatban... <a title=\"Unlisters\" class=\"read-more\" href=\"https:\/\/unlisters.com\/hu\/\" aria-label=\"Tov\u00e1bbi inform\u00e1ci\u00f3 Unlisters tartalommal kapcsolatosan\">Olvass tov\u00e1bb<\/a><\/p>","protected":false},"author":1,"featured_media":520,"parent":0,"menu_order":0,"comment_status":"closed","ping_status":"closed","template":"","meta":{"inline_featured_image":false,"footnotes":""},"class_list":["post-33","page","type-page","status-publish","has-post-thumbnail"],"yoast_head":"<!-- This site is optimized with the Yoast SEO plugin v27.1.1 - https:\/\/yoast.com\/product\/yoast-seo-wordpress\/ -->\n<title>Unlisters | Free Off-Market Deal Network for Real Estate Brokers<\/title>\n<meta name=\"description\" content=\"Discover and share off-market real estate deals in a free, broker-only network designed for controlled visibility and private groups.\" \/>\n<meta name=\"robots\" content=\"index, follow, max-snippet:-1, max-image-preview:large, max-video-preview:-1\" \/>\n<link rel=\"canonical\" href=\"https:\/\/unlisters.com\/hu\/\" \/>\n<meta property=\"og:locale\" content=\"hu_HU\" \/>\n<meta property=\"og:type\" content=\"article\" \/>\n<meta property=\"og:title\" content=\"Unlisters | Free Off-Market Deal Network for Real Estate Brokers\" \/>\n<meta property=\"og:description\" content=\"Discover and share off-market real estate deals in a free, broker-only network designed for controlled visibility and private groups.\" \/>\n<meta property=\"og:url\" content=\"https:\/\/unlisters.com\/hu\/\" \/>\n<meta property=\"og:site_name\" content=\"Unlisters\" \/>\n<meta property=\"article:publisher\" content=\"https:\/\/www.facebook.com\/unlisters\" \/>\n<meta property=\"article:modified_time\" content=\"2026-03-12T06:38:57+00:00\" \/>\n<meta property=\"og:image\" content=\"https:\/\/unlisters.com\/wp-content\/uploads\/2025\/08\/unlisters_business_offmarket.jpg\" \/>\n\t<meta property=\"og:image:width\" content=\"1200\" \/>\n\t<meta property=\"og:image:height\" content=\"1000\" \/>\n\t<meta property=\"og:image:type\" content=\"image\/jpeg\" \/>\n<meta name=\"twitter:card\" content=\"summary_large_image\" \/>\n<meta name=\"twitter:label1\" content=\"Becs\u00fclt olvas\u00e1si id\u0151\" \/>\n\t<meta name=\"twitter:data1\" content=\"2 minutes\" \/>\n<script type=\"application\/ld+json\" class=\"yoast-schema-graph\">{\"@context\":\"https:\/\/schema.org\",\"@graph\":[{\"@type\":\"WebPage\",\"@id\":\"https:\/\/unlisters.com\/\",\"url\":\"https:\/\/unlisters.com\/\",\"name\":\"Unlisters | Free Off-Market Deal Network for Real Estate Brokers\",\"isPartOf\":{\"@id\":\"https:\/\/unlisters.com\/#website\"},\"primaryImageOfPage\":{\"@id\":\"https:\/\/unlisters.com\/#primaryimage\"},\"image\":{\"@id\":\"https:\/\/unlisters.com\/#primaryimage\"},\"thumbnailUrl\":\"https:\/\/unlisters.com\/wp-content\/uploads\/2025\/08\/unlisters_business_offmarket.jpg\",\"datePublished\":\"2025-04-25T07:09:15+00:00\",\"dateModified\":\"2026-03-12T06:38:57+00:00\",\"description\":\"Discover and share off-market real estate deals in a free, broker-only network designed for controlled visibility and private groups.\",\"breadcrumb\":{\"@id\":\"https:\/\/unlisters.com\/#breadcrumb\"},\"inLanguage\":\"hu-HU\",\"potentialAction\":[{\"@type\":\"ReadAction\",\"target\":[\"https:\/\/unlisters.com\/\"]}]},{\"@type\":\"ImageObject\",\"inLanguage\":\"hu-HU\",\"@id\":\"https:\/\/unlisters.com\/#primaryimage\",\"url\":\"https:\/\/unlisters.com\/wp-content\/uploads\/2025\/08\/unlisters_business_offmarket.jpg\",\"contentUrl\":\"https:\/\/unlisters.com\/wp-content\/uploads\/2025\/08\/unlisters_business_offmarket.jpg\",\"width\":1200,\"height\":1000},{\"@type\":\"BreadcrumbList\",\"@id\":\"https:\/\/unlisters.com\/#breadcrumb\",\"itemListElement\":[{\"@type\":\"ListItem\",\"position\":1,\"name\":\"Domovsk\u00e1 str\u00e1nka\",\"item\":\"https:\/\/unlisters.com\/\"},{\"@type\":\"ListItem\",\"position\":2,\"name\":\"Unlisters\"}]},{\"@type\":\"WebSite\",\"@id\":\"https:\/\/unlisters.com\/#website\",\"url\":\"https:\/\/unlisters.com\/\",\"name\":\"Unlisters\",\"description\":\"Where Brokers Connect\",\"publisher\":{\"@id\":\"https:\/\/unlisters.com\/#organization\"},\"potentialAction\":[{\"@type\":\"SearchAction\",\"target\":{\"@type\":\"EntryPoint\",\"urlTemplate\":\"https:\/\/unlisters.com\/?s={search_term_string}\"},\"query-input\":{\"@type\":\"PropertyValueSpecification\",\"valueRequired\":true,\"valueName\":\"search_term_string\"}}],\"inLanguage\":\"hu-HU\"},{\"@type\":\"Organization\",\"@id\":\"https:\/\/unlisters.com\/#organization\",\"name\":\"Unlisters\",\"url\":\"https:\/\/unlisters.com\/\",\"logo\":{\"@type\":\"ImageObject\",\"inLanguage\":\"hu-HU\",\"@id\":\"https:\/\/unlisters.com\/#\/schema\/logo\/image\/\",\"url\":\"https:\/\/unlisters.com\/wp-content\/uploads\/2025\/06\/FAVICO_unlisters-01.png\",\"contentUrl\":\"https:\/\/unlisters.com\/wp-content\/uploads\/2025\/06\/FAVICO_unlisters-01.png\",\"width\":500,\"height\":500,\"caption\":\"Unlisters\"},\"image\":{\"@id\":\"https:\/\/unlisters.com\/#\/schema\/logo\/image\/\"},\"sameAs\":[\"https:\/\/www.facebook.com\/unlisters\",\"https:\/\/www.linkedin.com\/company\/unlisters\"]}]}<\/script>\n<!-- \/ Yoast SEO plugin. -->","yoast_head_json":{"title":"Unlisters | Free Off-Market Deal Network for Real Estate Brokers","description":"Discover and share off-market real estate deals in a free, broker-only network designed for controlled visibility and private groups.","robots":{"index":"index","follow":"follow","max-snippet":"max-snippet:-1","max-image-preview":"max-image-preview:large","max-video-preview":"max-video-preview:-1"},"canonical":"https:\/\/unlisters.com\/hu\/","og_locale":"hu_HU","og_type":"article","og_title":"Unlisters | Free Off-Market Deal Network for Real Estate Brokers","og_description":"Discover and share off-market real estate deals in a free, broker-only network designed for controlled visibility and private groups.","og_url":"https:\/\/unlisters.com\/hu\/","og_site_name":"Unlisters","article_publisher":"https:\/\/www.facebook.com\/unlisters","article_modified_time":"2026-03-12T06:38:57+00:00","og_image":[{"width":1200,"height":1000,"url":"https:\/\/unlisters.com\/wp-content\/uploads\/2025\/08\/unlisters_business_offmarket.jpg","type":"image\/jpeg"}],"twitter_card":"summary_large_image","twitter_misc":{"Becs\u00fclt olvas\u00e1si id\u0151":"2 minutes"},"schema":{"@context":"https:\/\/schema.org","@graph":[{"@type":"WebPage","@id":"https:\/\/unlisters.com\/","url":"https:\/\/unlisters.com\/","name":"Unlisters | Free Off-Market Deal Network for Real Estate Brokers","isPartOf":{"@id":"https:\/\/unlisters.com\/#website"},"primaryImageOfPage":{"@id":"https:\/\/unlisters.com\/#primaryimage"},"image":{"@id":"https:\/\/unlisters.com\/#primaryimage"},"thumbnailUrl":"https:\/\/unlisters.com\/wp-content\/uploads\/2025\/08\/unlisters_business_offmarket.jpg","datePublished":"2025-04-25T07:09:15+00:00","dateModified":"2026-03-12T06:38:57+00:00","description":"Discover and share off-market real estate deals in a free, broker-only network designed for controlled visibility and private groups.","breadcrumb":{"@id":"https:\/\/unlisters.com\/#breadcrumb"},"inLanguage":"hu-HU","potentialAction":[{"@type":"ReadAction","target":["https:\/\/unlisters.com\/"]}]},{"@type":"ImageObject","inLanguage":"hu-HU","@id":"https:\/\/unlisters.com\/#primaryimage","url":"https:\/\/unlisters.com\/wp-content\/uploads\/2025\/08\/unlisters_business_offmarket.jpg","contentUrl":"https:\/\/unlisters.com\/wp-content\/uploads\/2025\/08\/unlisters_business_offmarket.jpg","width":1200,"height":1000},{"@type":"BreadcrumbList","@id":"https:\/\/unlisters.com\/#breadcrumb","itemListElement":[{"@type":"ListItem","position":1,"name":"Domovsk\u00e1 str\u00e1nka","item":"https:\/\/unlisters.com\/"},{"@type":"ListItem","position":2,"name":"Unlisters"}]},{"@type":"WebSite","@id":"https:\/\/unlisters.com\/#website","url":"https:\/\/unlisters.com\/","name":"Unlisters","description":"Where Brokers Connect","publisher":{"@id":"https:\/\/unlisters.com\/#organization"},"potentialAction":[{"@type":"SearchAction","target":{"@type":"EntryPoint","urlTemplate":"https:\/\/unlisters.com\/?s={search_term_string}"},"query-input":{"@type":"PropertyValueSpecification","valueRequired":true,"valueName":"search_term_string"}}],"inLanguage":"hu-HU"},{"@type":"Organization","@id":"https:\/\/unlisters.com\/#organization","name":"Unlisters","url":"https:\/\/unlisters.com\/","logo":{"@type":"ImageObject","inLanguage":"hu-HU","@id":"https:\/\/unlisters.com\/#\/schema\/logo\/image\/","url":"https:\/\/unlisters.com\/wp-content\/uploads\/2025\/06\/FAVICO_unlisters-01.png","contentUrl":"https:\/\/unlisters.com\/wp-content\/uploads\/2025\/06\/FAVICO_unlisters-01.png","width":500,"height":500,"caption":"Unlisters"},"image":{"@id":"https:\/\/unlisters.com\/#\/schema\/logo\/image\/"},"sameAs":["https:\/\/www.facebook.com\/unlisters","https:\/\/www.linkedin.com\/company\/unlisters"]}]}},"_links":{"self":[{"href":"https:\/\/unlisters.com\/hu\/wp-json\/wp\/v2\/pages\/33","targetHints":{"allow":["GET"]}}],"collection":[{"href":"https:\/\/unlisters.com\/hu\/wp-json\/wp\/v2\/pages"}],"about":[{"href":"https:\/\/unlisters.com\/hu\/wp-json\/wp\/v2\/types\/page"}],"author":[{"embeddable":true,"href":"https:\/\/unlisters.com\/hu\/wp-json\/wp\/v2\/users\/1"}],"replies":[{"embeddable":true,"href":"https:\/\/unlisters.com\/hu\/wp-json\/wp\/v2\/comments?post=33"}],"version-history":[{"count":217,"href":"https:\/\/unlisters.com\/hu\/wp-json\/wp\/v2\/pages\/33\/revisions"}],"predecessor-version":[{"id":800,"href":"https:\/\/unlisters.com\/hu\/wp-json\/wp\/v2\/pages\/33\/revisions\/800"}],"wp:featuredmedia":[{"embeddable":true,"href":"https:\/\/unlisters.com\/hu\/wp-json\/wp\/v2\/media\/520"}],"wp:attachment":[{"href":"https:\/\/unlisters.com\/hu\/wp-json\/wp\/v2\/media?parent=33"}],"curies":[{"name":"wp","href":"https:\/\/api.w.org\/{rel}","templated":true}]}}