{"id":547,"date":"2025-11-12T10:15:44","date_gmt":"2025-11-12T09:15:44","guid":{"rendered":"https:\/\/unlisters.com\/?page_id=547"},"modified":"2025-12-06T17:54:42","modified_gmt":"2025-12-06T16:54:42","slug":"for-brokers","status":"publish","type":"page","link":"https:\/\/unlisters.com\/es\/for-brokers\/","title":{"rendered":"Para corredores"},"content":{"rendered":"<div id=\"pl-gb547-69f3868668689\"  class=\"panel-layout\" ><div id=\"pg-gb547-69f3868668689-0\"  class=\"panel-grid panel-no-style\" ><div id=\"pgc-gb547-69f3868668689-0-0\"  class=\"panel-grid-cell\" ><div id=\"panel-gb547-69f3868668689-0-0-0\" class=\"so-panel widget widget_sow-editor panel-first-child panel-last-child\" data-index=\"0\" ><div\n\t\t\t\n\t\t\tclass=\"so-widget-sow-editor so-widget-sow-editor-base\"\n\t\t\t\n\t\t>\n<div class=\"siteorigin-widget-tinymce textwidget\">\n\t<div class=\"features-mini\">Desbloquear Oportunidades Ocultas en Bienes Ra\u00edces<\/div>\n<h2>Acceda a listados exclusivos fuera del mercado y con\u00e9ctese con profesionales verificados en todo el mundo<\/h2>\n<p>Unlisters ofrece a los corredores un canal directo para compartir y descubrir ofertas de bienes ra\u00edces fuera del mercado antes de que lleguen al mercado p\u00fablico. Haga crecer su red y acceda a un flujo de acuerdos exclusivo que lo ayuda a mantenerse un paso por delante de la competencia.<\/p>\n<\/div>\n<\/div><\/div><\/div><div id=\"pgc-gb547-69f3868668689-0-1\"  class=\"panel-grid-cell\" ><div id=\"panel-gb547-69f3868668689-0-1-0\" class=\"so-panel widget widget_sow-editor panel-first-child panel-last-child\" data-index=\"1\" ><div\n\t\t\t\n\t\t\tclass=\"so-widget-sow-editor so-widget-sow-editor-base\"\n\t\t\t\n\t\t>\n<div class=\"siteorigin-widget-tinymce textwidget\">\n\t<p><img loading=\"lazy\" decoding=\"async\" class=\"alignnone size-large wp-image-578\" src=\"https:\/\/unlisters.com\/wp-content\/uploads\/2025\/11\/off-market-real-estate-deals-683x1024.jpg\" alt=\"\" width=\"683\" height=\"1024\" srcset=\"https:\/\/unlisters.com\/wp-content\/uploads\/2025\/11\/off-market-real-estate-deals-683x1024.jpg 683w, https:\/\/unlisters.com\/wp-content\/uploads\/2025\/11\/off-market-real-estate-deals-200x300.jpg 200w, https:\/\/unlisters.com\/wp-content\/uploads\/2025\/11\/off-market-real-estate-deals-768x1151.jpg 768w, https:\/\/unlisters.com\/wp-content\/uploads\/2025\/11\/off-market-real-estate-deals-1025x1536.jpg 1025w, https:\/\/unlisters.com\/wp-content\/uploads\/2025\/11\/off-market-real-estate-deals-8x12.jpg 8w, https:\/\/unlisters.com\/wp-content\/uploads\/2025\/11\/off-market-real-estate-deals.jpg 1201w\" sizes=\"auto, (max-width: 683px) 100vw, 683px\" \/><\/p>\n<\/div>\n<\/div><\/div><\/div><\/div><div id=\"pg-gb547-69f3868668689-1\"  class=\"panel-grid panel-has-style\" ><div class=\"panel-row-style panel-row-style-for-gb547-69f3868668689-1\" ><div id=\"pgc-gb547-69f3868668689-1-0\"  class=\"panel-grid-cell\" ><div id=\"panel-gb547-69f3868668689-1-0-0\" class=\"so-panel widget widget_sow-editor panel-first-child panel-last-child\" data-index=\"2\" ><div\n\t\t\t\n\t\t\tclass=\"so-widget-sow-editor so-widget-sow-editor-base\"\n\t\t\t\n\t\t>\n<div class=\"siteorigin-widget-tinymce textwidget\">\n\t<p><img loading=\"lazy\" decoding=\"async\" class=\"alignnone size-large wp-image-581\" src=\"https:\/\/unlisters.com\/wp-content\/uploads\/2025\/11\/startup-for-real-estate-brokers-1024x577.jpg\" alt=\"\" width=\"1024\" height=\"577\" srcset=\"https:\/\/unlisters.com\/wp-content\/uploads\/2025\/11\/startup-for-real-estate-brokers-1024x577.jpg 1024w, https:\/\/unlisters.com\/wp-content\/uploads\/2025\/11\/startup-for-real-estate-brokers-300x169.jpg 300w, https:\/\/unlisters.com\/wp-content\/uploads\/2025\/11\/startup-for-real-estate-brokers-768x433.jpg 768w, https:\/\/unlisters.com\/wp-content\/uploads\/2025\/11\/startup-for-real-estate-brokers-18x10.jpg 18w, https:\/\/unlisters.com\/wp-content\/uploads\/2025\/11\/startup-for-real-estate-brokers.jpg 1199w\" sizes=\"auto, (max-width: 1024px) 100vw, 1024px\" \/><\/p>\n<\/div>\n<\/div><\/div><\/div><div id=\"pgc-gb547-69f3868668689-1-1\"  class=\"panel-grid-cell\" ><div id=\"panel-gb547-69f3868668689-1-1-0\" class=\"so-panel widget widget_sow-editor panel-first-child panel-last-child\" data-index=\"3\" ><div\n\t\t\t\n\t\t\tclass=\"so-widget-sow-editor so-widget-sow-editor-base\"\n\t\t\t\n\t\t>\n<div class=\"siteorigin-widget-tinymce textwidget\">\n\t<div class=\"features-mini\">Gana m\u00e1s con cada conexi\u00f3n<\/div>\n<h2>Convierta su red en una fuente constante de ofertas fuera del mercado<\/h2>\n<p>Con Unlisters, cada contacto verificado se convierte en una fuente de ingresos potencial. Haga una lista de sus propias propiedades fuera del mercado, intercambie clientes potenciales y descubra oportunidades de inversi\u00f3n exclusivas para sus clientes. Facilitamos la cooperaci\u00f3n, para que pase menos tiempo prospecndo y m\u00e1s tiempo cerrando.<\/p>\n<\/div>\n<\/div><\/div><\/div><\/div><\/div><div id=\"pg-gb547-69f3868668689-2\"  class=\"panel-grid panel-no-style\" ><div id=\"pgc-gb547-69f3868668689-2-0\"  class=\"panel-grid-cell\" ><div id=\"panel-gb547-69f3868668689-2-0-0\" class=\"so-panel widget widget_sow-editor panel-first-child panel-last-child\" data-index=\"4\" ><div\n\t\t\t\n\t\t\tclass=\"so-widget-sow-editor so-widget-sow-editor-base\"\n\t\t\t\n\t\t>\n<div class=\"siteorigin-widget-tinymce textwidget\">\n\t<div class=\"features-mini\">Colabora, no compitas<\/div>\n<h2>Construya asociaciones s\u00f3lidas con corredores que compartan sus objetivos<\/h2>\n<p>A trav\u00e9s de Unlisters, puede co-listar, referir o colaborar f\u00e1cilmente en transacciones privadas. Nuestra plataforma de colaboraci\u00f3n inmobiliaria le ayuda a encontrar el socio adecuado para cada operaci\u00f3n, ya sea que est\u00e9 buscando un agente comprador en el extranjero, un contacto legal para transacciones transfronterizas o un corredor local para compartir una cotizaci\u00f3n discretamente. <\/p>\n<p>\u00bfEl resultado? Acuerdos m\u00e1s completos, procesos m\u00e1s fluidos y relaciones profesionales duraderas basadas en la confianza y la transparencia.<\/p>\n<\/div>\n<\/div><\/div><\/div><div id=\"pgc-gb547-69f3868668689-2-1\"  class=\"panel-grid-cell\" ><div id=\"panel-gb547-69f3868668689-2-1-0\" class=\"so-panel widget widget_sow-editor panel-first-child panel-last-child\" data-index=\"5\" ><div class=\"join-form panel-widget-style panel-widget-style-for-gb547-69f3868668689-2-1-0\" ><div\n\t\t\t\n\t\t\tclass=\"so-widget-sow-editor so-widget-sow-editor-base\"\n\t\t\t\n\t\t>\n<div class=\"siteorigin-widget-tinymce textwidget\">\n\t<div class=\"features-mini\">\u00danete a la Red de Corredores Verificados<\/div>\n<h2>Comience a descubrir oportunidades fuera del mercado hoy<\/h2>\n<p>Cree su perfil de Unlisters y con\u00e9ctese con agentes verificados, inversores y profesionales legales. Comparte anuncios de forma segura, encuentra nuevos socios y haz crecer tu negocio a trav\u00e9s de una colaboraci\u00f3n real, no de la competencia.<\/p>\n<p><a href=\"https:\/\/app.unlisters.com\/users\/sign_up\"><button>Registrarse<\/button><\/a><\/p>\n<\/div>\n<\/div><\/div><\/div><\/div><\/div><\/div>","protected":false},"excerpt":{"rendered":"<p>Acceda a listados exclusivos fuera del mercado y con\u00e9ctese con profesionales verificados en todo el mundo Unlisters ofrece a los corredores un canal directo para compartir y descubrir ofertas de bienes ra\u00edces fuera del mercado antes de que lleguen al mercado p\u00fablico. Haga crecer su red y acceda a un flujo de acuerdos exclusivo que lo ayuda a mantenerse un paso por delante de la competencia. Gane ... <a title=\"Para corredores\" class=\"read-more\" href=\"https:\/\/unlisters.com\/es\/for-brokers\/\" aria-label=\"Leer m\u00e1s sobre Para brokers\">Leer m\u00e1s<\/a><\/p>","protected":false},"author":1,"featured_media":0,"parent":0,"menu_order":0,"comment_status":"closed","ping_status":"closed","template":"","meta":{"inline_featured_image":false,"footnotes":""},"class_list":["post-547","page","type-page","status-publish"],"yoast_head":"<!-- This site is optimized with the Yoast SEO plugin v27.1.1 - https:\/\/yoast.com\/product\/yoast-seo-wordpress\/ -->\n<title>Unlisters for Brokers | Access Exclusive Off-Market Deals<\/title>\n<meta name=\"description\" content=\"Join Unlisters \u2014 the professional network to share, discover, and close off-market real estate deals worldwide. Collaborate. Earn. Grow.\" \/>\n<meta name=\"robots\" content=\"index, follow, max-snippet:-1, max-image-preview:large, max-video-preview:-1\" \/>\n<link rel=\"canonical\" href=\"https:\/\/unlisters.com\/es\/for-brokers\/\" \/>\n<meta property=\"og:locale\" content=\"es_ES\" \/>\n<meta property=\"og:type\" content=\"article\" \/>\n<meta property=\"og:title\" content=\"Unlisters for Brokers | Access Exclusive Off-Market Deals\" \/>\n<meta property=\"og:description\" content=\"Join Unlisters \u2014 the professional network to share, discover, and close off-market real estate deals worldwide. Collaborate. Earn. Grow.\" \/>\n<meta property=\"og:url\" content=\"https:\/\/unlisters.com\/es\/for-brokers\/\" \/>\n<meta property=\"og:site_name\" content=\"Unlisters\" \/>\n<meta property=\"article:publisher\" content=\"https:\/\/www.facebook.com\/unlisters\" \/>\n<meta property=\"article:modified_time\" content=\"2025-12-06T16:54:42+00:00\" \/>\n<meta property=\"og:image\" content=\"https:\/\/unlisters.com\/wp-content\/uploads\/2025\/04\/real-estate-deals.jpg\" \/>\n\t<meta property=\"og:image:width\" content=\"2000\" \/>\n\t<meta property=\"og:image:height\" content=\"1333\" \/>\n\t<meta property=\"og:image:type\" content=\"image\/jpeg\" \/>\n<meta name=\"twitter:card\" content=\"summary_large_image\" \/>\n<meta name=\"twitter:label1\" content=\"Tiempo de lectura\" \/>\n\t<meta name=\"twitter:data1\" content=\"2 minutes\" \/>\n<script type=\"application\/ld+json\" class=\"yoast-schema-graph\">{\"@context\":\"https:\/\/schema.org\",\"@graph\":[{\"@type\":\"WebPage\",\"@id\":\"https:\/\/unlisters.com\/for-brokers\/\",\"url\":\"https:\/\/unlisters.com\/for-brokers\/\",\"name\":\"Unlisters for Brokers | Access Exclusive Off-Market Deals\",\"isPartOf\":{\"@id\":\"https:\/\/unlisters.com\/#website\"},\"datePublished\":\"2025-11-12T09:15:44+00:00\",\"dateModified\":\"2025-12-06T16:54:42+00:00\",\"description\":\"Join Unlisters \u2014 the professional network to share, discover, and close off-market real estate deals worldwide. Collaborate. Earn. Grow.\",\"breadcrumb\":{\"@id\":\"https:\/\/unlisters.com\/for-brokers\/#breadcrumb\"},\"inLanguage\":\"es-ES\",\"potentialAction\":[{\"@type\":\"ReadAction\",\"target\":[\"https:\/\/unlisters.com\/for-brokers\/\"]}]},{\"@type\":\"BreadcrumbList\",\"@id\":\"https:\/\/unlisters.com\/for-brokers\/#breadcrumb\",\"itemListElement\":[{\"@type\":\"ListItem\",\"position\":1,\"name\":\"Domovsk\u00e1 str\u00e1nka\",\"item\":\"https:\/\/unlisters.com\/\"},{\"@type\":\"ListItem\",\"position\":2,\"name\":\"For brokers\"}]},{\"@type\":\"WebSite\",\"@id\":\"https:\/\/unlisters.com\/#website\",\"url\":\"https:\/\/unlisters.com\/\",\"name\":\"Unlisters\",\"description\":\"Where Brokers Connect\",\"publisher\":{\"@id\":\"https:\/\/unlisters.com\/#organization\"},\"potentialAction\":[{\"@type\":\"SearchAction\",\"target\":{\"@type\":\"EntryPoint\",\"urlTemplate\":\"https:\/\/unlisters.com\/?s={search_term_string}\"},\"query-input\":{\"@type\":\"PropertyValueSpecification\",\"valueRequired\":true,\"valueName\":\"search_term_string\"}}],\"inLanguage\":\"es-ES\"},{\"@type\":\"Organization\",\"@id\":\"https:\/\/unlisters.com\/#organization\",\"name\":\"Unlisters\",\"url\":\"https:\/\/unlisters.com\/\",\"logo\":{\"@type\":\"ImageObject\",\"inLanguage\":\"es-ES\",\"@id\":\"https:\/\/unlisters.com\/#\/schema\/logo\/image\/\",\"url\":\"https:\/\/unlisters.com\/wp-content\/uploads\/2025\/06\/FAVICO_unlisters-01.png\",\"contentUrl\":\"https:\/\/unlisters.com\/wp-content\/uploads\/2025\/06\/FAVICO_unlisters-01.png\",\"width\":500,\"height\":500,\"caption\":\"Unlisters\"},\"image\":{\"@id\":\"https:\/\/unlisters.com\/#\/schema\/logo\/image\/\"},\"sameAs\":[\"https:\/\/www.facebook.com\/unlisters\",\"https:\/\/www.linkedin.com\/company\/unlisters\"]}]}<\/script>\n<!-- \/ Yoast SEO plugin. -->","yoast_head_json":{"title":"Unlisters for Brokers | Access Exclusive Off-Market Deals","description":"Join Unlisters \u2014 the professional network to share, discover, and close off-market real estate deals worldwide. Collaborate. Earn. Grow.","robots":{"index":"index","follow":"follow","max-snippet":"max-snippet:-1","max-image-preview":"max-image-preview:large","max-video-preview":"max-video-preview:-1"},"canonical":"https:\/\/unlisters.com\/es\/for-brokers\/","og_locale":"es_ES","og_type":"article","og_title":"Unlisters for Brokers | Access Exclusive Off-Market Deals","og_description":"Join Unlisters \u2014 the professional network to share, discover, and close off-market real estate deals worldwide. Collaborate. Earn. Grow.","og_url":"https:\/\/unlisters.com\/es\/for-brokers\/","og_site_name":"Unlisters","article_publisher":"https:\/\/www.facebook.com\/unlisters","article_modified_time":"2025-12-06T16:54:42+00:00","og_image":[{"width":2000,"height":1333,"url":"https:\/\/unlisters.com\/wp-content\/uploads\/2025\/04\/real-estate-deals.jpg","type":"image\/jpeg"}],"twitter_card":"summary_large_image","twitter_misc":{"Tiempo de lectura":"2 minutes"},"schema":{"@context":"https:\/\/schema.org","@graph":[{"@type":"WebPage","@id":"https:\/\/unlisters.com\/for-brokers\/","url":"https:\/\/unlisters.com\/for-brokers\/","name":"Unlisters for Brokers | Access Exclusive Off-Market Deals","isPartOf":{"@id":"https:\/\/unlisters.com\/#website"},"datePublished":"2025-11-12T09:15:44+00:00","dateModified":"2025-12-06T16:54:42+00:00","description":"Join Unlisters \u2014 the professional network to share, discover, and close off-market real estate deals worldwide. Collaborate. Earn. Grow.","breadcrumb":{"@id":"https:\/\/unlisters.com\/for-brokers\/#breadcrumb"},"inLanguage":"es-ES","potentialAction":[{"@type":"ReadAction","target":["https:\/\/unlisters.com\/for-brokers\/"]}]},{"@type":"BreadcrumbList","@id":"https:\/\/unlisters.com\/for-brokers\/#breadcrumb","itemListElement":[{"@type":"ListItem","position":1,"name":"Domovsk\u00e1 str\u00e1nka","item":"https:\/\/unlisters.com\/"},{"@type":"ListItem","position":2,"name":"For brokers"}]},{"@type":"WebSite","@id":"https:\/\/unlisters.com\/#website","url":"https:\/\/unlisters.com\/","name":"Unlisters","description":"Where Brokers Connect","publisher":{"@id":"https:\/\/unlisters.com\/#organization"},"potentialAction":[{"@type":"SearchAction","target":{"@type":"EntryPoint","urlTemplate":"https:\/\/unlisters.com\/?s={search_term_string}"},"query-input":{"@type":"PropertyValueSpecification","valueRequired":true,"valueName":"search_term_string"}}],"inLanguage":"es-ES"},{"@type":"Organization","@id":"https:\/\/unlisters.com\/#organization","name":"Unlisters","url":"https:\/\/unlisters.com\/","logo":{"@type":"ImageObject","inLanguage":"es-ES","@id":"https:\/\/unlisters.com\/#\/schema\/logo\/image\/","url":"https:\/\/unlisters.com\/wp-content\/uploads\/2025\/06\/FAVICO_unlisters-01.png","contentUrl":"https:\/\/unlisters.com\/wp-content\/uploads\/2025\/06\/FAVICO_unlisters-01.png","width":500,"height":500,"caption":"Unlisters"},"image":{"@id":"https:\/\/unlisters.com\/#\/schema\/logo\/image\/"},"sameAs":["https:\/\/www.facebook.com\/unlisters","https:\/\/www.linkedin.com\/company\/unlisters"]}]}},"_links":{"self":[{"href":"https:\/\/unlisters.com\/es\/wp-json\/wp\/v2\/pages\/547","targetHints":{"allow":["GET"]}}],"collection":[{"href":"https:\/\/unlisters.com\/es\/wp-json\/wp\/v2\/pages"}],"about":[{"href":"https:\/\/unlisters.com\/es\/wp-json\/wp\/v2\/types\/page"}],"author":[{"embeddable":true,"href":"https:\/\/unlisters.com\/es\/wp-json\/wp\/v2\/users\/1"}],"replies":[{"embeddable":true,"href":"https:\/\/unlisters.com\/es\/wp-json\/wp\/v2\/comments?post=547"}],"version-history":[{"count":19,"href":"https:\/\/unlisters.com\/es\/wp-json\/wp\/v2\/pages\/547\/revisions"}],"predecessor-version":[{"id":628,"href":"https:\/\/unlisters.com\/es\/wp-json\/wp\/v2\/pages\/547\/revisions\/628"}],"wp:attachment":[{"href":"https:\/\/unlisters.com\/es\/wp-json\/wp\/v2\/media?parent=547"}],"curies":[{"name":"wp","href":"https:\/\/api.w.org\/{rel}","templated":true}]}}