{"id":549,"date":"2025-11-12T10:15:55","date_gmt":"2025-11-12T09:15:55","guid":{"rendered":"https:\/\/unlisters.com\/?page_id=549"},"modified":"2025-12-06T17:54:05","modified_gmt":"2025-12-06T16:54:05","slug":"for-investors","status":"publish","type":"page","link":"https:\/\/unlisters.com\/de\/for-investors\/","title":{"rendered":"F\u00fcr Investoren"},"content":{"rendered":"<div id=\"pl-gb549-69ecec0537812\"  class=\"panel-layout\" ><div id=\"pg-gb549-69ecec0537812-0\"  class=\"panel-grid panel-no-style\" ><div id=\"pgc-gb549-69ecec0537812-0-0\"  class=\"panel-grid-cell\" ><div id=\"panel-gb549-69ecec0537812-0-0-0\" class=\"so-panel widget widget_sow-editor panel-first-child panel-last-child\" data-index=\"0\" ><div\n\t\t\t\n\t\t\tclass=\"so-widget-sow-editor so-widget-sow-editor-base\"\n\t\t\t\n\t\t>\n<div class=\"siteorigin-widget-tinymce textwidget\">\n\t<div class=\"features-mini\">Entdecken Sie Off-Market-Investitionsm\u00f6glichkeiten zuerst<\/div>\n<h2>Greifen Sie auf exklusive Immobilien- und Gesch\u00e4ftsangebote zu, bevor sie an die B\u00f6rse gehen<\/h2>\n<p>Unlisters verbindet Investoren mit verifizierten Maklern, Agenten und Dealmakern, die Off-Market-Immobilien und private Investitionsm\u00f6glichkeiten in mehreren Sektoren anbieten. \u00dcberspringen Sie die Gebotskriege und entdecken Sie exklusive Angebote, die nirgendwo anders aufgef\u00fchrt sind. <\/p>\n<p>Unabh\u00e4ngig davon, ob Sie ein Immobilienportfolio aufbauen oder nach einzigartigen Private-Equity-Investitionen suchen, hilft Ihnen Unlisters dabei, schneller auf die richtigen Angebote zuzugreifen.<\/p>\n<\/div>\n<\/div><\/div><\/div><div id=\"pgc-gb549-69ecec0537812-0-1\"  class=\"panel-grid-cell\" ><div id=\"panel-gb549-69ecec0537812-0-1-0\" class=\"so-panel widget widget_sow-editor panel-first-child panel-last-child\" data-index=\"1\" ><div\n\t\t\t\n\t\t\tclass=\"so-widget-sow-editor so-widget-sow-editor-base\"\n\t\t\t\n\t\t>\n<div class=\"siteorigin-widget-tinymce textwidget\">\n\t<p><img loading=\"lazy\" decoding=\"async\" class=\"alignnone wp-image-595 size-large\" src=\"https:\/\/unlisters.com\/wp-content\/uploads\/2025\/11\/Off-Market-Investment-Opportunities-767x1024.jpg\" alt=\"\" width=\"767\" height=\"1024\" srcset=\"https:\/\/unlisters.com\/wp-content\/uploads\/2025\/11\/Off-Market-Investment-Opportunities-767x1024.jpg 767w, https:\/\/unlisters.com\/wp-content\/uploads\/2025\/11\/Off-Market-Investment-Opportunities-225x300.jpg 225w, https:\/\/unlisters.com\/wp-content\/uploads\/2025\/11\/Off-Market-Investment-Opportunities-768x1025.jpg 768w, https:\/\/unlisters.com\/wp-content\/uploads\/2025\/11\/Off-Market-Investment-Opportunities-1150x1536.jpg 1150w, https:\/\/unlisters.com\/wp-content\/uploads\/2025\/11\/Off-Market-Investment-Opportunities-9x12.jpg 9w, https:\/\/unlisters.com\/wp-content\/uploads\/2025\/11\/Off-Market-Investment-Opportunities.jpg 1199w\" sizes=\"auto, (max-width: 767px) 100vw, 767px\" \/><\/p>\n<\/div>\n<\/div><\/div><\/div><\/div><div id=\"pg-gb549-69ecec0537812-1\"  class=\"panel-grid panel-no-style\" ><div id=\"pgc-gb549-69ecec0537812-1-0\"  class=\"panel-grid-cell\" ><div id=\"panel-gb549-69ecec0537812-1-0-0\" class=\"so-panel widget widget_sow-editor panel-first-child panel-last-child\" data-index=\"2\" ><div\n\t\t\t\n\t\t\tclass=\"so-widget-sow-editor so-widget-sow-editor-base\"\n\t\t\t\n\t\t>\n<div class=\"siteorigin-widget-tinymce textwidget\">\n\t<p><img loading=\"lazy\" decoding=\"async\" class=\"alignnone size-large wp-image-598\" src=\"https:\/\/unlisters.com\/wp-content\/uploads\/2025\/11\/Verified-Network-1024x683.jpg\" alt=\"\" width=\"1024\" height=\"683\" srcset=\"https:\/\/unlisters.com\/wp-content\/uploads\/2025\/11\/Verified-Network-1024x683.jpg 1024w, https:\/\/unlisters.com\/wp-content\/uploads\/2025\/11\/Verified-Network-300x200.jpg 300w, https:\/\/unlisters.com\/wp-content\/uploads\/2025\/11\/Verified-Network-768x512.jpg 768w, https:\/\/unlisters.com\/wp-content\/uploads\/2025\/11\/Verified-Network-18x12.jpg 18w, https:\/\/unlisters.com\/wp-content\/uploads\/2025\/11\/Verified-Network-272x182.jpg 272w, https:\/\/unlisters.com\/wp-content\/uploads\/2025\/11\/Verified-Network.jpg 1200w\" sizes=\"auto, (max-width: 1024px) 100vw, 1024px\" \/><\/p>\n<\/div>\n<\/div><\/div><\/div><div id=\"pgc-gb549-69ecec0537812-1-1\"  class=\"panel-grid-cell\" ><div id=\"panel-gb549-69ecec0537812-1-1-0\" class=\"so-panel widget widget_sow-editor panel-first-child panel-last-child\" data-index=\"3\" ><div\n\t\t\t\n\t\t\tclass=\"so-widget-sow-editor so-widget-sow-editor-base\"\n\t\t\t\n\t\t>\n<div class=\"siteorigin-widget-tinymce textwidget\">\n\t<div class=\"features-mini\">Verifiziertes Netzwerk, echte Chancen<\/div>\n<h2>Arbeiten Sie nur mit Profis, die echte, vorqualifizierte Angebote bringen<\/h2>\n<p>Jeder Kontakt auf Unlisters wird \u00fcberpr\u00fcft und genehmigt, um sicherzustellen, dass die Angebote und Einf\u00fchrungen, die Sie erhalten, von seri\u00f6sen Brokern und Partnern stammen. Unser Off-Market-Deal-Netzwerk hilft Investoren, Zeit zu sparen und L\u00e4rm zu vermeiden, indem es sich nur auf Verm\u00f6genswerte konzentriert, die Ihrer Anlagestrategie entsprechen. <\/p>\n<p>Sie erhalten eine direkte Kommunikation mit Maklern, Rechtsberatern und Verk\u00e4ufern \u2013 ein nahtloser Weg von der Entdeckung bis zum Abschluss des Gesch\u00e4fts.<\/p>\n<\/div>\n<\/div><\/div><\/div><\/div><div id=\"pg-gb549-69ecec0537812-2\"  class=\"panel-grid panel-no-style\" ><div id=\"pgc-gb549-69ecec0537812-2-0\"  class=\"panel-grid-cell\" ><div id=\"panel-gb549-69ecec0537812-2-0-0\" class=\"so-panel widget widget_sow-editor panel-first-child panel-last-child\" data-index=\"4\" ><div\n\t\t\t\n\t\t\tclass=\"so-widget-sow-editor so-widget-sow-editor-base\"\n\t\t\t\n\t\t>\n<div class=\"siteorigin-widget-tinymce textwidget\">\n\t<div class=\"features-mini\">Erweitern Sie Ihren Deal Flow \u2013 sicher und vertraulich<\/div>\n<h2>Eine private, vertrauensw\u00fcrdige Umgebung f\u00fcr die Beschaffung hochwertiger Investitionen<\/h2>\n<p>Unlisters richtet sich an Investoren, die Wert auf Diskretion, Zugang und Effizienz legen. Durchsuchen Sie au\u00dferb\u00f6rsliche Gewerbe- und Wohnimmobilien, Grundst\u00fccke, Gastfreundschaft oder Gesch\u00e4ftsm\u00f6glichkeiten, die alle innerhalb einer geschlossenen Berufsgemeinschaft geteilt werden. <\/p>\n<p>Sch\u00fctzen Sie Ihre Privatsph\u00e4re, w\u00e4hrend Sie Ihren privaten Deal-Flow erweitern und profitable Investitionen aufdecken, die andere nie sehen.<\/p>\n<\/div>\n<\/div><\/div><\/div><div id=\"pgc-gb549-69ecec0537812-2-1\"  class=\"panel-grid-cell\" ><div id=\"panel-gb549-69ecec0537812-2-1-0\" class=\"so-panel widget widget_sow-editor panel-first-child panel-last-child\" data-index=\"5\" ><div class=\"join-form panel-widget-style panel-widget-style-for-gb549-69ecec0537812-2-1-0\" ><div\n\t\t\t\n\t\t\tclass=\"so-widget-sow-editor so-widget-sow-editor-base\"\n\t\t\t\n\t\t>\n<div class=\"siteorigin-widget-tinymce textwidget\">\n\t<div class=\"features-mini\">Exklusiver Zugang beginnt hier<\/div>\n<h2>Treten Sie dem Off-Market Investment Network bei<\/h2>\n<p>Erstellen Sie Ihr Unlisters-Profil, um verifizierte Off-Market-Chancen zu erkunden, die von Brokern und Fachleuten weltweit geteilt werden. Bleiben Sie dem Markt voraus, erweitern Sie Ihr Portfolio und investieren Sie mit Zuversicht.<\/p>\n<p><a href=\"https:\/\/app.unlisters.com\/users\/sign_up\"><button>Registrieren<\/button><\/a><\/p>\n<\/div>\n<\/div><\/div><\/div><\/div><\/div><\/div>","protected":false},"excerpt":{"rendered":"<p>Unlisters verbindet Investoren mit verifizierten Maklern, Agenten und Dealmakern, die Off-Market-Immobilien und private Investitionsm\u00f6glichkeiten in mehreren Sektoren anbieten. \u00dcberspringen Sie die Gebotskriege und entdecken Sie exklusive Angebote, die nirgendwo anders aufgef\u00fchrt sind. Ob Sie ein Immobilienportfolio aufbauen ... <a title=\"F\u00fcr Investoren\" class=\"read-more\" href=\"https:\/\/unlisters.com\/de\/for-investors\/\" aria-label=\"Mehr Informationen \u00fcber For investors\">Weiterlesen ...<\/a><\/p>","protected":false},"author":1,"featured_media":0,"parent":0,"menu_order":0,"comment_status":"closed","ping_status":"closed","template":"","meta":{"inline_featured_image":false,"footnotes":""},"class_list":["post-549","page","type-page","status-publish"],"yoast_head":"<!-- This site is optimized with the Yoast SEO plugin v27.1.1 - https:\/\/yoast.com\/product\/yoast-seo-wordpress\/ -->\n<title>Unlisters for Investors | Exclusive Off-Market Opportunities<\/title>\n<meta name=\"description\" content=\"Access off-market real estate and private investment deals from verified professionals. Discover exclusive opportunities and grow your portfolio.\" \/>\n<meta name=\"robots\" content=\"index, follow, max-snippet:-1, max-image-preview:large, max-video-preview:-1\" \/>\n<link rel=\"canonical\" href=\"https:\/\/unlisters.com\/de\/for-investors\/\" \/>\n<meta property=\"og:locale\" content=\"de_DE\" \/>\n<meta property=\"og:type\" content=\"article\" \/>\n<meta property=\"og:title\" content=\"Unlisters for Investors | Exclusive Off-Market Opportunities\" \/>\n<meta property=\"og:description\" content=\"Access off-market real estate and private investment deals from verified professionals. Discover exclusive opportunities and grow your portfolio.\" \/>\n<meta property=\"og:url\" content=\"https:\/\/unlisters.com\/de\/for-investors\/\" \/>\n<meta property=\"og:site_name\" content=\"Unlisters\" \/>\n<meta property=\"article:publisher\" content=\"https:\/\/www.facebook.com\/unlisters\" \/>\n<meta property=\"article:modified_time\" content=\"2025-12-06T16:54:05+00:00\" \/>\n<meta property=\"og:image\" content=\"https:\/\/unlisters.com\/wp-content\/uploads\/2025\/04\/real-estate-deals.jpg\" \/>\n\t<meta property=\"og:image:width\" content=\"2000\" \/>\n\t<meta property=\"og:image:height\" content=\"1333\" \/>\n\t<meta property=\"og:image:type\" content=\"image\/jpeg\" \/>\n<meta name=\"twitter:card\" content=\"summary_large_image\" \/>\n<meta name=\"twitter:label1\" content=\"Gesch\u00e4tzte Lesezeit\" \/>\n\t<meta name=\"twitter:data1\" content=\"2 minutes\" \/>\n<script type=\"application\/ld+json\" class=\"yoast-schema-graph\">{\"@context\":\"https:\/\/schema.org\",\"@graph\":[{\"@type\":\"WebPage\",\"@id\":\"https:\/\/unlisters.com\/for-investors\/\",\"url\":\"https:\/\/unlisters.com\/for-investors\/\",\"name\":\"Unlisters for Investors | Exclusive Off-Market Opportunities\",\"isPartOf\":{\"@id\":\"https:\/\/unlisters.com\/#website\"},\"datePublished\":\"2025-11-12T09:15:55+00:00\",\"dateModified\":\"2025-12-06T16:54:05+00:00\",\"description\":\"Access off-market real estate and private investment deals from verified professionals. Discover exclusive opportunities and grow your portfolio.\",\"breadcrumb\":{\"@id\":\"https:\/\/unlisters.com\/for-investors\/#breadcrumb\"},\"inLanguage\":\"de-DE\",\"potentialAction\":[{\"@type\":\"ReadAction\",\"target\":[\"https:\/\/unlisters.com\/for-investors\/\"]}]},{\"@type\":\"BreadcrumbList\",\"@id\":\"https:\/\/unlisters.com\/for-investors\/#breadcrumb\",\"itemListElement\":[{\"@type\":\"ListItem\",\"position\":1,\"name\":\"Domovsk\u00e1 str\u00e1nka\",\"item\":\"https:\/\/unlisters.com\/\"},{\"@type\":\"ListItem\",\"position\":2,\"name\":\"For investors\"}]},{\"@type\":\"WebSite\",\"@id\":\"https:\/\/unlisters.com\/#website\",\"url\":\"https:\/\/unlisters.com\/\",\"name\":\"Unlisters\",\"description\":\"Where Brokers Connect\",\"publisher\":{\"@id\":\"https:\/\/unlisters.com\/#organization\"},\"potentialAction\":[{\"@type\":\"SearchAction\",\"target\":{\"@type\":\"EntryPoint\",\"urlTemplate\":\"https:\/\/unlisters.com\/?s={search_term_string}\"},\"query-input\":{\"@type\":\"PropertyValueSpecification\",\"valueRequired\":true,\"valueName\":\"search_term_string\"}}],\"inLanguage\":\"de-DE\"},{\"@type\":\"Organization\",\"@id\":\"https:\/\/unlisters.com\/#organization\",\"name\":\"Unlisters\",\"url\":\"https:\/\/unlisters.com\/\",\"logo\":{\"@type\":\"ImageObject\",\"inLanguage\":\"de-DE\",\"@id\":\"https:\/\/unlisters.com\/#\/schema\/logo\/image\/\",\"url\":\"https:\/\/unlisters.com\/wp-content\/uploads\/2025\/06\/FAVICO_unlisters-01.png\",\"contentUrl\":\"https:\/\/unlisters.com\/wp-content\/uploads\/2025\/06\/FAVICO_unlisters-01.png\",\"width\":500,\"height\":500,\"caption\":\"Unlisters\"},\"image\":{\"@id\":\"https:\/\/unlisters.com\/#\/schema\/logo\/image\/\"},\"sameAs\":[\"https:\/\/www.facebook.com\/unlisters\",\"https:\/\/www.linkedin.com\/company\/unlisters\"]}]}<\/script>\n<!-- \/ Yoast SEO plugin. -->","yoast_head_json":{"title":"Unlisters for Investors | Exclusive Off-Market Opportunities","description":"Access off-market real estate and private investment deals from verified professionals. Discover exclusive opportunities and grow your portfolio.","robots":{"index":"index","follow":"follow","max-snippet":"max-snippet:-1","max-image-preview":"max-image-preview:large","max-video-preview":"max-video-preview:-1"},"canonical":"https:\/\/unlisters.com\/de\/for-investors\/","og_locale":"de_DE","og_type":"article","og_title":"Unlisters for Investors | Exclusive Off-Market Opportunities","og_description":"Access off-market real estate and private investment deals from verified professionals. Discover exclusive opportunities and grow your portfolio.","og_url":"https:\/\/unlisters.com\/de\/for-investors\/","og_site_name":"Unlisters","article_publisher":"https:\/\/www.facebook.com\/unlisters","article_modified_time":"2025-12-06T16:54:05+00:00","og_image":[{"width":2000,"height":1333,"url":"https:\/\/unlisters.com\/wp-content\/uploads\/2025\/04\/real-estate-deals.jpg","type":"image\/jpeg"}],"twitter_card":"summary_large_image","twitter_misc":{"Gesch\u00e4tzte Lesezeit":"2 minutes"},"schema":{"@context":"https:\/\/schema.org","@graph":[{"@type":"WebPage","@id":"https:\/\/unlisters.com\/for-investors\/","url":"https:\/\/unlisters.com\/for-investors\/","name":"Unlisters for Investors | Exclusive Off-Market Opportunities","isPartOf":{"@id":"https:\/\/unlisters.com\/#website"},"datePublished":"2025-11-12T09:15:55+00:00","dateModified":"2025-12-06T16:54:05+00:00","description":"Access off-market real estate and private investment deals from verified professionals. Discover exclusive opportunities and grow your portfolio.","breadcrumb":{"@id":"https:\/\/unlisters.com\/for-investors\/#breadcrumb"},"inLanguage":"de-DE","potentialAction":[{"@type":"ReadAction","target":["https:\/\/unlisters.com\/for-investors\/"]}]},{"@type":"BreadcrumbList","@id":"https:\/\/unlisters.com\/for-investors\/#breadcrumb","itemListElement":[{"@type":"ListItem","position":1,"name":"Domovsk\u00e1 str\u00e1nka","item":"https:\/\/unlisters.com\/"},{"@type":"ListItem","position":2,"name":"For investors"}]},{"@type":"WebSite","@id":"https:\/\/unlisters.com\/#website","url":"https:\/\/unlisters.com\/","name":"Unlisters","description":"Where Brokers Connect","publisher":{"@id":"https:\/\/unlisters.com\/#organization"},"potentialAction":[{"@type":"SearchAction","target":{"@type":"EntryPoint","urlTemplate":"https:\/\/unlisters.com\/?s={search_term_string}"},"query-input":{"@type":"PropertyValueSpecification","valueRequired":true,"valueName":"search_term_string"}}],"inLanguage":"de-DE"},{"@type":"Organization","@id":"https:\/\/unlisters.com\/#organization","name":"Unlisters","url":"https:\/\/unlisters.com\/","logo":{"@type":"ImageObject","inLanguage":"de-DE","@id":"https:\/\/unlisters.com\/#\/schema\/logo\/image\/","url":"https:\/\/unlisters.com\/wp-content\/uploads\/2025\/06\/FAVICO_unlisters-01.png","contentUrl":"https:\/\/unlisters.com\/wp-content\/uploads\/2025\/06\/FAVICO_unlisters-01.png","width":500,"height":500,"caption":"Unlisters"},"image":{"@id":"https:\/\/unlisters.com\/#\/schema\/logo\/image\/"},"sameAs":["https:\/\/www.facebook.com\/unlisters","https:\/\/www.linkedin.com\/company\/unlisters"]}]}},"_links":{"self":[{"href":"https:\/\/unlisters.com\/de\/wp-json\/wp\/v2\/pages\/549","targetHints":{"allow":["GET"]}}],"collection":[{"href":"https:\/\/unlisters.com\/de\/wp-json\/wp\/v2\/pages"}],"about":[{"href":"https:\/\/unlisters.com\/de\/wp-json\/wp\/v2\/types\/page"}],"author":[{"embeddable":true,"href":"https:\/\/unlisters.com\/de\/wp-json\/wp\/v2\/users\/1"}],"replies":[{"embeddable":true,"href":"https:\/\/unlisters.com\/de\/wp-json\/wp\/v2\/comments?post=549"}],"version-history":[{"count":14,"href":"https:\/\/unlisters.com\/de\/wp-json\/wp\/v2\/pages\/549\/revisions"}],"predecessor-version":[{"id":627,"href":"https:\/\/unlisters.com\/de\/wp-json\/wp\/v2\/pages\/549\/revisions\/627"}],"wp:attachment":[{"href":"https:\/\/unlisters.com\/de\/wp-json\/wp\/v2\/media?parent=549"}],"curies":[{"name":"wp","href":"https:\/\/api.w.org\/{rel}","templated":true}]}}