{"id":33,"date":"2025-04-25T09:09:15","date_gmt":"2025-04-25T07:09:15","guid":{"rendered":"https:\/\/unlisters.com\/?page_id=33"},"modified":"2026-03-12T07:38:57","modified_gmt":"2026-03-12T06:38:57","slug":"unlisters","status":"publish","type":"page","link":"https:\/\/unlisters.com\/de\/","title":{"rendered":"Nichteintragungen"},"content":{"rendered":"<div id=\"pl-gb33-69ecd89b3996f\"  class=\"panel-layout\" ><div id=\"pg-gb33-69ecd89b3996f-0\"  class=\"panel-grid panel-no-style\" ><div id=\"pgc-gb33-69ecd89b3996f-0-0\"  class=\"panel-grid-cell\" ><div id=\"panel-gb33-69ecd89b3996f-0-0-0\" class=\"so-panel widget widget_sow-editor panel-first-child panel-last-child\" data-index=\"0\" ><div class=\"so-text-col panel-widget-style panel-widget-style-for-gb33-69ecd89b3996f-0-0-0\" ><div\n\t\t\t\n\t\t\tclass=\"so-widget-sow-editor so-widget-sow-editor-base\"\n\t\t\t\n\t\t>\n<div class=\"siteorigin-widget-tinymce textwidget\">\n\t<div class=\"bold-statement\">So funktioniert es<\/div>\n<ol class=\"unlisters-ol\">\n<li>Als Immobilienmakler verifizieren<\/li>\n<li>Entdecken Sie Off-Market-Deals im Maklernetzwerk<\/li>\n<li>Teilen Sie Deals im Netzwerk oder in privaten Gruppen<\/li>\n<\/ol>\n<\/div>\n<\/div><\/div><\/div><\/div><div id=\"pgc-gb33-69ecd89b3996f-0-1\"  class=\"panel-grid-cell\" ><div id=\"panel-gb33-69ecd89b3996f-0-1-0\" class=\"so-panel widget widget_sow-editor panel-first-child panel-last-child\" data-index=\"1\" ><div class=\"so-image-col panel-widget-style panel-widget-style-for-gb33-69ecd89b3996f-0-1-0\" ><div\n\t\t\t\n\t\t\tclass=\"so-widget-sow-editor so-widget-sow-editor-base\"\n\t\t\t\n\t\t>\n<div class=\"siteorigin-widget-tinymce textwidget\">\n\t<p><img loading=\"lazy\" decoding=\"async\" class=\"alignnone size-full wp-image-790\" src=\"https:\/\/unlisters.com\/wp-content\/uploads\/2026\/03\/unlisters_off_market_deals.jpg\" alt=\"\" width=\"1201\" height=\"1753\" srcset=\"https:\/\/unlisters.com\/wp-content\/uploads\/2026\/03\/unlisters_off_market_deals.jpg 1201w, https:\/\/unlisters.com\/wp-content\/uploads\/2026\/03\/unlisters_off_market_deals-206x300.jpg 206w, https:\/\/unlisters.com\/wp-content\/uploads\/2026\/03\/unlisters_off_market_deals-702x1024.jpg 702w, https:\/\/unlisters.com\/wp-content\/uploads\/2026\/03\/unlisters_off_market_deals-768x1121.jpg 768w, https:\/\/unlisters.com\/wp-content\/uploads\/2026\/03\/unlisters_off_market_deals-1052x1536.jpg 1052w, https:\/\/unlisters.com\/wp-content\/uploads\/2026\/03\/unlisters_off_market_deals-8x12.jpg 8w\" sizes=\"auto, (max-width: 1201px) 100vw, 1201px\" \/><\/p>\n<\/div>\n<\/div><\/div><\/div><\/div><\/div><div id=\"pg-gb33-69ecd89b3996f-1\"  class=\"panel-grid panel-has-style\" ><div class=\"panel-row-style panel-row-style-for-gb33-69ecd89b3996f-1\" ><div id=\"pgc-gb33-69ecd89b3996f-1-0\"  class=\"panel-grid-cell\" ><div id=\"panel-gb33-69ecd89b3996f-1-0-0\" class=\"so-panel widget widget_sow-editor panel-first-child panel-last-child\" data-index=\"2\" ><div id=\"more\" class=\"panel-widget-style panel-widget-style-for-gb33-69ecd89b3996f-1-0-0\" ><div\n\t\t\t\n\t\t\tclass=\"so-widget-sow-editor so-widget-sow-editor-base\"\n\t\t\t\n\t\t>\n<div class=\"siteorigin-widget-tinymce textwidget\">\n\t<div class=\"bold-statement\">Das Problem<\/div>\n<h2>Warum Makler \u00fcber WhatsApp und E-Mail hinausgehen<\/h2>\n<p>Off-Market-Deals sind \u00fcber WhatsApp-Gruppen, E-Mail-Verl\u00e4ufe und private Nachrichten verteilt. Informationen gehen verloren, die \u00dcbersicht fehlt, und die Kontrolle endet in dem Moment, in dem Sie auf \u201eSenden\u201c klicken.<\/p>\n<\/div>\n<\/div><\/div><\/div><\/div><div id=\"pgc-gb33-69ecd89b3996f-1-1\"  class=\"panel-grid-cell\" ><div id=\"panel-gb33-69ecd89b3996f-1-1-0\" class=\"so-panel widget widget_sow-editor panel-first-child panel-last-child\" data-index=\"3\" ><div id=\"more\" class=\"panel-widget-style panel-widget-style-for-gb33-69ecd89b3996f-1-1-0\" ><div\n\t\t\t\n\t\t\tclass=\"so-widget-sow-editor so-widget-sow-editor-base\"\n\t\t\t\n\t\t>\n<div class=\"siteorigin-widget-tinymce textwidget\">\n\t<div class=\"bold-statement\">Der intelligentere Weg<\/div>\n<h2>Unlisters ersetzt un\u00fcbersichtliches Teilen von Angeboten durch einen einzigen, kontrollierten Arbeitsbereich f\u00fcr Profis.<\/h2>\n<ul class=\"unlisters-ul\">\n<li>Deals sind auffindbar, nicht in Chat-Verl\u00e4ufen vergraben<\/li>\n<li>Sichtbarkeit ist absichtlich, nicht zuf\u00e4llig<\/li>\n<li>Der Zugriff ist auf verifizierte Broker beschr\u00e4nkt, mit optionalen privaten Gruppen, die Sie kontrollieren<\/li>\n<\/ul>\n<\/div>\n<\/div><\/div><\/div><\/div><\/div><\/div><div id=\"pg-gb33-69ecd89b3996f-2\"  class=\"panel-grid panel-has-style\" ><div class=\"siteorigin-panels-stretch panel-row-style panel-row-style-for-gb33-69ecd89b3996f-2\" data-stretch-type=\"full\" ><div id=\"pgc-gb33-69ecd89b3996f-2-0\"  class=\"panel-grid-cell\" ><div id=\"panel-gb33-69ecd89b3996f-2-0-0\" class=\"so-panel widget widget_sow-editor panel-first-child panel-last-child\" data-index=\"4\" ><div id=\"more\" class=\"panel-widget-style panel-widget-style-for-gb33-69ecd89b3996f-2-0-0\" ><div\n\t\t\t\n\t\t\tclass=\"so-widget-sow-editor so-widget-sow-editor-base\"\n\t\t\t\n\t\t>\n<div class=\"siteorigin-widget-tinymce textwidget\">\n\t<div class=\"bold-statement\">Die besten Angebote gehen nicht an die \u00d6ffentlichkeit<\/div>\n<p>Sie bleiben unver\u00f6ffentlicht und werden \u00fcber vertrauensw\u00fcrdige Maklernetzwerke geteilt \u2013 nicht \u00fcber \u00f6ffentliche Portale.<\/p>\n<\/div>\n<\/div><\/div><\/div><\/div><div id=\"pgc-gb33-69ecd89b3996f-2-1\"  class=\"panel-grid-cell\" ><div id=\"panel-gb33-69ecd89b3996f-2-1-0\" class=\"so-panel widget widget_sow-editor panel-first-child\" data-index=\"5\" ><div id=\"price\" class=\"panel-widget-style panel-widget-style-for-gb33-69ecd89b3996f-2-1-0\" ><div\n\t\t\t\n\t\t\tclass=\"so-widget-sow-editor so-widget-sow-editor-base\"\n\t\t\t\n\t\t>\n<div class=\"siteorigin-widget-tinymce textwidget\">\n\t<div class=\"bold-statement\">Treten Sie dem Netzwerk bei<\/div>\n<p class=\"translation-block\">Erstellen Sie ein kostenloses Konto und beginnen Sie damit, Off-Market-Deals zu entdecken und zu teilen \u2014 mit voller Kontrolle dar\u00fcber, wer was sieht.<\/p>\n<p><em>Nur verifizierte Makler. Keine \u00f6ffentlichen Inserate.<\/em><\/p>\n<\/div>\n<\/div><\/div><\/div><div id=\"panel-gb33-69ecd89b3996f-2-1-1\" class=\"so-panel widget widget_sow-editor panel-last-child\" data-index=\"6\" ><div id=\"price\" class=\"panel-widget-style panel-widget-style-for-gb33-69ecd89b3996f-2-1-1\" ><div\n\t\t\t\n\t\t\tclass=\"so-widget-sow-editor so-widget-sow-editor-base\"\n\t\t\t\n\t\t>\n<div class=\"siteorigin-widget-tinymce textwidget\">\n\t<p><a href=\"https:\/\/app.unlisters.com\/en\/users\/sign_up\" class=\"my-button-style\" onclick=\"gtag('event', 'click_signup_button_unlisters', {'transport_type': 'beacon'});\">Kostenlos beitreten<\/a><\/p>\n<\/div>\n<\/div><\/div><\/div><\/div><\/div><\/div><\/div>","protected":false},"excerpt":{"rendered":"<p>Wie es funktioniert \u00dcberpr\u00fcfen Sie als Broker Entdecken Sie Off-Market-Deals aus dem Broker-Netzwerk Teilen Sie Deals mit dem Netzwerk oder in privaten Gruppen Das Problem Warum Broker sich \u00fcber WhatsApp und E-Mails hinaus bewegen Off-Market-Deals sind \u00fcber WhatsApp-Gruppen, E-Mail-Threads und private Nachrichten verstreut. Informationen gehen verloren, die Sichtbarkeit ist unklar und die Kontrolle verschwindet in dem Moment, in dem ... <a title=\"Nichteintragungen\" class=\"read-more\" href=\"https:\/\/unlisters.com\/de\/\" aria-label=\"Mehr Informationen \u00fcber Unlisters\">Weiterlesen ...<\/a><\/p>","protected":false},"author":1,"featured_media":520,"parent":0,"menu_order":0,"comment_status":"closed","ping_status":"closed","template":"","meta":{"inline_featured_image":false,"footnotes":""},"class_list":["post-33","page","type-page","status-publish","has-post-thumbnail"],"yoast_head":"<!-- This site is optimized with the Yoast SEO plugin v27.1.1 - https:\/\/yoast.com\/product\/yoast-seo-wordpress\/ -->\n<title>Unlisters | Free Off-Market Deal Network for Real Estate Brokers<\/title>\n<meta name=\"description\" content=\"Discover and share off-market real estate deals in a free, broker-only network designed for controlled visibility and private groups.\" \/>\n<meta name=\"robots\" content=\"index, follow, max-snippet:-1, max-image-preview:large, max-video-preview:-1\" \/>\n<link rel=\"canonical\" href=\"https:\/\/unlisters.com\/de\/\" \/>\n<meta property=\"og:locale\" content=\"de_DE\" \/>\n<meta property=\"og:type\" content=\"article\" \/>\n<meta property=\"og:title\" content=\"Unlisters | Free Off-Market Deal Network for Real Estate Brokers\" \/>\n<meta property=\"og:description\" content=\"Discover and share off-market real estate deals in a free, broker-only network designed for controlled visibility and private groups.\" \/>\n<meta property=\"og:url\" content=\"https:\/\/unlisters.com\/de\/\" \/>\n<meta property=\"og:site_name\" content=\"Unlisters\" \/>\n<meta property=\"article:publisher\" content=\"https:\/\/www.facebook.com\/unlisters\" \/>\n<meta property=\"article:modified_time\" content=\"2026-03-12T06:38:57+00:00\" \/>\n<meta property=\"og:image\" content=\"https:\/\/unlisters.com\/wp-content\/uploads\/2025\/08\/unlisters_business_offmarket.jpg\" \/>\n\t<meta property=\"og:image:width\" content=\"1200\" \/>\n\t<meta property=\"og:image:height\" content=\"1000\" \/>\n\t<meta property=\"og:image:type\" content=\"image\/jpeg\" \/>\n<meta name=\"twitter:card\" content=\"summary_large_image\" \/>\n<meta name=\"twitter:label1\" content=\"Gesch\u00e4tzte Lesezeit\" \/>\n\t<meta name=\"twitter:data1\" content=\"2 minutes\" \/>\n<script type=\"application\/ld+json\" class=\"yoast-schema-graph\">{\"@context\":\"https:\/\/schema.org\",\"@graph\":[{\"@type\":\"WebPage\",\"@id\":\"https:\/\/unlisters.com\/\",\"url\":\"https:\/\/unlisters.com\/\",\"name\":\"Unlisters | Free Off-Market Deal Network for Real Estate Brokers\",\"isPartOf\":{\"@id\":\"https:\/\/unlisters.com\/#website\"},\"primaryImageOfPage\":{\"@id\":\"https:\/\/unlisters.com\/#primaryimage\"},\"image\":{\"@id\":\"https:\/\/unlisters.com\/#primaryimage\"},\"thumbnailUrl\":\"https:\/\/unlisters.com\/wp-content\/uploads\/2025\/08\/unlisters_business_offmarket.jpg\",\"datePublished\":\"2025-04-25T07:09:15+00:00\",\"dateModified\":\"2026-03-12T06:38:57+00:00\",\"description\":\"Discover and share off-market real estate deals in a free, broker-only network designed for controlled visibility and private groups.\",\"breadcrumb\":{\"@id\":\"https:\/\/unlisters.com\/#breadcrumb\"},\"inLanguage\":\"de-DE\",\"potentialAction\":[{\"@type\":\"ReadAction\",\"target\":[\"https:\/\/unlisters.com\/\"]}]},{\"@type\":\"ImageObject\",\"inLanguage\":\"de-DE\",\"@id\":\"https:\/\/unlisters.com\/#primaryimage\",\"url\":\"https:\/\/unlisters.com\/wp-content\/uploads\/2025\/08\/unlisters_business_offmarket.jpg\",\"contentUrl\":\"https:\/\/unlisters.com\/wp-content\/uploads\/2025\/08\/unlisters_business_offmarket.jpg\",\"width\":1200,\"height\":1000},{\"@type\":\"BreadcrumbList\",\"@id\":\"https:\/\/unlisters.com\/#breadcrumb\",\"itemListElement\":[{\"@type\":\"ListItem\",\"position\":1,\"name\":\"Domovsk\u00e1 str\u00e1nka\",\"item\":\"https:\/\/unlisters.com\/\"},{\"@type\":\"ListItem\",\"position\":2,\"name\":\"Unlisters\"}]},{\"@type\":\"WebSite\",\"@id\":\"https:\/\/unlisters.com\/#website\",\"url\":\"https:\/\/unlisters.com\/\",\"name\":\"Unlisters\",\"description\":\"Where Brokers Connect\",\"publisher\":{\"@id\":\"https:\/\/unlisters.com\/#organization\"},\"potentialAction\":[{\"@type\":\"SearchAction\",\"target\":{\"@type\":\"EntryPoint\",\"urlTemplate\":\"https:\/\/unlisters.com\/?s={search_term_string}\"},\"query-input\":{\"@type\":\"PropertyValueSpecification\",\"valueRequired\":true,\"valueName\":\"search_term_string\"}}],\"inLanguage\":\"de-DE\"},{\"@type\":\"Organization\",\"@id\":\"https:\/\/unlisters.com\/#organization\",\"name\":\"Unlisters\",\"url\":\"https:\/\/unlisters.com\/\",\"logo\":{\"@type\":\"ImageObject\",\"inLanguage\":\"de-DE\",\"@id\":\"https:\/\/unlisters.com\/#\/schema\/logo\/image\/\",\"url\":\"https:\/\/unlisters.com\/wp-content\/uploads\/2025\/06\/FAVICO_unlisters-01.png\",\"contentUrl\":\"https:\/\/unlisters.com\/wp-content\/uploads\/2025\/06\/FAVICO_unlisters-01.png\",\"width\":500,\"height\":500,\"caption\":\"Unlisters\"},\"image\":{\"@id\":\"https:\/\/unlisters.com\/#\/schema\/logo\/image\/\"},\"sameAs\":[\"https:\/\/www.facebook.com\/unlisters\",\"https:\/\/www.linkedin.com\/company\/unlisters\"]}]}<\/script>\n<!-- \/ Yoast SEO plugin. -->","yoast_head_json":{"title":"Unlisters | Free Off-Market Deal Network for Real Estate Brokers","description":"Discover and share off-market real estate deals in a free, broker-only network designed for controlled visibility and private groups.","robots":{"index":"index","follow":"follow","max-snippet":"max-snippet:-1","max-image-preview":"max-image-preview:large","max-video-preview":"max-video-preview:-1"},"canonical":"https:\/\/unlisters.com\/de\/","og_locale":"de_DE","og_type":"article","og_title":"Unlisters | Free Off-Market Deal Network for Real Estate Brokers","og_description":"Discover and share off-market real estate deals in a free, broker-only network designed for controlled visibility and private groups.","og_url":"https:\/\/unlisters.com\/de\/","og_site_name":"Unlisters","article_publisher":"https:\/\/www.facebook.com\/unlisters","article_modified_time":"2026-03-12T06:38:57+00:00","og_image":[{"width":1200,"height":1000,"url":"https:\/\/unlisters.com\/wp-content\/uploads\/2025\/08\/unlisters_business_offmarket.jpg","type":"image\/jpeg"}],"twitter_card":"summary_large_image","twitter_misc":{"Gesch\u00e4tzte Lesezeit":"2 minutes"},"schema":{"@context":"https:\/\/schema.org","@graph":[{"@type":"WebPage","@id":"https:\/\/unlisters.com\/","url":"https:\/\/unlisters.com\/","name":"Unlisters | Free Off-Market Deal Network for Real Estate Brokers","isPartOf":{"@id":"https:\/\/unlisters.com\/#website"},"primaryImageOfPage":{"@id":"https:\/\/unlisters.com\/#primaryimage"},"image":{"@id":"https:\/\/unlisters.com\/#primaryimage"},"thumbnailUrl":"https:\/\/unlisters.com\/wp-content\/uploads\/2025\/08\/unlisters_business_offmarket.jpg","datePublished":"2025-04-25T07:09:15+00:00","dateModified":"2026-03-12T06:38:57+00:00","description":"Discover and share off-market real estate deals in a free, broker-only network designed for controlled visibility and private groups.","breadcrumb":{"@id":"https:\/\/unlisters.com\/#breadcrumb"},"inLanguage":"de-DE","potentialAction":[{"@type":"ReadAction","target":["https:\/\/unlisters.com\/"]}]},{"@type":"ImageObject","inLanguage":"de-DE","@id":"https:\/\/unlisters.com\/#primaryimage","url":"https:\/\/unlisters.com\/wp-content\/uploads\/2025\/08\/unlisters_business_offmarket.jpg","contentUrl":"https:\/\/unlisters.com\/wp-content\/uploads\/2025\/08\/unlisters_business_offmarket.jpg","width":1200,"height":1000},{"@type":"BreadcrumbList","@id":"https:\/\/unlisters.com\/#breadcrumb","itemListElement":[{"@type":"ListItem","position":1,"name":"Domovsk\u00e1 str\u00e1nka","item":"https:\/\/unlisters.com\/"},{"@type":"ListItem","position":2,"name":"Unlisters"}]},{"@type":"WebSite","@id":"https:\/\/unlisters.com\/#website","url":"https:\/\/unlisters.com\/","name":"Unlisters","description":"Where Brokers Connect","publisher":{"@id":"https:\/\/unlisters.com\/#organization"},"potentialAction":[{"@type":"SearchAction","target":{"@type":"EntryPoint","urlTemplate":"https:\/\/unlisters.com\/?s={search_term_string}"},"query-input":{"@type":"PropertyValueSpecification","valueRequired":true,"valueName":"search_term_string"}}],"inLanguage":"de-DE"},{"@type":"Organization","@id":"https:\/\/unlisters.com\/#organization","name":"Unlisters","url":"https:\/\/unlisters.com\/","logo":{"@type":"ImageObject","inLanguage":"de-DE","@id":"https:\/\/unlisters.com\/#\/schema\/logo\/image\/","url":"https:\/\/unlisters.com\/wp-content\/uploads\/2025\/06\/FAVICO_unlisters-01.png","contentUrl":"https:\/\/unlisters.com\/wp-content\/uploads\/2025\/06\/FAVICO_unlisters-01.png","width":500,"height":500,"caption":"Unlisters"},"image":{"@id":"https:\/\/unlisters.com\/#\/schema\/logo\/image\/"},"sameAs":["https:\/\/www.facebook.com\/unlisters","https:\/\/www.linkedin.com\/company\/unlisters"]}]}},"_links":{"self":[{"href":"https:\/\/unlisters.com\/de\/wp-json\/wp\/v2\/pages\/33","targetHints":{"allow":["GET"]}}],"collection":[{"href":"https:\/\/unlisters.com\/de\/wp-json\/wp\/v2\/pages"}],"about":[{"href":"https:\/\/unlisters.com\/de\/wp-json\/wp\/v2\/types\/page"}],"author":[{"embeddable":true,"href":"https:\/\/unlisters.com\/de\/wp-json\/wp\/v2\/users\/1"}],"replies":[{"embeddable":true,"href":"https:\/\/unlisters.com\/de\/wp-json\/wp\/v2\/comments?post=33"}],"version-history":[{"count":217,"href":"https:\/\/unlisters.com\/de\/wp-json\/wp\/v2\/pages\/33\/revisions"}],"predecessor-version":[{"id":800,"href":"https:\/\/unlisters.com\/de\/wp-json\/wp\/v2\/pages\/33\/revisions\/800"}],"wp:featuredmedia":[{"embeddable":true,"href":"https:\/\/unlisters.com\/de\/wp-json\/wp\/v2\/media\/520"}],"wp:attachment":[{"href":"https:\/\/unlisters.com\/de\/wp-json\/wp\/v2\/media?parent=33"}],"curies":[{"name":"wp","href":"https:\/\/api.w.org\/{rel}","templated":true}]}}