{"id":547,"date":"2025-11-12T10:15:44","date_gmt":"2025-11-12T09:15:44","guid":{"rendered":"https:\/\/unlisters.com\/?page_id=547"},"modified":"2025-12-06T17:54:42","modified_gmt":"2025-12-06T16:54:42","slug":"for-brokers","status":"publish","type":"page","link":"https:\/\/unlisters.com\/cs\/for-brokers\/","title":{"rendered":"Pro makl\u00e9\u0159e"},"content":{"rendered":"<div id=\"pl-gb547-69f27394740e3\"  class=\"panel-layout\" ><div id=\"pg-gb547-69f27394740e3-0\"  class=\"panel-grid panel-no-style\" ><div id=\"pgc-gb547-69f27394740e3-0-0\"  class=\"panel-grid-cell\" ><div id=\"panel-gb547-69f27394740e3-0-0-0\" class=\"so-panel widget widget_sow-editor panel-first-child panel-last-child\" data-index=\"0\" ><div\n\t\t\t\n\t\t\tclass=\"so-widget-sow-editor so-widget-sow-editor-base\"\n\t\t\t\n\t\t>\n<div class=\"siteorigin-widget-tinymce textwidget\">\n\t<div class=\"features-mini\">Odemknout skryt\u00e9 p\u0159\u00edle\u017eitosti v oblasti nemovitost\u00ed<\/div>\n<h2>Z\u00edskejte p\u0159\u00edstup k exkluzivn\u00edm off-market v\u00fdpis\u016fm a spojte se s ov\u011b\u0159en\u00fdmi profesion\u00e1ly po cel\u00e9m sv\u011bt\u011b<\/h2>\n<p>Unlisters d\u00e1v\u00e1 makl\u00e9\u0159\u016fm p\u0159\u00edm\u00fd kan\u00e1l pro sd\u00edlen\u00ed a objevov\u00e1n\u00ed mimotr\u017en\u00edch realitn\u00edch obchod\u016f p\u0159edt\u00edm, ne\u017e se dostanou na ve\u0159ejn\u00fd trh. Roz\u0161i\u0159te svou s\u00ed\u0165 a z\u00edskejte p\u0159\u00edstup k exkluzivn\u00edm obchod\u016fm, kter\u00e9 v\u00e1m pomohou z\u016fstat o krok nap\u0159ed p\u0159ed konkurenc\u00ed.<\/p>\n<\/div>\n<\/div><\/div><\/div><div id=\"pgc-gb547-69f27394740e3-0-1\"  class=\"panel-grid-cell\" ><div id=\"panel-gb547-69f27394740e3-0-1-0\" class=\"so-panel widget widget_sow-editor panel-first-child panel-last-child\" data-index=\"1\" ><div\n\t\t\t\n\t\t\tclass=\"so-widget-sow-editor so-widget-sow-editor-base\"\n\t\t\t\n\t\t>\n<div class=\"siteorigin-widget-tinymce textwidget\">\n\t<p><img loading=\"lazy\" decoding=\"async\" class=\"alignnone size-large wp-image-578\" src=\"https:\/\/unlisters.com\/wp-content\/uploads\/2025\/11\/off-market-real-estate-deals-683x1024.jpg\" alt=\"\" width=\"683\" height=\"1024\" srcset=\"https:\/\/unlisters.com\/wp-content\/uploads\/2025\/11\/off-market-real-estate-deals-683x1024.jpg 683w, https:\/\/unlisters.com\/wp-content\/uploads\/2025\/11\/off-market-real-estate-deals-200x300.jpg 200w, https:\/\/unlisters.com\/wp-content\/uploads\/2025\/11\/off-market-real-estate-deals-768x1151.jpg 768w, https:\/\/unlisters.com\/wp-content\/uploads\/2025\/11\/off-market-real-estate-deals-1025x1536.jpg 1025w, https:\/\/unlisters.com\/wp-content\/uploads\/2025\/11\/off-market-real-estate-deals-8x12.jpg 8w, https:\/\/unlisters.com\/wp-content\/uploads\/2025\/11\/off-market-real-estate-deals.jpg 1201w\" sizes=\"auto, (max-width: 683px) 100vw, 683px\" \/><\/p>\n<\/div>\n<\/div><\/div><\/div><\/div><div id=\"pg-gb547-69f27394740e3-1\"  class=\"panel-grid panel-has-style\" ><div class=\"panel-row-style panel-row-style-for-gb547-69f27394740e3-1\" ><div id=\"pgc-gb547-69f27394740e3-1-0\"  class=\"panel-grid-cell\" ><div id=\"panel-gb547-69f27394740e3-1-0-0\" class=\"so-panel widget widget_sow-editor panel-first-child panel-last-child\" data-index=\"2\" ><div\n\t\t\t\n\t\t\tclass=\"so-widget-sow-editor so-widget-sow-editor-base\"\n\t\t\t\n\t\t>\n<div class=\"siteorigin-widget-tinymce textwidget\">\n\t<p><img loading=\"lazy\" decoding=\"async\" class=\"alignnone size-large wp-image-581\" src=\"https:\/\/unlisters.com\/wp-content\/uploads\/2025\/11\/startup-for-real-estate-brokers-1024x577.jpg\" alt=\"\" width=\"1024\" height=\"577\" srcset=\"https:\/\/unlisters.com\/wp-content\/uploads\/2025\/11\/startup-for-real-estate-brokers-1024x577.jpg 1024w, https:\/\/unlisters.com\/wp-content\/uploads\/2025\/11\/startup-for-real-estate-brokers-300x169.jpg 300w, https:\/\/unlisters.com\/wp-content\/uploads\/2025\/11\/startup-for-real-estate-brokers-768x433.jpg 768w, https:\/\/unlisters.com\/wp-content\/uploads\/2025\/11\/startup-for-real-estate-brokers-18x10.jpg 18w, https:\/\/unlisters.com\/wp-content\/uploads\/2025\/11\/startup-for-real-estate-brokers.jpg 1199w\" sizes=\"auto, (max-width: 1024px) 100vw, 1024px\" \/><\/p>\n<\/div>\n<\/div><\/div><\/div><div id=\"pgc-gb547-69f27394740e3-1-1\"  class=\"panel-grid-cell\" ><div id=\"panel-gb547-69f27394740e3-1-1-0\" class=\"so-panel widget widget_sow-editor panel-first-child panel-last-child\" data-index=\"3\" ><div\n\t\t\t\n\t\t\tclass=\"so-widget-sow-editor so-widget-sow-editor-base\"\n\t\t\t\n\t\t>\n<div class=\"siteorigin-widget-tinymce textwidget\">\n\t<div class=\"features-mini\">Z\u00edskejte v\u00edce z ka\u017ed\u00e9ho spojen\u00ed<\/div>\n<h2>Prom\u011b\u0148te svou s\u00ed\u0165 v st\u00e1l\u00fd zdroj off-market obchod\u016f<\/h2>\n<p>S Unlisters se ka\u017ed\u00fd ov\u011b\u0159en\u00fd kontakt st\u00e1v\u00e1 potenci\u00e1ln\u00edm zdrojem p\u0159\u00edjm\u016f. Seznamte se s vlastn\u00edmi mimotr\u017en\u00edmi nemovitostmi, burzovn\u00edmi potenci\u00e1ln\u00edmi z\u00e1kazn\u00edky a objevte exkluzivn\u00ed investi\u010dn\u00ed p\u0159\u00edle\u017eitosti pro sv\u00e9 klienty. Spolupr\u00e1ci zjednodu\u0161ujeme, tak\u017ee str\u00e1v\u00edte m\u00e9n\u011b \u010dasu vyhled\u00e1v\u00e1n\u00edm a v\u00edce \u010dasu zav\u00edr\u00e1n\u00edm.<\/p>\n<\/div>\n<\/div><\/div><\/div><\/div><\/div><div id=\"pg-gb547-69f27394740e3-2\"  class=\"panel-grid panel-no-style\" ><div id=\"pgc-gb547-69f27394740e3-2-0\"  class=\"panel-grid-cell\" ><div id=\"panel-gb547-69f27394740e3-2-0-0\" class=\"so-panel widget widget_sow-editor panel-first-child panel-last-child\" data-index=\"4\" ><div\n\t\t\t\n\t\t\tclass=\"so-widget-sow-editor so-widget-sow-editor-base\"\n\t\t\t\n\t\t>\n<div class=\"siteorigin-widget-tinymce textwidget\">\n\t<div class=\"features-mini\">Spolupracujte, nekonkurujte si<\/div>\n<h2>Budujte siln\u00e1 partnerstv\u00ed s makl\u00e9\u0159i, kte\u0159\u00ed sd\u00edlej\u00ed va\u0161e c\u00edle<\/h2>\n<p>Prost\u0159ednictv\u00edm Unlisters m\u016f\u017eete snadno sd\u00edlet seznam, odkazovat nebo spolupracovat na soukrom\u00fdch transakc\u00edch. Na\u0161e platforma pro spolupr\u00e1ci v oblasti nemovitost\u00ed v\u00e1m pom\u016f\u017ee naj\u00edt spr\u00e1vn\u00e9ho partnera pro ka\u017edou transakci \u2013 a\u0165 u\u017e hled\u00e1te kupuj\u00edc\u00edho agenta v zahrani\u010d\u00ed, pr\u00e1vn\u00edho kontaktu pro p\u0159eshrani\u010dn\u00ed transakce nebo m\u00edstn\u00edho makl\u00e9\u0159e, kter\u00fd by diskr\u00e9tn\u011b sd\u00edlel nab\u00eddku. <\/p>\n<p>V\u00fdsledek? V\u00edce dokon\u010den\u00fdch obchod\u016f, hlad\u0161\u00ed procesy a trval\u00e9 profesion\u00e1ln\u00ed vztahy postaven\u00e9 na d\u016fv\u011b\u0159e a transparentnosti.<\/p>\n<\/div>\n<\/div><\/div><\/div><div id=\"pgc-gb547-69f27394740e3-2-1\"  class=\"panel-grid-cell\" ><div id=\"panel-gb547-69f27394740e3-2-1-0\" class=\"so-panel widget widget_sow-editor panel-first-child panel-last-child\" data-index=\"5\" ><div class=\"join-form panel-widget-style panel-widget-style-for-gb547-69f27394740e3-2-1-0\" ><div\n\t\t\t\n\t\t\tclass=\"so-widget-sow-editor so-widget-sow-editor-base\"\n\t\t\t\n\t\t>\n<div class=\"siteorigin-widget-tinymce textwidget\">\n\t<div class=\"features-mini\">P\u0159ipojte se k s\u00edti ov\u011b\u0159en\u00fdch makl\u00e9\u0159\u016f<\/div>\n<h2>Za\u010dn\u011bte objevovat p\u0159\u00edle\u017eitosti mimo trh je\u0161t\u011b dnes<\/h2>\n<p>Vytvo\u0159te si profil Unlisters a spojte se s ov\u011b\u0159en\u00fdmi agenty, investory a pr\u00e1vn\u00edky. Sd\u00edlejte nab\u00eddky bezpe\u010dn\u011b, najd\u011bte nov\u00e9 partnery a rozv\u00edjejte sv\u00e9 podnik\u00e1n\u00ed prost\u0159ednictv\u00edm skute\u010dn\u00e9 spolupr\u00e1ce, nikoli konkurence.<\/p>\n<p><a href=\"https:\/\/app.unlisters.com\/users\/sign_up\"><button>Registrace<\/button><\/a><\/p>\n<\/div>\n<\/div><\/div><\/div><\/div><\/div><\/div>","protected":false},"excerpt":{"rendered":"<p>Odemkn\u011bte skryt\u00e9 p\u0159\u00edle\u017eitosti v oblasti nemovitost\u00ed P\u0159\u00edstup k exkluzivn\u00edm off-market v\u00fdpis\u016fm a spojte se s ov\u011b\u0159en\u00fdmi profesion\u00e1ly po cel\u00e9m sv\u011bt\u011b Unlisters d\u00e1v\u00e1 makl\u00e9\u0159\u016fm p\u0159\u00edm\u00fd kan\u00e1l pro sd\u00edlen\u00ed a objevov\u00e1n\u00ed off-marketov\u00fdch realitn\u00edch obchod\u016f p\u0159edt\u00edm, ne\u017e se dostanou na ve\u0159ejn\u00fd trh. Roz\u0161i\u0159te svou s\u00ed\u0165 a z\u00edskejte p\u0159\u00edstup k exkluzivn\u00edm obchod\u016fm, kter\u00e9 v\u00e1m pomohou z\u016fstat o krok nap\u0159ed p\u0159ed konkurenc\u00ed. Vyd\u011bl\u00e1vejte ... <a title=\"Pro makl\u00e9\u0159e\" class=\"read-more\" href=\"https:\/\/unlisters.com\/cs\/for-brokers\/\" aria-label=\"\u010c\u00edst v\u00edce o Pro makl\u00e9\u0159e\">P\u0159e\u010dt\u011bte si v\u00edce<\/a><\/p>","protected":false},"author":1,"featured_media":0,"parent":0,"menu_order":0,"comment_status":"closed","ping_status":"closed","template":"","meta":{"inline_featured_image":false,"footnotes":""},"class_list":["post-547","page","type-page","status-publish"],"yoast_head":"<!-- This site is optimized with the Yoast SEO plugin v27.1.1 - https:\/\/yoast.com\/product\/yoast-seo-wordpress\/ -->\n<title>Unlisters for Brokers | Access Exclusive Off-Market Deals<\/title>\n<meta name=\"description\" content=\"Join Unlisters \u2014 the professional network to share, discover, and close off-market real estate deals worldwide. Collaborate. Earn. Grow.\" \/>\n<meta name=\"robots\" content=\"index, follow, max-snippet:-1, max-image-preview:large, max-video-preview:-1\" \/>\n<link rel=\"canonical\" href=\"https:\/\/unlisters.com\/cs\/for-brokers\/\" \/>\n<meta property=\"og:locale\" content=\"cs_CZ\" \/>\n<meta property=\"og:type\" content=\"article\" \/>\n<meta property=\"og:title\" content=\"Unlisters for Brokers | Access Exclusive Off-Market Deals\" \/>\n<meta property=\"og:description\" content=\"Join Unlisters \u2014 the professional network to share, discover, and close off-market real estate deals worldwide. Collaborate. Earn. Grow.\" \/>\n<meta property=\"og:url\" content=\"https:\/\/unlisters.com\/cs\/for-brokers\/\" \/>\n<meta property=\"og:site_name\" content=\"Unlisters\" \/>\n<meta property=\"article:publisher\" content=\"https:\/\/www.facebook.com\/unlisters\" \/>\n<meta property=\"article:modified_time\" content=\"2025-12-06T16:54:42+00:00\" \/>\n<meta property=\"og:image\" content=\"https:\/\/unlisters.com\/wp-content\/uploads\/2025\/04\/real-estate-deals.jpg\" \/>\n\t<meta property=\"og:image:width\" content=\"2000\" \/>\n\t<meta property=\"og:image:height\" content=\"1333\" \/>\n\t<meta property=\"og:image:type\" content=\"image\/jpeg\" \/>\n<meta name=\"twitter:card\" content=\"summary_large_image\" \/>\n<meta name=\"twitter:label1\" content=\"Odhadovan\u00e1 doba \u010dten\u00ed\" \/>\n\t<meta name=\"twitter:data1\" content=\"2 minutes\" \/>\n<script type=\"application\/ld+json\" class=\"yoast-schema-graph\">{\"@context\":\"https:\/\/schema.org\",\"@graph\":[{\"@type\":\"WebPage\",\"@id\":\"https:\/\/unlisters.com\/for-brokers\/\",\"url\":\"https:\/\/unlisters.com\/for-brokers\/\",\"name\":\"Unlisters for Brokers | Access Exclusive Off-Market Deals\",\"isPartOf\":{\"@id\":\"https:\/\/unlisters.com\/#website\"},\"datePublished\":\"2025-11-12T09:15:44+00:00\",\"dateModified\":\"2025-12-06T16:54:42+00:00\",\"description\":\"Join Unlisters \u2014 the professional network to share, discover, and close off-market real estate deals worldwide. Collaborate. Earn. Grow.\",\"breadcrumb\":{\"@id\":\"https:\/\/unlisters.com\/for-brokers\/#breadcrumb\"},\"inLanguage\":\"cs-CZ\",\"potentialAction\":[{\"@type\":\"ReadAction\",\"target\":[\"https:\/\/unlisters.com\/for-brokers\/\"]}]},{\"@type\":\"BreadcrumbList\",\"@id\":\"https:\/\/unlisters.com\/for-brokers\/#breadcrumb\",\"itemListElement\":[{\"@type\":\"ListItem\",\"position\":1,\"name\":\"Domovsk\u00e1 str\u00e1nka\",\"item\":\"https:\/\/unlisters.com\/\"},{\"@type\":\"ListItem\",\"position\":2,\"name\":\"For brokers\"}]},{\"@type\":\"WebSite\",\"@id\":\"https:\/\/unlisters.com\/#website\",\"url\":\"https:\/\/unlisters.com\/\",\"name\":\"Unlisters\",\"description\":\"Where Brokers Connect\",\"publisher\":{\"@id\":\"https:\/\/unlisters.com\/#organization\"},\"potentialAction\":[{\"@type\":\"SearchAction\",\"target\":{\"@type\":\"EntryPoint\",\"urlTemplate\":\"https:\/\/unlisters.com\/?s={search_term_string}\"},\"query-input\":{\"@type\":\"PropertyValueSpecification\",\"valueRequired\":true,\"valueName\":\"search_term_string\"}}],\"inLanguage\":\"cs-CZ\"},{\"@type\":\"Organization\",\"@id\":\"https:\/\/unlisters.com\/#organization\",\"name\":\"Unlisters\",\"url\":\"https:\/\/unlisters.com\/\",\"logo\":{\"@type\":\"ImageObject\",\"inLanguage\":\"cs-CZ\",\"@id\":\"https:\/\/unlisters.com\/#\/schema\/logo\/image\/\",\"url\":\"https:\/\/unlisters.com\/wp-content\/uploads\/2025\/06\/FAVICO_unlisters-01.png\",\"contentUrl\":\"https:\/\/unlisters.com\/wp-content\/uploads\/2025\/06\/FAVICO_unlisters-01.png\",\"width\":500,\"height\":500,\"caption\":\"Unlisters\"},\"image\":{\"@id\":\"https:\/\/unlisters.com\/#\/schema\/logo\/image\/\"},\"sameAs\":[\"https:\/\/www.facebook.com\/unlisters\",\"https:\/\/www.linkedin.com\/company\/unlisters\"]}]}<\/script>\n<!-- \/ Yoast SEO plugin. -->","yoast_head_json":{"title":"Unlisters for Brokers | Access Exclusive Off-Market Deals","description":"Join Unlisters \u2014 the professional network to share, discover, and close off-market real estate deals worldwide. Collaborate. Earn. Grow.","robots":{"index":"index","follow":"follow","max-snippet":"max-snippet:-1","max-image-preview":"max-image-preview:large","max-video-preview":"max-video-preview:-1"},"canonical":"https:\/\/unlisters.com\/cs\/for-brokers\/","og_locale":"cs_CZ","og_type":"article","og_title":"Unlisters for Brokers | Access Exclusive Off-Market Deals","og_description":"Join Unlisters \u2014 the professional network to share, discover, and close off-market real estate deals worldwide. Collaborate. Earn. Grow.","og_url":"https:\/\/unlisters.com\/cs\/for-brokers\/","og_site_name":"Unlisters","article_publisher":"https:\/\/www.facebook.com\/unlisters","article_modified_time":"2025-12-06T16:54:42+00:00","og_image":[{"width":2000,"height":1333,"url":"https:\/\/unlisters.com\/wp-content\/uploads\/2025\/04\/real-estate-deals.jpg","type":"image\/jpeg"}],"twitter_card":"summary_large_image","twitter_misc":{"Odhadovan\u00e1 doba \u010dten\u00ed":"2 minutes"},"schema":{"@context":"https:\/\/schema.org","@graph":[{"@type":"WebPage","@id":"https:\/\/unlisters.com\/for-brokers\/","url":"https:\/\/unlisters.com\/for-brokers\/","name":"Unlisters for Brokers | Access Exclusive Off-Market Deals","isPartOf":{"@id":"https:\/\/unlisters.com\/#website"},"datePublished":"2025-11-12T09:15:44+00:00","dateModified":"2025-12-06T16:54:42+00:00","description":"Join Unlisters \u2014 the professional network to share, discover, and close off-market real estate deals worldwide. Collaborate. Earn. Grow.","breadcrumb":{"@id":"https:\/\/unlisters.com\/for-brokers\/#breadcrumb"},"inLanguage":"cs-CZ","potentialAction":[{"@type":"ReadAction","target":["https:\/\/unlisters.com\/for-brokers\/"]}]},{"@type":"BreadcrumbList","@id":"https:\/\/unlisters.com\/for-brokers\/#breadcrumb","itemListElement":[{"@type":"ListItem","position":1,"name":"Domovsk\u00e1 str\u00e1nka","item":"https:\/\/unlisters.com\/"},{"@type":"ListItem","position":2,"name":"For brokers"}]},{"@type":"WebSite","@id":"https:\/\/unlisters.com\/#website","url":"https:\/\/unlisters.com\/","name":"Unlisters","description":"Where Brokers Connect","publisher":{"@id":"https:\/\/unlisters.com\/#organization"},"potentialAction":[{"@type":"SearchAction","target":{"@type":"EntryPoint","urlTemplate":"https:\/\/unlisters.com\/?s={search_term_string}"},"query-input":{"@type":"PropertyValueSpecification","valueRequired":true,"valueName":"search_term_string"}}],"inLanguage":"cs-CZ"},{"@type":"Organization","@id":"https:\/\/unlisters.com\/#organization","name":"Unlisters","url":"https:\/\/unlisters.com\/","logo":{"@type":"ImageObject","inLanguage":"cs-CZ","@id":"https:\/\/unlisters.com\/#\/schema\/logo\/image\/","url":"https:\/\/unlisters.com\/wp-content\/uploads\/2025\/06\/FAVICO_unlisters-01.png","contentUrl":"https:\/\/unlisters.com\/wp-content\/uploads\/2025\/06\/FAVICO_unlisters-01.png","width":500,"height":500,"caption":"Unlisters"},"image":{"@id":"https:\/\/unlisters.com\/#\/schema\/logo\/image\/"},"sameAs":["https:\/\/www.facebook.com\/unlisters","https:\/\/www.linkedin.com\/company\/unlisters"]}]}},"_links":{"self":[{"href":"https:\/\/unlisters.com\/cs\/wp-json\/wp\/v2\/pages\/547","targetHints":{"allow":["GET"]}}],"collection":[{"href":"https:\/\/unlisters.com\/cs\/wp-json\/wp\/v2\/pages"}],"about":[{"href":"https:\/\/unlisters.com\/cs\/wp-json\/wp\/v2\/types\/page"}],"author":[{"embeddable":true,"href":"https:\/\/unlisters.com\/cs\/wp-json\/wp\/v2\/users\/1"}],"replies":[{"embeddable":true,"href":"https:\/\/unlisters.com\/cs\/wp-json\/wp\/v2\/comments?post=547"}],"version-history":[{"count":19,"href":"https:\/\/unlisters.com\/cs\/wp-json\/wp\/v2\/pages\/547\/revisions"}],"predecessor-version":[{"id":628,"href":"https:\/\/unlisters.com\/cs\/wp-json\/wp\/v2\/pages\/547\/revisions\/628"}],"wp:attachment":[{"href":"https:\/\/unlisters.com\/cs\/wp-json\/wp\/v2\/media?parent=547"}],"curies":[{"name":"wp","href":"https:\/\/api.w.org\/{rel}","templated":true}]}}