{"id":33,"date":"2025-04-25T09:09:15","date_gmt":"2025-04-25T07:09:15","guid":{"rendered":"https:\/\/unlisters.com\/?page_id=33"},"modified":"2026-03-12T07:38:57","modified_gmt":"2026-03-12T06:38:57","slug":"unlisters","status":"publish","type":"page","link":"https:\/\/unlisters.com\/cs\/","title":{"rendered":"Unlisters"},"content":{"rendered":"<div id=\"pl-gb33-69f36bc2cf3a8\"  class=\"panel-layout\" ><div id=\"pg-gb33-69f36bc2cf3a8-0\"  class=\"panel-grid panel-no-style\" ><div id=\"pgc-gb33-69f36bc2cf3a8-0-0\"  class=\"panel-grid-cell\" ><div id=\"panel-gb33-69f36bc2cf3a8-0-0-0\" class=\"so-panel widget widget_sow-editor panel-first-child panel-last-child\" data-index=\"0\" ><div class=\"so-text-col panel-widget-style panel-widget-style-for-gb33-69f36bc2cf3a8-0-0-0\" ><div\n\t\t\t\n\t\t\tclass=\"so-widget-sow-editor so-widget-sow-editor-base\"\n\t\t\t\n\t\t>\n<div class=\"siteorigin-widget-tinymce textwidget\">\n\t<div class=\"bold-statement\">Jak to funguje<\/div>\n<ol class=\"unlisters-ol\">\n<li>Ov\u011b\u0159te se jako makl\u00e9\u0159<\/li>\n<li>Objevujte off-market nab\u00eddky ze s\u00edt\u011b makl\u00e9\u0159\u016f<\/li>\n<li>Sd\u00edlejte nab\u00eddky v s\u00edti nebo v soukrom\u00fdch skupin\u00e1ch<\/li>\n<\/ol>\n<\/div>\n<\/div><\/div><\/div><\/div><div id=\"pgc-gb33-69f36bc2cf3a8-0-1\"  class=\"panel-grid-cell\" ><div id=\"panel-gb33-69f36bc2cf3a8-0-1-0\" class=\"so-panel widget widget_sow-editor panel-first-child panel-last-child\" data-index=\"1\" ><div class=\"so-image-col panel-widget-style panel-widget-style-for-gb33-69f36bc2cf3a8-0-1-0\" ><div\n\t\t\t\n\t\t\tclass=\"so-widget-sow-editor so-widget-sow-editor-base\"\n\t\t\t\n\t\t>\n<div class=\"siteorigin-widget-tinymce textwidget\">\n\t<p><img loading=\"lazy\" decoding=\"async\" class=\"alignnone size-full wp-image-790\" src=\"https:\/\/unlisters.com\/wp-content\/uploads\/2026\/03\/unlisters_off_market_deals.jpg\" alt=\"\" width=\"1201\" height=\"1753\" srcset=\"https:\/\/unlisters.com\/wp-content\/uploads\/2026\/03\/unlisters_off_market_deals.jpg 1201w, https:\/\/unlisters.com\/wp-content\/uploads\/2026\/03\/unlisters_off_market_deals-206x300.jpg 206w, https:\/\/unlisters.com\/wp-content\/uploads\/2026\/03\/unlisters_off_market_deals-702x1024.jpg 702w, https:\/\/unlisters.com\/wp-content\/uploads\/2026\/03\/unlisters_off_market_deals-768x1121.jpg 768w, https:\/\/unlisters.com\/wp-content\/uploads\/2026\/03\/unlisters_off_market_deals-1052x1536.jpg 1052w, https:\/\/unlisters.com\/wp-content\/uploads\/2026\/03\/unlisters_off_market_deals-8x12.jpg 8w\" sizes=\"auto, (max-width: 1201px) 100vw, 1201px\" \/><\/p>\n<\/div>\n<\/div><\/div><\/div><\/div><\/div><div id=\"pg-gb33-69f36bc2cf3a8-1\"  class=\"panel-grid panel-has-style\" ><div class=\"panel-row-style panel-row-style-for-gb33-69f36bc2cf3a8-1\" ><div id=\"pgc-gb33-69f36bc2cf3a8-1-0\"  class=\"panel-grid-cell\" ><div id=\"panel-gb33-69f36bc2cf3a8-1-0-0\" class=\"so-panel widget widget_sow-editor panel-first-child panel-last-child\" data-index=\"2\" ><div id=\"more\" class=\"panel-widget-style panel-widget-style-for-gb33-69f36bc2cf3a8-1-0-0\" ><div\n\t\t\t\n\t\t\tclass=\"so-widget-sow-editor so-widget-sow-editor-base\"\n\t\t\t\n\t\t>\n<div class=\"siteorigin-widget-tinymce textwidget\">\n\t<div class=\"bold-statement\">Probl\u00e9m<\/div>\n<h2>Pro\u010d makl\u00e9\u0159i opou\u0161t\u011bj\u00ed WhatsApp a e-mail<\/h2>\n<p>Off-market ponuky s\u00fa roztr\u00fasen\u00e9 v skupin\u00e1ch na WhatsAppe, v e-mailoch a v s\u00fakromn\u00fdch spr\u00e1vach. Inform\u00e1cie sa str\u00e1caj\u00fa, s\u00fa nepreh\u013eadn\u00e9 a kontrola nad zdie\u013ean\u00edm mizne v momente, ke\u010f stla\u010d\u00edte \u201eodosla\u0165\u201c.<\/p>\n<\/div>\n<\/div><\/div><\/div><\/div><div id=\"pgc-gb33-69f36bc2cf3a8-1-1\"  class=\"panel-grid-cell\" ><div id=\"panel-gb33-69f36bc2cf3a8-1-1-0\" class=\"so-panel widget widget_sow-editor panel-first-child panel-last-child\" data-index=\"3\" ><div id=\"more\" class=\"panel-widget-style panel-widget-style-for-gb33-69f36bc2cf3a8-1-1-0\" ><div\n\t\t\t\n\t\t\tclass=\"so-widget-sow-editor so-widget-sow-editor-base\"\n\t\t\t\n\t\t>\n<div class=\"siteorigin-widget-tinymce textwidget\">\n\t<div class=\"bold-statement\">Chyt\u0159ej\u0161\u00ed zp\u016fsob<\/div>\n<h2>Unlisters nahrazuje nep\u0159ehledn\u00e9 sd\u00edlen\u00ed nab\u00eddek jedn\u00edm kontrolovan\u00fdm pracovn\u00edm prost\u0159ed\u00edm pro profesion\u00e1ly.<\/h2>\n<ul class=\"unlisters-ul\">\n<li>Nab\u00eddky jsou vyhledateln\u00e9, ne ztracen\u00e9 v historii zpr\u00e1v<\/li>\n<li>Viditelnost je z\u00e1m\u011brn\u00e1, ne n\u00e1hodn\u00e1<\/li>\n<li>P\u0159\u00edstup je omezen na ov\u011b\u0159en\u00e9 makl\u00e9\u0159e, s voliteln\u00fdmi soukrom\u00fdmi skupinami, kter\u00e9 ovl\u00e1d\u00e1te<\/li>\n<\/ul>\n<\/div>\n<\/div><\/div><\/div><\/div><\/div><\/div><div id=\"pg-gb33-69f36bc2cf3a8-2\"  class=\"panel-grid panel-has-style\" ><div class=\"siteorigin-panels-stretch panel-row-style panel-row-style-for-gb33-69f36bc2cf3a8-2\" data-stretch-type=\"full\" ><div id=\"pgc-gb33-69f36bc2cf3a8-2-0\"  class=\"panel-grid-cell\" ><div id=\"panel-gb33-69f36bc2cf3a8-2-0-0\" class=\"so-panel widget widget_sow-editor panel-first-child panel-last-child\" data-index=\"4\" ><div id=\"more\" class=\"panel-widget-style panel-widget-style-for-gb33-69f36bc2cf3a8-2-0-0\" ><div\n\t\t\t\n\t\t\tclass=\"so-widget-sow-editor so-widget-sow-editor-base\"\n\t\t\t\n\t\t>\n<div class=\"siteorigin-widget-tinymce textwidget\">\n\t<div class=\"bold-statement\">Nejlep\u0161\u00ed nab\u00eddky se nezve\u0159ej\u0148uj\u00ed<\/div>\n<p>Zost\u00e1vaj\u00fa nezverejnen\u00e9 a \u0161\u00edria sa prostredn\u00edctvom d\u00f4veryhodn\u00fdch siet\u00ed makl\u00e9rov, nie cez verejn\u00e9 inzertn\u00e9 port\u00e1ly.<\/p>\n<\/div>\n<\/div><\/div><\/div><\/div><div id=\"pgc-gb33-69f36bc2cf3a8-2-1\"  class=\"panel-grid-cell\" ><div id=\"panel-gb33-69f36bc2cf3a8-2-1-0\" class=\"so-panel widget widget_sow-editor panel-first-child\" data-index=\"5\" ><div id=\"price\" class=\"panel-widget-style panel-widget-style-for-gb33-69f36bc2cf3a8-2-1-0\" ><div\n\t\t\t\n\t\t\tclass=\"so-widget-sow-editor so-widget-sow-editor-base\"\n\t\t\t\n\t\t>\n<div class=\"siteorigin-widget-tinymce textwidget\">\n\t<div class=\"bold-statement\">P\u0159ipojte se k s\u00edti<\/div>\n<p class=\"translation-block\">Vytvo\u0159te si bezplatn\u00fd \u00fa\u010det a za\u010dn\u011bte objevovat a sd\u00edlet off-market nab\u00eddky \u2014 s plnou kontrolou nad t\u00edm, kdo co vid\u00ed.<\/p>\n<p><em>Pouze ov\u011b\u0159en\u00ed makl\u00e9\u0159i. \u017d\u00e1dn\u00e9 ve\u0159ejn\u00e9 inzer\u00e1ty.<\/em><\/p>\n<\/div>\n<\/div><\/div><\/div><div id=\"panel-gb33-69f36bc2cf3a8-2-1-1\" class=\"so-panel widget widget_sow-editor panel-last-child\" data-index=\"6\" ><div id=\"price\" class=\"panel-widget-style panel-widget-style-for-gb33-69f36bc2cf3a8-2-1-1\" ><div\n\t\t\t\n\t\t\tclass=\"so-widget-sow-editor so-widget-sow-editor-base\"\n\t\t\t\n\t\t>\n<div class=\"siteorigin-widget-tinymce textwidget\">\n\t<p><a href=\"https:\/\/app.unlisters.com\/cs\/users\/sign_up\" class=\"my-button-style\" onclick=\"gtag('event', 'click_signup_button_unlisters', {'transport_type': 'beacon'});\">Vytvo\u0159it \u00fa\u010det zdarma<\/a><\/p>\n<\/div>\n<\/div><\/div><\/div><\/div><\/div><\/div><\/div>","protected":false},"excerpt":{"rendered":"<p>Jak to funguje Ov\u011b\u0159it jako makl\u00e9\u0159 Objevte mimotr\u017en\u00ed nab\u00eddky ze s\u00edt\u011b makl\u00e9\u0159\u016f Sd\u00edlen\u00ed obchod\u016f se s\u00edt\u00ed nebo v soukrom\u00fdch skupin\u00e1ch Probl\u00e9m Pro\u010d makl\u00e9\u0159i p\u0159ekra\u010duj\u00ed WhatsApp a e-mail Mimotr\u017en\u00ed nab\u00eddky jsou rozpt\u00fdleny nap\u0159\u00ed\u010d skupinami WhatsApp, e-mailov\u00fdmi vl\u00e1kny a soukrom\u00fdmi zpr\u00e1vami. Informace se ztrat\u00ed, viditelnost je nejasn\u00e1 a kontrola zmiz\u00ed v okam\u017eiku, kdy ... <a title=\"Unlisters\" class=\"read-more\" href=\"https:\/\/unlisters.com\/cs\/\" aria-label=\"\u010c\u00edst v\u00edce o Unlisters\">P\u0159e\u010dt\u011bte si v\u00edce<\/a><\/p>","protected":false},"author":1,"featured_media":520,"parent":0,"menu_order":0,"comment_status":"closed","ping_status":"closed","template":"","meta":{"inline_featured_image":false,"footnotes":""},"class_list":["post-33","page","type-page","status-publish","has-post-thumbnail"],"yoast_head":"<!-- This site is optimized with the Yoast SEO plugin v27.1.1 - https:\/\/yoast.com\/product\/yoast-seo-wordpress\/ -->\n<title>Unlisters | Free Off-Market Deal Network for Real Estate Brokers<\/title>\n<meta name=\"description\" content=\"Discover and share off-market real estate deals in a free, broker-only network designed for controlled visibility and private groups.\" \/>\n<meta name=\"robots\" content=\"index, follow, max-snippet:-1, max-image-preview:large, max-video-preview:-1\" \/>\n<link rel=\"canonical\" href=\"https:\/\/unlisters.com\/cs\/\" \/>\n<meta property=\"og:locale\" content=\"cs_CZ\" \/>\n<meta property=\"og:type\" content=\"article\" \/>\n<meta property=\"og:title\" content=\"Unlisters | Free Off-Market Deal Network for Real Estate Brokers\" \/>\n<meta property=\"og:description\" content=\"Discover and share off-market real estate deals in a free, broker-only network designed for controlled visibility and private groups.\" \/>\n<meta property=\"og:url\" content=\"https:\/\/unlisters.com\/cs\/\" \/>\n<meta property=\"og:site_name\" content=\"Unlisters\" \/>\n<meta property=\"article:publisher\" content=\"https:\/\/www.facebook.com\/unlisters\" \/>\n<meta property=\"article:modified_time\" content=\"2026-03-12T06:38:57+00:00\" \/>\n<meta property=\"og:image\" content=\"https:\/\/unlisters.com\/wp-content\/uploads\/2025\/08\/unlisters_business_offmarket.jpg\" \/>\n\t<meta property=\"og:image:width\" content=\"1200\" \/>\n\t<meta property=\"og:image:height\" content=\"1000\" \/>\n\t<meta property=\"og:image:type\" content=\"image\/jpeg\" \/>\n<meta name=\"twitter:card\" content=\"summary_large_image\" \/>\n<meta name=\"twitter:label1\" content=\"Odhadovan\u00e1 doba \u010dten\u00ed\" \/>\n\t<meta name=\"twitter:data1\" content=\"2 minutes\" \/>\n<script type=\"application\/ld+json\" class=\"yoast-schema-graph\">{\"@context\":\"https:\/\/schema.org\",\"@graph\":[{\"@type\":\"WebPage\",\"@id\":\"https:\/\/unlisters.com\/\",\"url\":\"https:\/\/unlisters.com\/\",\"name\":\"Unlisters | Free Off-Market Deal Network for Real Estate Brokers\",\"isPartOf\":{\"@id\":\"https:\/\/unlisters.com\/#website\"},\"primaryImageOfPage\":{\"@id\":\"https:\/\/unlisters.com\/#primaryimage\"},\"image\":{\"@id\":\"https:\/\/unlisters.com\/#primaryimage\"},\"thumbnailUrl\":\"https:\/\/unlisters.com\/wp-content\/uploads\/2025\/08\/unlisters_business_offmarket.jpg\",\"datePublished\":\"2025-04-25T07:09:15+00:00\",\"dateModified\":\"2026-03-12T06:38:57+00:00\",\"description\":\"Discover and share off-market real estate deals in a free, broker-only network designed for controlled visibility and private groups.\",\"breadcrumb\":{\"@id\":\"https:\/\/unlisters.com\/#breadcrumb\"},\"inLanguage\":\"cs-CZ\",\"potentialAction\":[{\"@type\":\"ReadAction\",\"target\":[\"https:\/\/unlisters.com\/\"]}]},{\"@type\":\"ImageObject\",\"inLanguage\":\"cs-CZ\",\"@id\":\"https:\/\/unlisters.com\/#primaryimage\",\"url\":\"https:\/\/unlisters.com\/wp-content\/uploads\/2025\/08\/unlisters_business_offmarket.jpg\",\"contentUrl\":\"https:\/\/unlisters.com\/wp-content\/uploads\/2025\/08\/unlisters_business_offmarket.jpg\",\"width\":1200,\"height\":1000},{\"@type\":\"BreadcrumbList\",\"@id\":\"https:\/\/unlisters.com\/#breadcrumb\",\"itemListElement\":[{\"@type\":\"ListItem\",\"position\":1,\"name\":\"Domovsk\u00e1 str\u00e1nka\",\"item\":\"https:\/\/unlisters.com\/\"},{\"@type\":\"ListItem\",\"position\":2,\"name\":\"Unlisters\"}]},{\"@type\":\"WebSite\",\"@id\":\"https:\/\/unlisters.com\/#website\",\"url\":\"https:\/\/unlisters.com\/\",\"name\":\"Unlisters\",\"description\":\"Where Brokers Connect\",\"publisher\":{\"@id\":\"https:\/\/unlisters.com\/#organization\"},\"potentialAction\":[{\"@type\":\"SearchAction\",\"target\":{\"@type\":\"EntryPoint\",\"urlTemplate\":\"https:\/\/unlisters.com\/?s={search_term_string}\"},\"query-input\":{\"@type\":\"PropertyValueSpecification\",\"valueRequired\":true,\"valueName\":\"search_term_string\"}}],\"inLanguage\":\"cs-CZ\"},{\"@type\":\"Organization\",\"@id\":\"https:\/\/unlisters.com\/#organization\",\"name\":\"Unlisters\",\"url\":\"https:\/\/unlisters.com\/\",\"logo\":{\"@type\":\"ImageObject\",\"inLanguage\":\"cs-CZ\",\"@id\":\"https:\/\/unlisters.com\/#\/schema\/logo\/image\/\",\"url\":\"https:\/\/unlisters.com\/wp-content\/uploads\/2025\/06\/FAVICO_unlisters-01.png\",\"contentUrl\":\"https:\/\/unlisters.com\/wp-content\/uploads\/2025\/06\/FAVICO_unlisters-01.png\",\"width\":500,\"height\":500,\"caption\":\"Unlisters\"},\"image\":{\"@id\":\"https:\/\/unlisters.com\/#\/schema\/logo\/image\/\"},\"sameAs\":[\"https:\/\/www.facebook.com\/unlisters\",\"https:\/\/www.linkedin.com\/company\/unlisters\"]}]}<\/script>\n<!-- \/ Yoast SEO plugin. -->","yoast_head_json":{"title":"Unlisters | Free Off-Market Deal Network for Real Estate Brokers","description":"Discover and share off-market real estate deals in a free, broker-only network designed for controlled visibility and private groups.","robots":{"index":"index","follow":"follow","max-snippet":"max-snippet:-1","max-image-preview":"max-image-preview:large","max-video-preview":"max-video-preview:-1"},"canonical":"https:\/\/unlisters.com\/cs\/","og_locale":"cs_CZ","og_type":"article","og_title":"Unlisters | Free Off-Market Deal Network for Real Estate Brokers","og_description":"Discover and share off-market real estate deals in a free, broker-only network designed for controlled visibility and private groups.","og_url":"https:\/\/unlisters.com\/cs\/","og_site_name":"Unlisters","article_publisher":"https:\/\/www.facebook.com\/unlisters","article_modified_time":"2026-03-12T06:38:57+00:00","og_image":[{"width":1200,"height":1000,"url":"https:\/\/unlisters.com\/wp-content\/uploads\/2025\/08\/unlisters_business_offmarket.jpg","type":"image\/jpeg"}],"twitter_card":"summary_large_image","twitter_misc":{"Odhadovan\u00e1 doba \u010dten\u00ed":"2 minutes"},"schema":{"@context":"https:\/\/schema.org","@graph":[{"@type":"WebPage","@id":"https:\/\/unlisters.com\/","url":"https:\/\/unlisters.com\/","name":"Unlisters | Free Off-Market Deal Network for Real Estate Brokers","isPartOf":{"@id":"https:\/\/unlisters.com\/#website"},"primaryImageOfPage":{"@id":"https:\/\/unlisters.com\/#primaryimage"},"image":{"@id":"https:\/\/unlisters.com\/#primaryimage"},"thumbnailUrl":"https:\/\/unlisters.com\/wp-content\/uploads\/2025\/08\/unlisters_business_offmarket.jpg","datePublished":"2025-04-25T07:09:15+00:00","dateModified":"2026-03-12T06:38:57+00:00","description":"Discover and share off-market real estate deals in a free, broker-only network designed for controlled visibility and private groups.","breadcrumb":{"@id":"https:\/\/unlisters.com\/#breadcrumb"},"inLanguage":"cs-CZ","potentialAction":[{"@type":"ReadAction","target":["https:\/\/unlisters.com\/"]}]},{"@type":"ImageObject","inLanguage":"cs-CZ","@id":"https:\/\/unlisters.com\/#primaryimage","url":"https:\/\/unlisters.com\/wp-content\/uploads\/2025\/08\/unlisters_business_offmarket.jpg","contentUrl":"https:\/\/unlisters.com\/wp-content\/uploads\/2025\/08\/unlisters_business_offmarket.jpg","width":1200,"height":1000},{"@type":"BreadcrumbList","@id":"https:\/\/unlisters.com\/#breadcrumb","itemListElement":[{"@type":"ListItem","position":1,"name":"Domovsk\u00e1 str\u00e1nka","item":"https:\/\/unlisters.com\/"},{"@type":"ListItem","position":2,"name":"Unlisters"}]},{"@type":"WebSite","@id":"https:\/\/unlisters.com\/#website","url":"https:\/\/unlisters.com\/","name":"Unlisters","description":"Where Brokers Connect","publisher":{"@id":"https:\/\/unlisters.com\/#organization"},"potentialAction":[{"@type":"SearchAction","target":{"@type":"EntryPoint","urlTemplate":"https:\/\/unlisters.com\/?s={search_term_string}"},"query-input":{"@type":"PropertyValueSpecification","valueRequired":true,"valueName":"search_term_string"}}],"inLanguage":"cs-CZ"},{"@type":"Organization","@id":"https:\/\/unlisters.com\/#organization","name":"Unlisters","url":"https:\/\/unlisters.com\/","logo":{"@type":"ImageObject","inLanguage":"cs-CZ","@id":"https:\/\/unlisters.com\/#\/schema\/logo\/image\/","url":"https:\/\/unlisters.com\/wp-content\/uploads\/2025\/06\/FAVICO_unlisters-01.png","contentUrl":"https:\/\/unlisters.com\/wp-content\/uploads\/2025\/06\/FAVICO_unlisters-01.png","width":500,"height":500,"caption":"Unlisters"},"image":{"@id":"https:\/\/unlisters.com\/#\/schema\/logo\/image\/"},"sameAs":["https:\/\/www.facebook.com\/unlisters","https:\/\/www.linkedin.com\/company\/unlisters"]}]}},"_links":{"self":[{"href":"https:\/\/unlisters.com\/cs\/wp-json\/wp\/v2\/pages\/33","targetHints":{"allow":["GET"]}}],"collection":[{"href":"https:\/\/unlisters.com\/cs\/wp-json\/wp\/v2\/pages"}],"about":[{"href":"https:\/\/unlisters.com\/cs\/wp-json\/wp\/v2\/types\/page"}],"author":[{"embeddable":true,"href":"https:\/\/unlisters.com\/cs\/wp-json\/wp\/v2\/users\/1"}],"replies":[{"embeddable":true,"href":"https:\/\/unlisters.com\/cs\/wp-json\/wp\/v2\/comments?post=33"}],"version-history":[{"count":217,"href":"https:\/\/unlisters.com\/cs\/wp-json\/wp\/v2\/pages\/33\/revisions"}],"predecessor-version":[{"id":800,"href":"https:\/\/unlisters.com\/cs\/wp-json\/wp\/v2\/pages\/33\/revisions\/800"}],"wp:featuredmedia":[{"embeddable":true,"href":"https:\/\/unlisters.com\/cs\/wp-json\/wp\/v2\/media\/520"}],"wp:attachment":[{"href":"https:\/\/unlisters.com\/cs\/wp-json\/wp\/v2\/media?parent=33"}],"curies":[{"name":"wp","href":"https:\/\/api.w.org\/{rel}","templated":true}]}}