{"id":450,"date":"2025-08-10T08:03:58","date_gmt":"2025-08-10T06:03:58","guid":{"rendered":"https:\/\/unlisters.com\/?page_id=450"},"modified":"2025-10-31T13:56:59","modified_gmt":"2025-10-31T12:56:59","slug":"welcome","status":"publish","type":"page","link":"http:\/\/unlisters.com\/sk\/welcome\/","title":{"rendered":"Vitajte"},"content":{"rendered":"<div id=\"pl-450\"  class=\"panel-layout\" ><div id=\"pg-450-0\"  class=\"panel-grid panel-no-style\" ><div id=\"pgc-450-0-0\"  class=\"panel-grid-cell\" ><div id=\"panel-450-0-0-0\" class=\"so-panel widget widget_sow-editor panel-first-child panel-last-child\" data-index=\"0\" ><div\n\t\t\t\n\t\t\tclass=\"so-widget-sow-editor so-widget-sow-editor-base\"\n\t\t\t\n\t\t><h3 class=\"widget-title\">Vitajte v Unlisters!<\/h3>\n<div class=\"siteorigin-widget-tinymce textwidget\">\n\t<p>Vitajte v komunite Unlisters \u2013 va\u0161ej br\u00e1ne k exkluz\u00edvnym ponuk\u00e1m a spojeniam, ktor\u00e9 nikde inde nen\u00e1jdete.<\/p>\n<\/div>\n<\/div><\/div><\/div><div id=\"pgc-450-0-1\"  class=\"panel-grid-cell\" ><div id=\"panel-450-0-1-0\" class=\"so-panel widget widget_sow-editor panel-first-child panel-last-child\" data-index=\"1\" ><div\n\t\t\t\n\t\t\tclass=\"so-widget-sow-editor so-widget-sow-editor-base\"\n\t\t\t\n\t\t><h3 class=\"widget-title\">R\u00fdchly n\u00e1vod, ako za\u010da\u0165<\/h3>\n<div class=\"siteorigin-widget-tinymce textwidget\">\n\t<h3>1. Presk\u00famajte zoznamy<\/h3>\n<p>Pozrite si sekciu V\u0161etky zoznamy a pozrite si ponuky zdie\u013ean\u00e9 so v\u0161etk\u00fdmi \u010dlenmi Unlisters. To je len za\u010diatok \u2013 mnoh\u00e9 obchody s\u00fa k dispoz\u00edcii len v r\u00e1mci s\u00fakromn\u00fdch siet\u00ed vytvoren\u00fdch \u010dlenmi. Chcete ma\u0165 pr\u00edstup k viac? Vytvorte si vlastn\u00fa sie\u0165 alebo po\u017eiadajte o pripojenie k ostatn\u00fdm.<\/p>\n<h3>2. Pridajte svoju ponuku alebo po\u017eiadavku<\/h3>\n<p>Vytvorte nov\u00fd zoznam a rozhodnite sa, kto ho m\u00f4\u017ee vidie\u0165 \u2013 v\u0161etci alebo len va\u0161a s\u00fakromn\u00e1 sie\u0165. M\u00f4\u017eete si vybra\u0165, \u010di chcete zobrazi\u0165 v\u0161etky podrobnosti alebo len n\u00e1zov. Zahrnutie ceny a prov\u00edzie pom\u00e1ha pril\u00e1ka\u0165 v\u00e4\u010d\u0161\u00ed z\u00e1ujem a ur\u00fdchli\u0165 dohodu.<\/p>\n<h3>3. Roz\u0161\u00edrte svoju sie\u0165<\/h3>\n<p>Nav\u0161t\u00edvte sekciu Network \/ Unlisters a spojte sa s odborn\u00edkmi z cel\u00e9ho sveta. Vytv\u00e1rajte s\u00fakromn\u00e9 siete, ktor\u00e9 zodpovedaj\u00fa v\u00e1\u0161mu zameraniu a zdie\u013eajte v nich exkluz\u00edvne ponuky. \u010c\u00edm ste akt\u00edvnej\u0161\u00ed, t\u00fdm viac pr\u00edle\u017eitost\u00ed v\u00e1s n\u00e1jde.<\/p>\n<h3>Za\u010da\u0165<\/h3>\n<p>Prihl\u00e1ste sa, presk\u00famajte zoznamy a pode\u013ete sa o svoju prv\u00fa pr\u00edle\u017eitos\u0165. Ka\u017ed\u00e9 nov\u00e9 spojenie m\u00f4\u017ee vies\u0165 k va\u0161ej \u010fal\u0161ej \u00faspe\u0161nej dohode.<\/p>\n<p>&nbsp;<\/p>\n<p>&nbsp;<\/p>\n<\/div>\n<\/div><\/div><\/div><\/div><\/div>","protected":false},"excerpt":{"rendered":"<p>Vitajte v komunite Unlisters \u2013 va\u0161ej br\u00e1ne k exkluz\u00edvnym ponuk\u00e1m a spojeniam, ktor\u00e9 nikde inde nen\u00e1jdete. 1. Pozrite si sekciu V\u0161etky zoznamy a pozrite si ponuky zdie\u013ean\u00e9 so v\u0161etk\u00fdmi \u010dlenmi Unlisters. To je len za\u010diatok \u2013 mnoh\u00e9 obchody s\u00fa k dispoz\u00edcii len v r\u00e1mci s\u00fakromn\u00fdch siet\u00ed vytvoren\u00fdch \u010dlenmi. Chcete ma\u0165 pr\u00edstup k viac? ... <a title=\"Vitajte\" class=\"read-more\" href=\"http:\/\/unlisters.com\/sk\/welcome\/\" aria-label=\"Pre\u010d\u00edtajte si viac o Vitajte\">Pre\u010d\u00edtajte si viac<\/a><\/p>","protected":false},"author":1,"featured_media":0,"parent":0,"menu_order":0,"comment_status":"closed","ping_status":"closed","template":"","meta":{"inline_featured_image":false,"footnotes":""},"class_list":["post-450","page","type-page","status-publish"],"yoast_head":"<!-- This site is optimized with the Yoast SEO plugin v27.1.1 - https:\/\/yoast.com\/product\/yoast-seo-wordpress\/ -->\n<title>Welcome | Unlisters<\/title>\n<meta name=\"robots\" content=\"index, follow, max-snippet:-1, max-image-preview:large, max-video-preview:-1\" \/>\n<link rel=\"canonical\" href=\"http:\/\/unlisters.com\/sk\/welcome\/\" \/>\n<meta property=\"og:locale\" content=\"sk_SK\" \/>\n<meta property=\"og:type\" content=\"article\" \/>\n<meta property=\"og:title\" content=\"Welcome | Unlisters\" \/>\n<meta property=\"og:description\" content=\"Welcome to the Unlisters community \u2014 your gateway to exclusive deals and connections you won\u2019t find anywhere else. 1. Explore Listings Check out the All Listings section to see offers shared with all Unlisters members. That\u2019s just the beginning \u2014 many deals are available only within private networks created by members. Want access to more? ... Read more\" \/>\n<meta property=\"og:url\" content=\"http:\/\/unlisters.com\/sk\/welcome\/\" \/>\n<meta property=\"og:site_name\" content=\"Unlisters\" \/>\n<meta property=\"article:publisher\" content=\"https:\/\/www.facebook.com\/unlisters\" \/>\n<meta property=\"article:modified_time\" content=\"2025-10-31T12:56:59+00:00\" \/>\n<meta property=\"og:image\" content=\"https:\/\/unlisters.com\/wp-content\/uploads\/2025\/04\/real-estate-deals.jpg\" \/>\n\t<meta property=\"og:image:width\" content=\"2000\" \/>\n\t<meta property=\"og:image:height\" content=\"1333\" \/>\n\t<meta property=\"og:image:type\" content=\"image\/jpeg\" \/>\n<meta name=\"twitter:card\" content=\"summary_large_image\" \/>\n<meta name=\"twitter:label1\" content=\"Predpokladan\u00fd \u010das \u010d\u00edtania\" \/>\n\t<meta name=\"twitter:data1\" content=\"1 minute\" \/>\n<script type=\"application\/ld+json\" class=\"yoast-schema-graph\">{\"@context\":\"https:\/\/schema.org\",\"@graph\":[{\"@type\":\"WebPage\",\"@id\":\"https:\/\/unlisters.com\/welcome\/\",\"url\":\"https:\/\/unlisters.com\/welcome\/\",\"name\":\"Welcome | Unlisters\",\"isPartOf\":{\"@id\":\"https:\/\/unlisters.com\/#website\"},\"datePublished\":\"2025-08-10T06:03:58+00:00\",\"dateModified\":\"2025-10-31T12:56:59+00:00\",\"breadcrumb\":{\"@id\":\"https:\/\/unlisters.com\/welcome\/#breadcrumb\"},\"inLanguage\":\"sk-SK\",\"potentialAction\":[{\"@type\":\"ReadAction\",\"target\":[\"https:\/\/unlisters.com\/welcome\/\"]}]},{\"@type\":\"BreadcrumbList\",\"@id\":\"https:\/\/unlisters.com\/welcome\/#breadcrumb\",\"itemListElement\":[{\"@type\":\"ListItem\",\"position\":1,\"name\":\"Domovsk\u00e1 str\u00e1nka\",\"item\":\"https:\/\/unlisters.com\/\"},{\"@type\":\"ListItem\",\"position\":2,\"name\":\"Welcome\"}]},{\"@type\":\"WebSite\",\"@id\":\"https:\/\/unlisters.com\/#website\",\"url\":\"https:\/\/unlisters.com\/\",\"name\":\"Unlisters\",\"description\":\"Where Brokers Connect\",\"publisher\":{\"@id\":\"https:\/\/unlisters.com\/#organization\"},\"potentialAction\":[{\"@type\":\"SearchAction\",\"target\":{\"@type\":\"EntryPoint\",\"urlTemplate\":\"https:\/\/unlisters.com\/?s={search_term_string}\"},\"query-input\":{\"@type\":\"PropertyValueSpecification\",\"valueRequired\":true,\"valueName\":\"search_term_string\"}}],\"inLanguage\":\"sk-SK\"},{\"@type\":\"Organization\",\"@id\":\"https:\/\/unlisters.com\/#organization\",\"name\":\"Unlisters\",\"url\":\"https:\/\/unlisters.com\/\",\"logo\":{\"@type\":\"ImageObject\",\"inLanguage\":\"sk-SK\",\"@id\":\"https:\/\/unlisters.com\/#\/schema\/logo\/image\/\",\"url\":\"https:\/\/unlisters.com\/wp-content\/uploads\/2025\/06\/FAVICO_unlisters-01.png\",\"contentUrl\":\"https:\/\/unlisters.com\/wp-content\/uploads\/2025\/06\/FAVICO_unlisters-01.png\",\"width\":500,\"height\":500,\"caption\":\"Unlisters\"},\"image\":{\"@id\":\"https:\/\/unlisters.com\/#\/schema\/logo\/image\/\"},\"sameAs\":[\"https:\/\/www.facebook.com\/unlisters\",\"https:\/\/www.linkedin.com\/company\/unlisters\"]}]}<\/script>\n<!-- \/ Yoast SEO plugin. -->","yoast_head_json":{"title":"Welcome | Unlisters","robots":{"index":"index","follow":"follow","max-snippet":"max-snippet:-1","max-image-preview":"max-image-preview:large","max-video-preview":"max-video-preview:-1"},"canonical":"http:\/\/unlisters.com\/sk\/welcome\/","og_locale":"sk_SK","og_type":"article","og_title":"Welcome | Unlisters","og_description":"Welcome to the Unlisters community \u2014 your gateway to exclusive deals and connections you won\u2019t find anywhere else. 1. Explore Listings Check out the All Listings section to see offers shared with all Unlisters members. That\u2019s just the beginning \u2014 many deals are available only within private networks created by members. Want access to more? ... Read more","og_url":"http:\/\/unlisters.com\/sk\/welcome\/","og_site_name":"Unlisters","article_publisher":"https:\/\/www.facebook.com\/unlisters","article_modified_time":"2025-10-31T12:56:59+00:00","og_image":[{"width":2000,"height":1333,"url":"https:\/\/unlisters.com\/wp-content\/uploads\/2025\/04\/real-estate-deals.jpg","type":"image\/jpeg"}],"twitter_card":"summary_large_image","twitter_misc":{"Predpokladan\u00fd \u010das \u010d\u00edtania":"1 minute"},"schema":{"@context":"https:\/\/schema.org","@graph":[{"@type":"WebPage","@id":"https:\/\/unlisters.com\/welcome\/","url":"https:\/\/unlisters.com\/welcome\/","name":"Welcome | Unlisters","isPartOf":{"@id":"https:\/\/unlisters.com\/#website"},"datePublished":"2025-08-10T06:03:58+00:00","dateModified":"2025-10-31T12:56:59+00:00","breadcrumb":{"@id":"https:\/\/unlisters.com\/welcome\/#breadcrumb"},"inLanguage":"sk-SK","potentialAction":[{"@type":"ReadAction","target":["https:\/\/unlisters.com\/welcome\/"]}]},{"@type":"BreadcrumbList","@id":"https:\/\/unlisters.com\/welcome\/#breadcrumb","itemListElement":[{"@type":"ListItem","position":1,"name":"Domovsk\u00e1 str\u00e1nka","item":"https:\/\/unlisters.com\/"},{"@type":"ListItem","position":2,"name":"Welcome"}]},{"@type":"WebSite","@id":"https:\/\/unlisters.com\/#website","url":"https:\/\/unlisters.com\/","name":"Unlisters","description":"Where Brokers Connect","publisher":{"@id":"https:\/\/unlisters.com\/#organization"},"potentialAction":[{"@type":"SearchAction","target":{"@type":"EntryPoint","urlTemplate":"https:\/\/unlisters.com\/?s={search_term_string}"},"query-input":{"@type":"PropertyValueSpecification","valueRequired":true,"valueName":"search_term_string"}}],"inLanguage":"sk-SK"},{"@type":"Organization","@id":"https:\/\/unlisters.com\/#organization","name":"Unlisters","url":"https:\/\/unlisters.com\/","logo":{"@type":"ImageObject","inLanguage":"sk-SK","@id":"https:\/\/unlisters.com\/#\/schema\/logo\/image\/","url":"https:\/\/unlisters.com\/wp-content\/uploads\/2025\/06\/FAVICO_unlisters-01.png","contentUrl":"https:\/\/unlisters.com\/wp-content\/uploads\/2025\/06\/FAVICO_unlisters-01.png","width":500,"height":500,"caption":"Unlisters"},"image":{"@id":"https:\/\/unlisters.com\/#\/schema\/logo\/image\/"},"sameAs":["https:\/\/www.facebook.com\/unlisters","https:\/\/www.linkedin.com\/company\/unlisters"]}]}},"_links":{"self":[{"href":"http:\/\/unlisters.com\/sk\/wp-json\/wp\/v2\/pages\/450","targetHints":{"allow":["GET"]}}],"collection":[{"href":"http:\/\/unlisters.com\/sk\/wp-json\/wp\/v2\/pages"}],"about":[{"href":"http:\/\/unlisters.com\/sk\/wp-json\/wp\/v2\/types\/page"}],"author":[{"embeddable":true,"href":"http:\/\/unlisters.com\/sk\/wp-json\/wp\/v2\/users\/1"}],"replies":[{"embeddable":true,"href":"http:\/\/unlisters.com\/sk\/wp-json\/wp\/v2\/comments?post=450"}],"version-history":[{"count":9,"href":"http:\/\/unlisters.com\/sk\/wp-json\/wp\/v2\/pages\/450\/revisions"}],"predecessor-version":[{"id":544,"href":"http:\/\/unlisters.com\/sk\/wp-json\/wp\/v2\/pages\/450\/revisions\/544"}],"wp:attachment":[{"href":"http:\/\/unlisters.com\/sk\/wp-json\/wp\/v2\/media?parent=450"}],"curies":[{"name":"wp","href":"https:\/\/api.w.org\/{rel}","templated":true}]}}