{"id":450,"date":"2025-08-10T08:03:58","date_gmt":"2025-08-10T06:03:58","guid":{"rendered":"https:\/\/unlisters.com\/?page_id=450"},"modified":"2025-10-31T13:56:59","modified_gmt":"2025-10-31T12:56:59","slug":"welcome","status":"publish","type":"page","link":"http:\/\/unlisters.com\/pl\/welcome\/","title":{"rendered":"Witamy"},"content":{"rendered":"<div id=\"pl-450\"  class=\"panel-layout\" ><div id=\"pg-450-0\"  class=\"panel-grid panel-no-style\" ><div id=\"pgc-450-0-0\"  class=\"panel-grid-cell\" ><div id=\"panel-450-0-0-0\" class=\"so-panel widget widget_sow-editor panel-first-child panel-last-child\" data-index=\"0\" ><div\n\t\t\t\n\t\t\tclass=\"so-widget-sow-editor so-widget-sow-editor-base\"\n\t\t\t\n\t\t><h3 class=\"widget-title\">Witamy w Unlisters!<\/h3>\n<div class=\"siteorigin-widget-tinymce textwidget\">\n\t<p>Zapraszamy do spo\u0142eczno\u015bci Unlisters \u2013 Twojej bramy do ekskluzywnych ofert i po\u0142\u0105cze\u0144, kt\u00f3rych nie znajdziesz nigdzie indziej.<\/p>\n<\/div>\n<\/div><\/div><\/div><div id=\"pgc-450-0-1\"  class=\"panel-grid-cell\" ><div id=\"panel-450-0-1-0\" class=\"so-panel widget widget_sow-editor panel-first-child panel-last-child\" data-index=\"1\" ><div\n\t\t\t\n\t\t\tclass=\"so-widget-sow-editor so-widget-sow-editor-base\"\n\t\t\t\n\t\t><h3 class=\"widget-title\">Tw\u00f3j skr\u00f3cony przewodnik po rozpocz\u0119ciu<\/h3>\n<div class=\"siteorigin-widget-tinymce textwidget\">\n\t<h3>1. Przegl\u0105daj oferty<\/h3>\n<p>Sprawd\u017a sekcj\u0119 Wszystkie oferty, aby zobaczy\u0107 oferty udost\u0119pniane wszystkim cz\u0142onkom Unlisters. To dopiero pocz\u0105tek \u2013 wiele ofert jest dost\u0119pnych tylko w sieciach prywatnych utworzonych przez cz\u0142onk\u00f3w. Chcesz mie\u0107 dost\u0119p do wi\u0119cej? Zbuduj w\u0142asn\u0105 sie\u0107 lub popro\u015b o do\u0142\u0105czenie do innych.<\/p>\n<h3>2. Dodaj swoj\u0105 ofert\u0119 lub zapytanie<\/h3>\n<p>Utw\u00f3rz now\u0105 list\u0119 i zdecyduj, kto mo\u017ce j\u0105 zobaczy\u0107 \u2013 wszyscy lub po prostu Twoja prywatna sie\u0107. Mo\u017cesz wybra\u0107, aby pokaza\u0107 pe\u0142ne szczeg\u00f3\u0142y lub tylko tytu\u0142. W\u0142\u0105czenie ceny i prowizji pomaga przyci\u0105gn\u0105\u0107 wi\u0119ksze zainteresowanie i przyspieszy\u0107 transakcj\u0119.<\/p>\n<h3>3. Rozwijaj swoj\u0105 sie\u0107<\/h3>\n<p>Odwied\u017a sekcj\u0119 Network \/ Unlisters, aby skontaktowa\u0107 si\u0119 z profesjonalistami z ca\u0142ego \u015bwiata. Tw\u00f3rz sieci prywatne, kt\u00f3re pasuj\u0105 do Twojego zainteresowania i udost\u0119pniaj w nich ekskluzywne oferty. Im bardziej jeste\u015b aktywny, tym wi\u0119cej mo\u017cliwo\u015bci znajdziesz.<\/p>\n<h3>Rozpocznij<\/h3>\n<p>Zaloguj si\u0119, poznaj oferty i podziel si\u0119 swoj\u0105 pierwsz\u0105 szans\u0105. Ka\u017cde nowe po\u0142\u0105czenie mo\u017ce doprowadzi\u0107 do kolejnej udanej transakcji.<\/p>\n<p>&nbsp;<\/p>\n<p>&nbsp;<\/p>\n<\/div>\n<\/div><\/div><\/div><\/div><\/div>","protected":false},"excerpt":{"rendered":"<p>Zapraszamy do spo\u0142eczno\u015bci Unlisters \u2013 Twojej bramy do ekskluzywnych ofert i po\u0142\u0105cze\u0144, kt\u00f3rych nie znajdziesz nigdzie indziej. 1. Sprawd\u017a sekcj\u0119 Wszystkie og\u0142oszenia, aby zobaczy\u0107 oferty udost\u0119pniane wszystkim cz\u0142onkom Unlisters. To dopiero pocz\u0105tek \u2013 wiele ofert jest dost\u0119pnych tylko w sieciach prywatnych utworzonych przez cz\u0142onk\u00f3w. Chcesz mie\u0107 dost\u0119p do wi\u0119cej? ... <a title=\"Witamy\" class=\"read-more\" href=\"http:\/\/unlisters.com\/pl\/welcome\/\" aria-label=\"Dowiedz si\u0119 wi\u0119cej o Welcome\">Czytaj dalej<\/a><\/p>","protected":false},"author":1,"featured_media":0,"parent":0,"menu_order":0,"comment_status":"closed","ping_status":"closed","template":"","meta":{"inline_featured_image":false,"footnotes":""},"class_list":["post-450","page","type-page","status-publish"],"yoast_head":"<!-- This site is optimized with the Yoast SEO plugin v27.1.1 - https:\/\/yoast.com\/product\/yoast-seo-wordpress\/ -->\n<title>Welcome | Unlisters<\/title>\n<meta name=\"robots\" content=\"index, follow, max-snippet:-1, max-image-preview:large, max-video-preview:-1\" \/>\n<link rel=\"canonical\" href=\"http:\/\/unlisters.com\/pl\/welcome\/\" \/>\n<meta property=\"og:locale\" content=\"pl_PL\" \/>\n<meta property=\"og:type\" content=\"article\" \/>\n<meta property=\"og:title\" content=\"Welcome | Unlisters\" \/>\n<meta property=\"og:description\" content=\"Welcome to the Unlisters community \u2014 your gateway to exclusive deals and connections you won\u2019t find anywhere else. 1. Explore Listings Check out the All Listings section to see offers shared with all Unlisters members. That\u2019s just the beginning \u2014 many deals are available only within private networks created by members. Want access to more? ... Czytaj dalej\" \/>\n<meta property=\"og:url\" content=\"http:\/\/unlisters.com\/pl\/welcome\/\" \/>\n<meta property=\"og:site_name\" content=\"Unlisters\" \/>\n<meta property=\"article:publisher\" content=\"https:\/\/www.facebook.com\/unlisters\" \/>\n<meta property=\"article:modified_time\" content=\"2025-10-31T12:56:59+00:00\" \/>\n<meta property=\"og:image\" content=\"https:\/\/unlisters.com\/wp-content\/uploads\/2025\/04\/real-estate-deals.jpg\" \/>\n\t<meta property=\"og:image:width\" content=\"2000\" \/>\n\t<meta property=\"og:image:height\" content=\"1333\" \/>\n\t<meta property=\"og:image:type\" content=\"image\/jpeg\" \/>\n<meta name=\"twitter:card\" content=\"summary_large_image\" \/>\n<meta name=\"twitter:label1\" content=\"Szacowany czas czytania\" \/>\n\t<meta name=\"twitter:data1\" content=\"1 minute\" \/>\n<script type=\"application\/ld+json\" class=\"yoast-schema-graph\">{\"@context\":\"https:\/\/schema.org\",\"@graph\":[{\"@type\":\"WebPage\",\"@id\":\"https:\/\/unlisters.com\/welcome\/\",\"url\":\"https:\/\/unlisters.com\/welcome\/\",\"name\":\"Welcome | Unlisters\",\"isPartOf\":{\"@id\":\"https:\/\/unlisters.com\/#website\"},\"datePublished\":\"2025-08-10T06:03:58+00:00\",\"dateModified\":\"2025-10-31T12:56:59+00:00\",\"breadcrumb\":{\"@id\":\"https:\/\/unlisters.com\/welcome\/#breadcrumb\"},\"inLanguage\":\"pl-PL\",\"potentialAction\":[{\"@type\":\"ReadAction\",\"target\":[\"https:\/\/unlisters.com\/welcome\/\"]}]},{\"@type\":\"BreadcrumbList\",\"@id\":\"https:\/\/unlisters.com\/welcome\/#breadcrumb\",\"itemListElement\":[{\"@type\":\"ListItem\",\"position\":1,\"name\":\"Domovsk\u00e1 str\u00e1nka\",\"item\":\"https:\/\/unlisters.com\/\"},{\"@type\":\"ListItem\",\"position\":2,\"name\":\"Welcome\"}]},{\"@type\":\"WebSite\",\"@id\":\"https:\/\/unlisters.com\/#website\",\"url\":\"https:\/\/unlisters.com\/\",\"name\":\"Unlisters\",\"description\":\"Where Brokers Connect\",\"publisher\":{\"@id\":\"https:\/\/unlisters.com\/#organization\"},\"potentialAction\":[{\"@type\":\"SearchAction\",\"target\":{\"@type\":\"EntryPoint\",\"urlTemplate\":\"https:\/\/unlisters.com\/?s={search_term_string}\"},\"query-input\":{\"@type\":\"PropertyValueSpecification\",\"valueRequired\":true,\"valueName\":\"search_term_string\"}}],\"inLanguage\":\"pl-PL\"},{\"@type\":\"Organization\",\"@id\":\"https:\/\/unlisters.com\/#organization\",\"name\":\"Unlisters\",\"url\":\"https:\/\/unlisters.com\/\",\"logo\":{\"@type\":\"ImageObject\",\"inLanguage\":\"pl-PL\",\"@id\":\"https:\/\/unlisters.com\/#\/schema\/logo\/image\/\",\"url\":\"https:\/\/unlisters.com\/wp-content\/uploads\/2025\/06\/FAVICO_unlisters-01.png\",\"contentUrl\":\"https:\/\/unlisters.com\/wp-content\/uploads\/2025\/06\/FAVICO_unlisters-01.png\",\"width\":500,\"height\":500,\"caption\":\"Unlisters\"},\"image\":{\"@id\":\"https:\/\/unlisters.com\/#\/schema\/logo\/image\/\"},\"sameAs\":[\"https:\/\/www.facebook.com\/unlisters\",\"https:\/\/www.linkedin.com\/company\/unlisters\"]}]}<\/script>\n<!-- \/ Yoast SEO plugin. -->","yoast_head_json":{"title":"Welcome | Unlisters","robots":{"index":"index","follow":"follow","max-snippet":"max-snippet:-1","max-image-preview":"max-image-preview:large","max-video-preview":"max-video-preview:-1"},"canonical":"http:\/\/unlisters.com\/pl\/welcome\/","og_locale":"pl_PL","og_type":"article","og_title":"Welcome | Unlisters","og_description":"Welcome to the Unlisters community \u2014 your gateway to exclusive deals and connections you won\u2019t find anywhere else. 1. Explore Listings Check out the All Listings section to see offers shared with all Unlisters members. That\u2019s just the beginning \u2014 many deals are available only within private networks created by members. Want access to more? ... Czytaj dalej","og_url":"http:\/\/unlisters.com\/pl\/welcome\/","og_site_name":"Unlisters","article_publisher":"https:\/\/www.facebook.com\/unlisters","article_modified_time":"2025-10-31T12:56:59+00:00","og_image":[{"width":2000,"height":1333,"url":"https:\/\/unlisters.com\/wp-content\/uploads\/2025\/04\/real-estate-deals.jpg","type":"image\/jpeg"}],"twitter_card":"summary_large_image","twitter_misc":{"Szacowany czas czytania":"1 minute"},"schema":{"@context":"https:\/\/schema.org","@graph":[{"@type":"WebPage","@id":"https:\/\/unlisters.com\/welcome\/","url":"https:\/\/unlisters.com\/welcome\/","name":"Welcome | Unlisters","isPartOf":{"@id":"https:\/\/unlisters.com\/#website"},"datePublished":"2025-08-10T06:03:58+00:00","dateModified":"2025-10-31T12:56:59+00:00","breadcrumb":{"@id":"https:\/\/unlisters.com\/welcome\/#breadcrumb"},"inLanguage":"pl-PL","potentialAction":[{"@type":"ReadAction","target":["https:\/\/unlisters.com\/welcome\/"]}]},{"@type":"BreadcrumbList","@id":"https:\/\/unlisters.com\/welcome\/#breadcrumb","itemListElement":[{"@type":"ListItem","position":1,"name":"Domovsk\u00e1 str\u00e1nka","item":"https:\/\/unlisters.com\/"},{"@type":"ListItem","position":2,"name":"Welcome"}]},{"@type":"WebSite","@id":"https:\/\/unlisters.com\/#website","url":"https:\/\/unlisters.com\/","name":"Unlisters","description":"Where Brokers Connect","publisher":{"@id":"https:\/\/unlisters.com\/#organization"},"potentialAction":[{"@type":"SearchAction","target":{"@type":"EntryPoint","urlTemplate":"https:\/\/unlisters.com\/?s={search_term_string}"},"query-input":{"@type":"PropertyValueSpecification","valueRequired":true,"valueName":"search_term_string"}}],"inLanguage":"pl-PL"},{"@type":"Organization","@id":"https:\/\/unlisters.com\/#organization","name":"Unlisters","url":"https:\/\/unlisters.com\/","logo":{"@type":"ImageObject","inLanguage":"pl-PL","@id":"https:\/\/unlisters.com\/#\/schema\/logo\/image\/","url":"https:\/\/unlisters.com\/wp-content\/uploads\/2025\/06\/FAVICO_unlisters-01.png","contentUrl":"https:\/\/unlisters.com\/wp-content\/uploads\/2025\/06\/FAVICO_unlisters-01.png","width":500,"height":500,"caption":"Unlisters"},"image":{"@id":"https:\/\/unlisters.com\/#\/schema\/logo\/image\/"},"sameAs":["https:\/\/www.facebook.com\/unlisters","https:\/\/www.linkedin.com\/company\/unlisters"]}]}},"_links":{"self":[{"href":"http:\/\/unlisters.com\/pl\/wp-json\/wp\/v2\/pages\/450","targetHints":{"allow":["GET"]}}],"collection":[{"href":"http:\/\/unlisters.com\/pl\/wp-json\/wp\/v2\/pages"}],"about":[{"href":"http:\/\/unlisters.com\/pl\/wp-json\/wp\/v2\/types\/page"}],"author":[{"embeddable":true,"href":"http:\/\/unlisters.com\/pl\/wp-json\/wp\/v2\/users\/1"}],"replies":[{"embeddable":true,"href":"http:\/\/unlisters.com\/pl\/wp-json\/wp\/v2\/comments?post=450"}],"version-history":[{"count":9,"href":"http:\/\/unlisters.com\/pl\/wp-json\/wp\/v2\/pages\/450\/revisions"}],"predecessor-version":[{"id":544,"href":"http:\/\/unlisters.com\/pl\/wp-json\/wp\/v2\/pages\/450\/revisions\/544"}],"wp:attachment":[{"href":"http:\/\/unlisters.com\/pl\/wp-json\/wp\/v2\/media?parent=450"}],"curies":[{"name":"wp","href":"https:\/\/api.w.org\/{rel}","templated":true}]}}