{"id":450,"date":"2025-08-10T08:03:58","date_gmt":"2025-08-10T06:03:58","guid":{"rendered":"https:\/\/unlisters.com\/?page_id=450"},"modified":"2025-10-31T13:56:59","modified_gmt":"2025-10-31T12:56:59","slug":"welcome","status":"publish","type":"page","link":"http:\/\/unlisters.com\/hu\/welcome\/","title":{"rendered":"\u00dcdv\u00f6z\u00f6llek"},"content":{"rendered":"<div id=\"pl-450\"  class=\"panel-layout\" ><div id=\"pg-450-0\"  class=\"panel-grid panel-no-style\" ><div id=\"pgc-450-0-0\"  class=\"panel-grid-cell\" ><div id=\"panel-450-0-0-0\" class=\"so-panel widget widget_sow-editor panel-first-child panel-last-child\" data-index=\"0\" ><div\n\t\t\t\n\t\t\tclass=\"so-widget-sow-editor so-widget-sow-editor-base\"\n\t\t\t\n\t\t><h3 class=\"widget-title\">\u00dcdv\u00f6z\u00f6lj\u00fck a Unlisters!<\/h3>\n<div class=\"siteorigin-widget-tinymce textwidget\">\n\t<p>\u00dcdv\u00f6z\u00f6llek az Unlisters k\u00f6z\u00f6ss\u00e9gben, ahol olyan exkluz\u00edv aj\u00e1nlatokhoz \u00e9s kapcsolatokhoz juthatsz hozz\u00e1, amelyeket m\u00e1shol nem tal\u00e1lsz meg.<\/p>\n<\/div>\n<\/div><\/div><\/div><div id=\"pgc-450-0-1\"  class=\"panel-grid-cell\" ><div id=\"panel-450-0-1-0\" class=\"so-panel widget widget_sow-editor panel-first-child panel-last-child\" data-index=\"1\" ><div\n\t\t\t\n\t\t\tclass=\"so-widget-sow-editor so-widget-sow-editor-base\"\n\t\t\t\n\t\t><h3 class=\"widget-title\">Az \u00d6n gyors \u00fatmutat\u00f3ja az els\u0151 l\u00e9p\u00e9sekhez<\/h3>\n<div class=\"siteorigin-widget-tinymce textwidget\">\n\t<h3>1. Fedezze fel a list\u00e1kat<\/h3>\n<p>N\u00e9zze meg a Minden lista szakaszt, hogy megn\u00e9zze az \u00f6sszes Unlisters taggal megosztott aj\u00e1nlatokat. Ez m\u00e9g csak a kezdet \u2013 sz\u00e1mos \u00fcgylet csak a tagok \u00e1ltal l\u00e9trehozott mag\u00e1nh\u00e1l\u00f3zatokon bel\u00fcl \u00e9rhet\u0151 el. T\u00f6bbet szeretne el\u00e9rni? \u00c9p\u00edts saj\u00e1t h\u00e1l\u00f3zatot, vagy k\u00e9rj csatlakoz\u00e1st m\u00e1sokhoz.<\/p>\n<h3>2. Adja hozz\u00e1 aj\u00e1nlat\u00e1t vagy k\u00e9r\u00e9s\u00e9t<\/h3>\n<p>Hozzon l\u00e9tre egy \u00faj list\u00e1t, \u00e9s d\u00f6ntse el, hogy ki l\u00e1thatja \u2013 mindenki, vagy csak a mag\u00e1nh\u00e1l\u00f3zata. V\u00e1laszthat, hogy teljes r\u00e9szleteket jelen\u00edt meg, vagy csak a c\u00edmet. Bele\u00e9rtve az \u00e1rat \u00e9s a jutal\u00e9kot, seg\u00edt nagyobb \u00e9rdekl\u0151d\u00e9st vonzani \u00e9s felgyors\u00edtani az \u00fczletet.<\/p>\n<h3>3. N\u00f6velje h\u00e1l\u00f3zat\u00e1t<\/h3>\n<p>L\u00e1togasson el a H\u00e1l\u00f3zat \/ Unlisters r\u00e9szre, hogy kapcsolatba l\u00e9pjen a vil\u00e1g minden t\u00e1j\u00e1r\u00f3l \u00e9rkez\u0151 szakemberekkel. \u00c9p\u00edtsen olyan priv\u00e1t h\u00e1l\u00f3zatokat, amelyek megfelelnek a f\u00f3kusznak, \u00e9s ossza meg az exkluz\u00edv aj\u00e1nlatokat. Min\u00e9l akt\u00edvabb vagy, ann\u00e1l t\u00f6bb lehet\u0151s\u00e9g fog r\u00e1d tal\u00e1lni.<\/p>\n<h3>Kezd\u0151 l\u00e9p\u00e9sek<\/h3>\n<p>Jelentkezzen be, fedezze fel a list\u00e1kat, \u00e9s ossza meg az els\u0151 lehet\u0151s\u00e9get. Minden \u00faj kapcsolat a k\u00f6vetkez\u0151 sikeres \u00fczlethez vezethet.<\/p>\n<p>&nbsp;<\/p>\n<p>&nbsp;<\/p>\n<\/div>\n<\/div><\/div><\/div><\/div><\/div>","protected":false},"excerpt":{"rendered":"<p>\u00dcdv\u00f6z\u00f6llek az Unlisters k\u00f6z\u00f6ss\u00e9gben, ahol olyan exkluz\u00edv aj\u00e1nlatokhoz \u00e9s kapcsolatokhoz juthatsz hozz\u00e1, amelyeket m\u00e1shol nem tal\u00e1lsz meg. 1. Tekintse meg a Minden lista szakaszt, hogy megn\u00e9zze az \u00f6sszes Unlisters taggal megosztott aj\u00e1nlatokat. Ez m\u00e9g csak a kezdet \u2013 sz\u00e1mos \u00fcgylet csak a tagok \u00e1ltal l\u00e9trehozott mag\u00e1nh\u00e1l\u00f3zatokon bel\u00fcl \u00e9rhet\u0151 el. T\u00f6bbet szeretne el\u00e9rni? ... <a title=\"\u00dcdv\u00f6z\u00f6llek\" class=\"read-more\" href=\"http:\/\/unlisters.com\/hu\/welcome\/\" aria-label=\"Tov\u00e1bbi inform\u00e1ci\u00f3 Welcome tartalommal kapcsolatosan\">Olvass tov\u00e1bb<\/a><\/p>","protected":false},"author":1,"featured_media":0,"parent":0,"menu_order":0,"comment_status":"closed","ping_status":"closed","template":"","meta":{"inline_featured_image":false,"footnotes":""},"class_list":["post-450","page","type-page","status-publish"],"yoast_head":"<!-- This site is optimized with the Yoast SEO plugin v27.1.1 - https:\/\/yoast.com\/product\/yoast-seo-wordpress\/ -->\n<title>Welcome | Unlisters<\/title>\n<meta name=\"robots\" content=\"index, follow, max-snippet:-1, max-image-preview:large, max-video-preview:-1\" \/>\n<link rel=\"canonical\" href=\"http:\/\/unlisters.com\/hu\/welcome\/\" \/>\n<meta property=\"og:locale\" content=\"hu_HU\" \/>\n<meta property=\"og:type\" content=\"article\" \/>\n<meta property=\"og:title\" content=\"Welcome | Unlisters\" \/>\n<meta property=\"og:description\" content=\"Welcome to the Unlisters community \u2014 your gateway to exclusive deals and connections you won\u2019t find anywhere else. 1. Explore Listings Check out the All Listings section to see offers shared with all Unlisters members. That\u2019s just the beginning \u2014 many deals are available only within private networks created by members. Want access to more? ... Olvass tov\u00e1bb\" \/>\n<meta property=\"og:url\" content=\"http:\/\/unlisters.com\/hu\/welcome\/\" \/>\n<meta property=\"og:site_name\" content=\"Unlisters\" \/>\n<meta property=\"article:publisher\" content=\"https:\/\/www.facebook.com\/unlisters\" \/>\n<meta property=\"article:modified_time\" content=\"2025-10-31T12:56:59+00:00\" \/>\n<meta property=\"og:image\" content=\"https:\/\/unlisters.com\/wp-content\/uploads\/2025\/04\/real-estate-deals.jpg\" \/>\n\t<meta property=\"og:image:width\" content=\"2000\" \/>\n\t<meta property=\"og:image:height\" content=\"1333\" \/>\n\t<meta property=\"og:image:type\" content=\"image\/jpeg\" \/>\n<meta name=\"twitter:card\" content=\"summary_large_image\" \/>\n<meta name=\"twitter:label1\" content=\"Becs\u00fclt olvas\u00e1si id\u0151\" \/>\n\t<meta name=\"twitter:data1\" content=\"1 minute\" \/>\n<script type=\"application\/ld+json\" class=\"yoast-schema-graph\">{\"@context\":\"https:\/\/schema.org\",\"@graph\":[{\"@type\":\"WebPage\",\"@id\":\"https:\/\/unlisters.com\/welcome\/\",\"url\":\"https:\/\/unlisters.com\/welcome\/\",\"name\":\"Welcome | Unlisters\",\"isPartOf\":{\"@id\":\"https:\/\/unlisters.com\/#website\"},\"datePublished\":\"2025-08-10T06:03:58+00:00\",\"dateModified\":\"2025-10-31T12:56:59+00:00\",\"breadcrumb\":{\"@id\":\"https:\/\/unlisters.com\/welcome\/#breadcrumb\"},\"inLanguage\":\"hu-HU\",\"potentialAction\":[{\"@type\":\"ReadAction\",\"target\":[\"https:\/\/unlisters.com\/welcome\/\"]}]},{\"@type\":\"BreadcrumbList\",\"@id\":\"https:\/\/unlisters.com\/welcome\/#breadcrumb\",\"itemListElement\":[{\"@type\":\"ListItem\",\"position\":1,\"name\":\"Domovsk\u00e1 str\u00e1nka\",\"item\":\"https:\/\/unlisters.com\/\"},{\"@type\":\"ListItem\",\"position\":2,\"name\":\"Welcome\"}]},{\"@type\":\"WebSite\",\"@id\":\"https:\/\/unlisters.com\/#website\",\"url\":\"https:\/\/unlisters.com\/\",\"name\":\"Unlisters\",\"description\":\"Where Brokers Connect\",\"publisher\":{\"@id\":\"https:\/\/unlisters.com\/#organization\"},\"potentialAction\":[{\"@type\":\"SearchAction\",\"target\":{\"@type\":\"EntryPoint\",\"urlTemplate\":\"https:\/\/unlisters.com\/?s={search_term_string}\"},\"query-input\":{\"@type\":\"PropertyValueSpecification\",\"valueRequired\":true,\"valueName\":\"search_term_string\"}}],\"inLanguage\":\"hu-HU\"},{\"@type\":\"Organization\",\"@id\":\"https:\/\/unlisters.com\/#organization\",\"name\":\"Unlisters\",\"url\":\"https:\/\/unlisters.com\/\",\"logo\":{\"@type\":\"ImageObject\",\"inLanguage\":\"hu-HU\",\"@id\":\"https:\/\/unlisters.com\/#\/schema\/logo\/image\/\",\"url\":\"https:\/\/unlisters.com\/wp-content\/uploads\/2025\/06\/FAVICO_unlisters-01.png\",\"contentUrl\":\"https:\/\/unlisters.com\/wp-content\/uploads\/2025\/06\/FAVICO_unlisters-01.png\",\"width\":500,\"height\":500,\"caption\":\"Unlisters\"},\"image\":{\"@id\":\"https:\/\/unlisters.com\/#\/schema\/logo\/image\/\"},\"sameAs\":[\"https:\/\/www.facebook.com\/unlisters\",\"https:\/\/www.linkedin.com\/company\/unlisters\"]}]}<\/script>\n<!-- \/ Yoast SEO plugin. -->","yoast_head_json":{"title":"Welcome | Unlisters","robots":{"index":"index","follow":"follow","max-snippet":"max-snippet:-1","max-image-preview":"max-image-preview:large","max-video-preview":"max-video-preview:-1"},"canonical":"http:\/\/unlisters.com\/hu\/welcome\/","og_locale":"hu_HU","og_type":"article","og_title":"Welcome | Unlisters","og_description":"Welcome to the Unlisters community \u2014 your gateway to exclusive deals and connections you won\u2019t find anywhere else. 1. Explore Listings Check out the All Listings section to see offers shared with all Unlisters members. That\u2019s just the beginning \u2014 many deals are available only within private networks created by members. Want access to more? ... Olvass tov\u00e1bb","og_url":"http:\/\/unlisters.com\/hu\/welcome\/","og_site_name":"Unlisters","article_publisher":"https:\/\/www.facebook.com\/unlisters","article_modified_time":"2025-10-31T12:56:59+00:00","og_image":[{"width":2000,"height":1333,"url":"https:\/\/unlisters.com\/wp-content\/uploads\/2025\/04\/real-estate-deals.jpg","type":"image\/jpeg"}],"twitter_card":"summary_large_image","twitter_misc":{"Becs\u00fclt olvas\u00e1si id\u0151":"1 minute"},"schema":{"@context":"https:\/\/schema.org","@graph":[{"@type":"WebPage","@id":"https:\/\/unlisters.com\/welcome\/","url":"https:\/\/unlisters.com\/welcome\/","name":"Welcome | Unlisters","isPartOf":{"@id":"https:\/\/unlisters.com\/#website"},"datePublished":"2025-08-10T06:03:58+00:00","dateModified":"2025-10-31T12:56:59+00:00","breadcrumb":{"@id":"https:\/\/unlisters.com\/welcome\/#breadcrumb"},"inLanguage":"hu-HU","potentialAction":[{"@type":"ReadAction","target":["https:\/\/unlisters.com\/welcome\/"]}]},{"@type":"BreadcrumbList","@id":"https:\/\/unlisters.com\/welcome\/#breadcrumb","itemListElement":[{"@type":"ListItem","position":1,"name":"Domovsk\u00e1 str\u00e1nka","item":"https:\/\/unlisters.com\/"},{"@type":"ListItem","position":2,"name":"Welcome"}]},{"@type":"WebSite","@id":"https:\/\/unlisters.com\/#website","url":"https:\/\/unlisters.com\/","name":"Unlisters","description":"Where Brokers Connect","publisher":{"@id":"https:\/\/unlisters.com\/#organization"},"potentialAction":[{"@type":"SearchAction","target":{"@type":"EntryPoint","urlTemplate":"https:\/\/unlisters.com\/?s={search_term_string}"},"query-input":{"@type":"PropertyValueSpecification","valueRequired":true,"valueName":"search_term_string"}}],"inLanguage":"hu-HU"},{"@type":"Organization","@id":"https:\/\/unlisters.com\/#organization","name":"Unlisters","url":"https:\/\/unlisters.com\/","logo":{"@type":"ImageObject","inLanguage":"hu-HU","@id":"https:\/\/unlisters.com\/#\/schema\/logo\/image\/","url":"https:\/\/unlisters.com\/wp-content\/uploads\/2025\/06\/FAVICO_unlisters-01.png","contentUrl":"https:\/\/unlisters.com\/wp-content\/uploads\/2025\/06\/FAVICO_unlisters-01.png","width":500,"height":500,"caption":"Unlisters"},"image":{"@id":"https:\/\/unlisters.com\/#\/schema\/logo\/image\/"},"sameAs":["https:\/\/www.facebook.com\/unlisters","https:\/\/www.linkedin.com\/company\/unlisters"]}]}},"_links":{"self":[{"href":"http:\/\/unlisters.com\/hu\/wp-json\/wp\/v2\/pages\/450","targetHints":{"allow":["GET"]}}],"collection":[{"href":"http:\/\/unlisters.com\/hu\/wp-json\/wp\/v2\/pages"}],"about":[{"href":"http:\/\/unlisters.com\/hu\/wp-json\/wp\/v2\/types\/page"}],"author":[{"embeddable":true,"href":"http:\/\/unlisters.com\/hu\/wp-json\/wp\/v2\/users\/1"}],"replies":[{"embeddable":true,"href":"http:\/\/unlisters.com\/hu\/wp-json\/wp\/v2\/comments?post=450"}],"version-history":[{"count":9,"href":"http:\/\/unlisters.com\/hu\/wp-json\/wp\/v2\/pages\/450\/revisions"}],"predecessor-version":[{"id":544,"href":"http:\/\/unlisters.com\/hu\/wp-json\/wp\/v2\/pages\/450\/revisions\/544"}],"wp:attachment":[{"href":"http:\/\/unlisters.com\/hu\/wp-json\/wp\/v2\/media?parent=450"}],"curies":[{"name":"wp","href":"https:\/\/api.w.org\/{rel}","templated":true}]}}