{"id":450,"date":"2025-08-10T08:03:58","date_gmt":"2025-08-10T06:03:58","guid":{"rendered":"https:\/\/unlisters.com\/?page_id=450"},"modified":"2025-10-31T13:56:59","modified_gmt":"2025-10-31T12:56:59","slug":"welcome","status":"publish","type":"page","link":"http:\/\/unlisters.com\/de\/welcome\/","title":{"rendered":"Willkommen"},"content":{"rendered":"<div id=\"pl-450\"  class=\"panel-layout\" ><div id=\"pg-450-0\"  class=\"panel-grid panel-no-style\" ><div id=\"pgc-450-0-0\"  class=\"panel-grid-cell\" ><div id=\"panel-450-0-0-0\" class=\"so-panel widget widget_sow-editor panel-first-child panel-last-child\" data-index=\"0\" ><div\n\t\t\t\n\t\t\tclass=\"so-widget-sow-editor so-widget-sow-editor-base\"\n\t\t\t\n\t\t><h3 class=\"widget-title\">Willkommen bei Unlisters!<\/h3>\n<div class=\"siteorigin-widget-tinymce textwidget\">\n\t<p>Willkommen in der Unlisters-Community \u2013 Ihrem Tor zu exklusiven Angeboten und Verbindungen, die Sie sonst nirgendwo finden.<\/p>\n<\/div>\n<\/div><\/div><\/div><div id=\"pgc-450-0-1\"  class=\"panel-grid-cell\" ><div id=\"panel-450-0-1-0\" class=\"so-panel widget widget_sow-editor panel-first-child panel-last-child\" data-index=\"1\" ><div\n\t\t\t\n\t\t\tclass=\"so-widget-sow-editor so-widget-sow-editor-base\"\n\t\t\t\n\t\t><h3 class=\"widget-title\">Ihre Kurzanleitung f\u00fcr den Einstieg<\/h3>\n<div class=\"siteorigin-widget-tinymce textwidget\">\n\t<h3>1. Inserate erkunden<\/h3>\n<p>Schauen Sie sich den Abschnitt Alle Inserate an, um Angebote zu sehen, die mit allen Mitgliedern von Unlisters geteilt werden. Das ist erst der Anfang \u2013 viele Angebote sind nur innerhalb privater Netzwerke verf\u00fcgbar, die von Mitgliedern geschaffen wurden. M\u00f6chten Sie Zugang zu mehr? Bauen Sie Ihr eigenes Netzwerk auf oder fordern Sie an, sich anderen anzuschlie\u00dfen.<\/p>\n<h3>2. F\u00fcgen Sie Ihr Angebot oder Ihre Anfrage hinzu<\/h3>\n<p>Erstellen Sie ein neues Inserat und entscheiden Sie, wer es sehen kann \u2013 jeder oder nur Ihr privates Netzwerk. Sie k\u00f6nnen w\u00e4hlen, ob Sie vollst\u00e4ndige Details oder nur den Titel anzeigen m\u00f6chten. Einschlie\u00dflich des Preises und der Provision hilft, mehr Interesse zu wecken und den Deal zu beschleunigen.<\/p>\n<h3>3. Wachsen Sie Ihr Netzwerk<\/h3>\n<p>Besuchen Sie den Bereich Network \/ Unlisters, um mit Fachleuten aus der ganzen Welt in Kontakt zu treten. Bauen Sie private Netzwerke auf, die Ihrem Fokus entsprechen, und teilen Sie exklusive Angebote in ihnen. Je aktiver Sie sind, desto mehr M\u00f6glichkeiten werden Sie finden.<\/p>\n<h3>Erste Schritte<\/h3>\n<p>Melden Sie sich an, erkunden Sie Angebote und teilen Sie Ihre erste Gelegenheit. Jede neue Verbindung kann zu Ihrem n\u00e4chsten erfolgreichen Deal f\u00fchren.<\/p>\n<p>&nbsp;<\/p>\n<p>&nbsp;<\/p>\n<\/div>\n<\/div><\/div><\/div><\/div><\/div>","protected":false},"excerpt":{"rendered":"<p>Willkommen in der Unlisters-Community \u2013 Ihrem Tor zu exklusiven Angeboten und Verbindungen, die Sie sonst nirgendwo finden. 1. Sehen Sie sich den Abschnitt Alle Inserate an, um Angebote zu sehen, die mit allen Mitgliedern von Unlisters geteilt werden. Das ist erst der Anfang \u2013 viele Angebote sind nur innerhalb privater Netzwerke verf\u00fcgbar, die von Mitgliedern geschaffen wurden. M\u00f6chten Sie Zugang zu mehr? ... <a title=\"Willkommen\" class=\"read-more\" href=\"http:\/\/unlisters.com\/de\/welcome\/\" aria-label=\"Mehr Informationen \u00fcber Welcome\">Weiterlesen ...<\/a><\/p>","protected":false},"author":1,"featured_media":0,"parent":0,"menu_order":0,"comment_status":"closed","ping_status":"closed","template":"","meta":{"inline_featured_image":false,"footnotes":""},"class_list":["post-450","page","type-page","status-publish"],"yoast_head":"<!-- This site is optimized with the Yoast SEO plugin v27.1.1 - https:\/\/yoast.com\/product\/yoast-seo-wordpress\/ -->\n<title>Welcome | Unlisters<\/title>\n<meta name=\"robots\" content=\"index, follow, max-snippet:-1, max-image-preview:large, max-video-preview:-1\" \/>\n<link rel=\"canonical\" href=\"http:\/\/unlisters.com\/de\/welcome\/\" \/>\n<meta property=\"og:locale\" content=\"de_DE\" \/>\n<meta property=\"og:type\" content=\"article\" \/>\n<meta property=\"og:title\" content=\"Welcome | Unlisters\" \/>\n<meta property=\"og:description\" content=\"Welcome to the Unlisters community \u2014 your gateway to exclusive deals and connections you won\u2019t find anywhere else. 1. Explore Listings Check out the All Listings section to see offers shared with all Unlisters members. That\u2019s just the beginning \u2014 many deals are available only within private networks created by members. Want access to more? ... Weiterlesen ...\" \/>\n<meta property=\"og:url\" content=\"http:\/\/unlisters.com\/de\/welcome\/\" \/>\n<meta property=\"og:site_name\" content=\"Unlisters\" \/>\n<meta property=\"article:publisher\" content=\"https:\/\/www.facebook.com\/unlisters\" \/>\n<meta property=\"article:modified_time\" content=\"2025-10-31T12:56:59+00:00\" \/>\n<meta property=\"og:image\" content=\"https:\/\/unlisters.com\/wp-content\/uploads\/2025\/04\/real-estate-deals.jpg\" \/>\n\t<meta property=\"og:image:width\" content=\"2000\" \/>\n\t<meta property=\"og:image:height\" content=\"1333\" \/>\n\t<meta property=\"og:image:type\" content=\"image\/jpeg\" \/>\n<meta name=\"twitter:card\" content=\"summary_large_image\" \/>\n<meta name=\"twitter:label1\" content=\"Gesch\u00e4tzte Lesezeit\" \/>\n\t<meta name=\"twitter:data1\" content=\"1 minute\" \/>\n<script type=\"application\/ld+json\" class=\"yoast-schema-graph\">{\"@context\":\"https:\/\/schema.org\",\"@graph\":[{\"@type\":\"WebPage\",\"@id\":\"https:\/\/unlisters.com\/welcome\/\",\"url\":\"https:\/\/unlisters.com\/welcome\/\",\"name\":\"Welcome | Unlisters\",\"isPartOf\":{\"@id\":\"https:\/\/unlisters.com\/#website\"},\"datePublished\":\"2025-08-10T06:03:58+00:00\",\"dateModified\":\"2025-10-31T12:56:59+00:00\",\"breadcrumb\":{\"@id\":\"https:\/\/unlisters.com\/welcome\/#breadcrumb\"},\"inLanguage\":\"de-DE\",\"potentialAction\":[{\"@type\":\"ReadAction\",\"target\":[\"https:\/\/unlisters.com\/welcome\/\"]}]},{\"@type\":\"BreadcrumbList\",\"@id\":\"https:\/\/unlisters.com\/welcome\/#breadcrumb\",\"itemListElement\":[{\"@type\":\"ListItem\",\"position\":1,\"name\":\"Domovsk\u00e1 str\u00e1nka\",\"item\":\"https:\/\/unlisters.com\/\"},{\"@type\":\"ListItem\",\"position\":2,\"name\":\"Welcome\"}]},{\"@type\":\"WebSite\",\"@id\":\"https:\/\/unlisters.com\/#website\",\"url\":\"https:\/\/unlisters.com\/\",\"name\":\"Unlisters\",\"description\":\"Where Brokers Connect\",\"publisher\":{\"@id\":\"https:\/\/unlisters.com\/#organization\"},\"potentialAction\":[{\"@type\":\"SearchAction\",\"target\":{\"@type\":\"EntryPoint\",\"urlTemplate\":\"https:\/\/unlisters.com\/?s={search_term_string}\"},\"query-input\":{\"@type\":\"PropertyValueSpecification\",\"valueRequired\":true,\"valueName\":\"search_term_string\"}}],\"inLanguage\":\"de-DE\"},{\"@type\":\"Organization\",\"@id\":\"https:\/\/unlisters.com\/#organization\",\"name\":\"Unlisters\",\"url\":\"https:\/\/unlisters.com\/\",\"logo\":{\"@type\":\"ImageObject\",\"inLanguage\":\"de-DE\",\"@id\":\"https:\/\/unlisters.com\/#\/schema\/logo\/image\/\",\"url\":\"https:\/\/unlisters.com\/wp-content\/uploads\/2025\/06\/FAVICO_unlisters-01.png\",\"contentUrl\":\"https:\/\/unlisters.com\/wp-content\/uploads\/2025\/06\/FAVICO_unlisters-01.png\",\"width\":500,\"height\":500,\"caption\":\"Unlisters\"},\"image\":{\"@id\":\"https:\/\/unlisters.com\/#\/schema\/logo\/image\/\"},\"sameAs\":[\"https:\/\/www.facebook.com\/unlisters\",\"https:\/\/www.linkedin.com\/company\/unlisters\"]}]}<\/script>\n<!-- \/ Yoast SEO plugin. -->","yoast_head_json":{"title":"Welcome | Unlisters","robots":{"index":"index","follow":"follow","max-snippet":"max-snippet:-1","max-image-preview":"max-image-preview:large","max-video-preview":"max-video-preview:-1"},"canonical":"http:\/\/unlisters.com\/de\/welcome\/","og_locale":"de_DE","og_type":"article","og_title":"Welcome | Unlisters","og_description":"Welcome to the Unlisters community \u2014 your gateway to exclusive deals and connections you won\u2019t find anywhere else. 1. Explore Listings Check out the All Listings section to see offers shared with all Unlisters members. That\u2019s just the beginning \u2014 many deals are available only within private networks created by members. Want access to more? ... Weiterlesen ...","og_url":"http:\/\/unlisters.com\/de\/welcome\/","og_site_name":"Unlisters","article_publisher":"https:\/\/www.facebook.com\/unlisters","article_modified_time":"2025-10-31T12:56:59+00:00","og_image":[{"width":2000,"height":1333,"url":"https:\/\/unlisters.com\/wp-content\/uploads\/2025\/04\/real-estate-deals.jpg","type":"image\/jpeg"}],"twitter_card":"summary_large_image","twitter_misc":{"Gesch\u00e4tzte Lesezeit":"1 minute"},"schema":{"@context":"https:\/\/schema.org","@graph":[{"@type":"WebPage","@id":"https:\/\/unlisters.com\/welcome\/","url":"https:\/\/unlisters.com\/welcome\/","name":"Welcome | Unlisters","isPartOf":{"@id":"https:\/\/unlisters.com\/#website"},"datePublished":"2025-08-10T06:03:58+00:00","dateModified":"2025-10-31T12:56:59+00:00","breadcrumb":{"@id":"https:\/\/unlisters.com\/welcome\/#breadcrumb"},"inLanguage":"de-DE","potentialAction":[{"@type":"ReadAction","target":["https:\/\/unlisters.com\/welcome\/"]}]},{"@type":"BreadcrumbList","@id":"https:\/\/unlisters.com\/welcome\/#breadcrumb","itemListElement":[{"@type":"ListItem","position":1,"name":"Domovsk\u00e1 str\u00e1nka","item":"https:\/\/unlisters.com\/"},{"@type":"ListItem","position":2,"name":"Welcome"}]},{"@type":"WebSite","@id":"https:\/\/unlisters.com\/#website","url":"https:\/\/unlisters.com\/","name":"Unlisters","description":"Where Brokers Connect","publisher":{"@id":"https:\/\/unlisters.com\/#organization"},"potentialAction":[{"@type":"SearchAction","target":{"@type":"EntryPoint","urlTemplate":"https:\/\/unlisters.com\/?s={search_term_string}"},"query-input":{"@type":"PropertyValueSpecification","valueRequired":true,"valueName":"search_term_string"}}],"inLanguage":"de-DE"},{"@type":"Organization","@id":"https:\/\/unlisters.com\/#organization","name":"Unlisters","url":"https:\/\/unlisters.com\/","logo":{"@type":"ImageObject","inLanguage":"de-DE","@id":"https:\/\/unlisters.com\/#\/schema\/logo\/image\/","url":"https:\/\/unlisters.com\/wp-content\/uploads\/2025\/06\/FAVICO_unlisters-01.png","contentUrl":"https:\/\/unlisters.com\/wp-content\/uploads\/2025\/06\/FAVICO_unlisters-01.png","width":500,"height":500,"caption":"Unlisters"},"image":{"@id":"https:\/\/unlisters.com\/#\/schema\/logo\/image\/"},"sameAs":["https:\/\/www.facebook.com\/unlisters","https:\/\/www.linkedin.com\/company\/unlisters"]}]}},"_links":{"self":[{"href":"http:\/\/unlisters.com\/de\/wp-json\/wp\/v2\/pages\/450","targetHints":{"allow":["GET"]}}],"collection":[{"href":"http:\/\/unlisters.com\/de\/wp-json\/wp\/v2\/pages"}],"about":[{"href":"http:\/\/unlisters.com\/de\/wp-json\/wp\/v2\/types\/page"}],"author":[{"embeddable":true,"href":"http:\/\/unlisters.com\/de\/wp-json\/wp\/v2\/users\/1"}],"replies":[{"embeddable":true,"href":"http:\/\/unlisters.com\/de\/wp-json\/wp\/v2\/comments?post=450"}],"version-history":[{"count":9,"href":"http:\/\/unlisters.com\/de\/wp-json\/wp\/v2\/pages\/450\/revisions"}],"predecessor-version":[{"id":544,"href":"http:\/\/unlisters.com\/de\/wp-json\/wp\/v2\/pages\/450\/revisions\/544"}],"wp:attachment":[{"href":"http:\/\/unlisters.com\/de\/wp-json\/wp\/v2\/media?parent=450"}],"curies":[{"name":"wp","href":"https:\/\/api.w.org\/{rel}","templated":true}]}}