{"id":450,"date":"2025-08-10T08:03:58","date_gmt":"2025-08-10T06:03:58","guid":{"rendered":"https:\/\/unlisters.com\/?page_id=450"},"modified":"2025-10-31T13:56:59","modified_gmt":"2025-10-31T12:56:59","slug":"welcome","status":"publish","type":"page","link":"http:\/\/unlisters.com\/cs\/welcome\/","title":{"rendered":"V\u00edtejte"},"content":{"rendered":"<div id=\"pl-450\"  class=\"panel-layout\" ><div id=\"pg-450-0\"  class=\"panel-grid panel-no-style\" ><div id=\"pgc-450-0-0\"  class=\"panel-grid-cell\" ><div id=\"panel-450-0-0-0\" class=\"so-panel widget widget_sow-editor panel-first-child panel-last-child\" data-index=\"0\" ><div\n\t\t\t\n\t\t\tclass=\"so-widget-sow-editor so-widget-sow-editor-base\"\n\t\t\t\n\t\t><h3 class=\"widget-title\">V\u00edtejte v Unlisters!<\/h3>\n<div class=\"siteorigin-widget-tinymce textwidget\">\n\t<p>V\u00edtejte v komunit\u011b Unlisters \u2013 va\u0161\u00ed br\u00e1n\u011b k exkluzivn\u00edm nab\u00eddk\u00e1m a kontakt\u016fm, kter\u00e9 jinde nenajdete.<\/p>\n<\/div>\n<\/div><\/div><\/div><div id=\"pgc-450-0-1\"  class=\"panel-grid-cell\" ><div id=\"panel-450-0-1-0\" class=\"so-panel widget widget_sow-editor panel-first-child panel-last-child\" data-index=\"1\" ><div\n\t\t\t\n\t\t\tclass=\"so-widget-sow-editor so-widget-sow-editor-base\"\n\t\t\t\n\t\t><h3 class=\"widget-title\">Stru\u010dn\u00fd n\u00e1vod, jak za\u010d\u00edt<\/h3>\n<div class=\"siteorigin-widget-tinymce textwidget\">\n\t<h3>1. Prozkoumat seznamy<\/h3>\n<p>Pod\u00edvejte se do sekce V\u0161echny v\u00fdpisy a pod\u00edvejte se na nab\u00eddky sd\u00edlen\u00e9 se v\u0161emi \u010dleny Unlisters. To je teprve za\u010d\u00e1tek \u2013 mnoho obchod\u016f je k dispozici pouze v r\u00e1mci soukrom\u00fdch s\u00edt\u00ed vytvo\u0159en\u00fdch \u010dleny. Chcete p\u0159\u00edstup k v\u00edce? Vytvo\u0159te si vlastn\u00ed s\u00ed\u0165 nebo \u017e\u00e1dost o p\u0159ipojen\u00ed k ostatn\u00edm.<\/p>\n<h3>2. P\u0159idejte svou nab\u00eddku nebo po\u017eadavek<\/h3>\n<p>Vytvo\u0159te nov\u00fd seznam a rozhodn\u011bte se, kdo ho m\u016f\u017ee vid\u011bt \u2013 kdokoli, nebo jen va\u0161e soukrom\u00e1 s\u00ed\u0165. M\u016f\u017eete si vybrat, zda chcete zobrazit v\u0161echny podrobnosti, nebo pouze n\u00e1zev. V\u010detn\u011b ceny a provize pom\u00e1h\u00e1 p\u0159il\u00e1kat v\u011bt\u0161\u00ed z\u00e1jem a urychlit obchod.<\/p>\n<h3>3. Roz\u0161i\u0159te svou s\u00ed\u0165<\/h3>\n<p>Nav\u0161tivte sekci Network \/ Unlisters a spojte se s profesion\u00e1ly z cel\u00e9ho sv\u011bta. Vytv\u00e1\u0159ejte soukrom\u00e9 s\u00edt\u011b, kter\u00e9 odpov\u00eddaj\u00ed va\u0161emu zam\u011b\u0159en\u00ed, a sd\u00edlejte v nich exkluzivn\u00ed nab\u00eddky. \u010c\u00edm jste aktivn\u011bj\u0161\u00ed, t\u00edm v\u00edce p\u0159\u00edle\u017eitost\u00ed si v\u00e1s najde.<\/p>\n<h3>Za\u010d\u00edn\u00e1me<\/h3>\n<p>P\u0159ihlaste se, prozkoumejte seznamy a sd\u00edlejte svou prvn\u00ed p\u0159\u00edle\u017eitost. Ka\u017ed\u00e9 nov\u00e9 spojen\u00ed m\u016f\u017ee v\u00e9st k va\u0161\u00ed dal\u0161\u00ed \u00fasp\u011b\u0161n\u00e9 dohod\u011b.<\/p>\n<p>&nbsp;<\/p>\n<p>&nbsp;<\/p>\n<\/div>\n<\/div><\/div><\/div><\/div><\/div>","protected":false},"excerpt":{"rendered":"<p>V\u00edtejte v komunit\u011b Unlisters \u2013 va\u0161\u00ed br\u00e1n\u011b k exkluzivn\u00edm nab\u00eddk\u00e1m a kontakt\u016fm, kter\u00e9 jinde nenajdete. 1. Pod\u00edvejte se do sekce V\u0161echny v\u00fdpisy, kde najdete nab\u00eddky sd\u00edlen\u00e9 se v\u0161emi \u010dleny Unlisters. To je teprve za\u010d\u00e1tek \u2013 mnoho obchod\u016f je k dispozici pouze v r\u00e1mci soukrom\u00fdch s\u00edt\u00ed vytvo\u0159en\u00fdch \u010dleny. Chcete p\u0159\u00edstup k v\u00edce? ... <a title=\"V\u00edtejte\" class=\"read-more\" href=\"http:\/\/unlisters.com\/cs\/welcome\/\" aria-label=\"\u010c\u00edst v\u00edce o V\u00edtejte\">P\u0159e\u010dt\u011bte si v\u00edce<\/a><\/p>","protected":false},"author":1,"featured_media":0,"parent":0,"menu_order":0,"comment_status":"closed","ping_status":"closed","template":"","meta":{"inline_featured_image":false,"footnotes":""},"class_list":["post-450","page","type-page","status-publish"],"yoast_head":"<!-- This site is optimized with the Yoast SEO plugin v27.1.1 - https:\/\/yoast.com\/product\/yoast-seo-wordpress\/ -->\n<title>Welcome | Unlisters<\/title>\n<meta name=\"robots\" content=\"index, follow, max-snippet:-1, max-image-preview:large, max-video-preview:-1\" \/>\n<link rel=\"canonical\" href=\"http:\/\/unlisters.com\/cs\/welcome\/\" \/>\n<meta property=\"og:locale\" content=\"cs_CZ\" \/>\n<meta property=\"og:type\" content=\"article\" \/>\n<meta property=\"og:title\" content=\"Welcome | Unlisters\" \/>\n<meta property=\"og:description\" content=\"Welcome to the Unlisters community \u2014 your gateway to exclusive deals and connections you won\u2019t find anywhere else. 1. Explore Listings Check out the All Listings section to see offers shared with all Unlisters members. That\u2019s just the beginning \u2014 many deals are available only within private networks created by members. Want access to more? ... Read more\" \/>\n<meta property=\"og:url\" content=\"http:\/\/unlisters.com\/cs\/welcome\/\" \/>\n<meta property=\"og:site_name\" content=\"Unlisters\" \/>\n<meta property=\"article:publisher\" content=\"https:\/\/www.facebook.com\/unlisters\" \/>\n<meta property=\"article:modified_time\" content=\"2025-10-31T12:56:59+00:00\" \/>\n<meta property=\"og:image\" content=\"https:\/\/unlisters.com\/wp-content\/uploads\/2025\/04\/real-estate-deals.jpg\" \/>\n\t<meta property=\"og:image:width\" content=\"2000\" \/>\n\t<meta property=\"og:image:height\" content=\"1333\" \/>\n\t<meta property=\"og:image:type\" content=\"image\/jpeg\" \/>\n<meta name=\"twitter:card\" content=\"summary_large_image\" \/>\n<meta name=\"twitter:label1\" content=\"Odhadovan\u00e1 doba \u010dten\u00ed\" \/>\n\t<meta name=\"twitter:data1\" content=\"1 minute\" \/>\n<script type=\"application\/ld+json\" class=\"yoast-schema-graph\">{\"@context\":\"https:\/\/schema.org\",\"@graph\":[{\"@type\":\"WebPage\",\"@id\":\"https:\/\/unlisters.com\/welcome\/\",\"url\":\"https:\/\/unlisters.com\/welcome\/\",\"name\":\"Welcome | Unlisters\",\"isPartOf\":{\"@id\":\"https:\/\/unlisters.com\/#website\"},\"datePublished\":\"2025-08-10T06:03:58+00:00\",\"dateModified\":\"2025-10-31T12:56:59+00:00\",\"breadcrumb\":{\"@id\":\"https:\/\/unlisters.com\/welcome\/#breadcrumb\"},\"inLanguage\":\"cs-CZ\",\"potentialAction\":[{\"@type\":\"ReadAction\",\"target\":[\"https:\/\/unlisters.com\/welcome\/\"]}]},{\"@type\":\"BreadcrumbList\",\"@id\":\"https:\/\/unlisters.com\/welcome\/#breadcrumb\",\"itemListElement\":[{\"@type\":\"ListItem\",\"position\":1,\"name\":\"Domovsk\u00e1 str\u00e1nka\",\"item\":\"https:\/\/unlisters.com\/\"},{\"@type\":\"ListItem\",\"position\":2,\"name\":\"Welcome\"}]},{\"@type\":\"WebSite\",\"@id\":\"https:\/\/unlisters.com\/#website\",\"url\":\"https:\/\/unlisters.com\/\",\"name\":\"Unlisters\",\"description\":\"Where Brokers Connect\",\"publisher\":{\"@id\":\"https:\/\/unlisters.com\/#organization\"},\"potentialAction\":[{\"@type\":\"SearchAction\",\"target\":{\"@type\":\"EntryPoint\",\"urlTemplate\":\"https:\/\/unlisters.com\/?s={search_term_string}\"},\"query-input\":{\"@type\":\"PropertyValueSpecification\",\"valueRequired\":true,\"valueName\":\"search_term_string\"}}],\"inLanguage\":\"cs-CZ\"},{\"@type\":\"Organization\",\"@id\":\"https:\/\/unlisters.com\/#organization\",\"name\":\"Unlisters\",\"url\":\"https:\/\/unlisters.com\/\",\"logo\":{\"@type\":\"ImageObject\",\"inLanguage\":\"cs-CZ\",\"@id\":\"https:\/\/unlisters.com\/#\/schema\/logo\/image\/\",\"url\":\"https:\/\/unlisters.com\/wp-content\/uploads\/2025\/06\/FAVICO_unlisters-01.png\",\"contentUrl\":\"https:\/\/unlisters.com\/wp-content\/uploads\/2025\/06\/FAVICO_unlisters-01.png\",\"width\":500,\"height\":500,\"caption\":\"Unlisters\"},\"image\":{\"@id\":\"https:\/\/unlisters.com\/#\/schema\/logo\/image\/\"},\"sameAs\":[\"https:\/\/www.facebook.com\/unlisters\",\"https:\/\/www.linkedin.com\/company\/unlisters\"]}]}<\/script>\n<!-- \/ Yoast SEO plugin. -->","yoast_head_json":{"title":"Welcome | Unlisters","robots":{"index":"index","follow":"follow","max-snippet":"max-snippet:-1","max-image-preview":"max-image-preview:large","max-video-preview":"max-video-preview:-1"},"canonical":"http:\/\/unlisters.com\/cs\/welcome\/","og_locale":"cs_CZ","og_type":"article","og_title":"Welcome | Unlisters","og_description":"Welcome to the Unlisters community \u2014 your gateway to exclusive deals and connections you won\u2019t find anywhere else. 1. Explore Listings Check out the All Listings section to see offers shared with all Unlisters members. That\u2019s just the beginning \u2014 many deals are available only within private networks created by members. Want access to more? ... Read more","og_url":"http:\/\/unlisters.com\/cs\/welcome\/","og_site_name":"Unlisters","article_publisher":"https:\/\/www.facebook.com\/unlisters","article_modified_time":"2025-10-31T12:56:59+00:00","og_image":[{"width":2000,"height":1333,"url":"https:\/\/unlisters.com\/wp-content\/uploads\/2025\/04\/real-estate-deals.jpg","type":"image\/jpeg"}],"twitter_card":"summary_large_image","twitter_misc":{"Odhadovan\u00e1 doba \u010dten\u00ed":"1 minute"},"schema":{"@context":"https:\/\/schema.org","@graph":[{"@type":"WebPage","@id":"https:\/\/unlisters.com\/welcome\/","url":"https:\/\/unlisters.com\/welcome\/","name":"Welcome | Unlisters","isPartOf":{"@id":"https:\/\/unlisters.com\/#website"},"datePublished":"2025-08-10T06:03:58+00:00","dateModified":"2025-10-31T12:56:59+00:00","breadcrumb":{"@id":"https:\/\/unlisters.com\/welcome\/#breadcrumb"},"inLanguage":"cs-CZ","potentialAction":[{"@type":"ReadAction","target":["https:\/\/unlisters.com\/welcome\/"]}]},{"@type":"BreadcrumbList","@id":"https:\/\/unlisters.com\/welcome\/#breadcrumb","itemListElement":[{"@type":"ListItem","position":1,"name":"Domovsk\u00e1 str\u00e1nka","item":"https:\/\/unlisters.com\/"},{"@type":"ListItem","position":2,"name":"Welcome"}]},{"@type":"WebSite","@id":"https:\/\/unlisters.com\/#website","url":"https:\/\/unlisters.com\/","name":"Unlisters","description":"Where Brokers Connect","publisher":{"@id":"https:\/\/unlisters.com\/#organization"},"potentialAction":[{"@type":"SearchAction","target":{"@type":"EntryPoint","urlTemplate":"https:\/\/unlisters.com\/?s={search_term_string}"},"query-input":{"@type":"PropertyValueSpecification","valueRequired":true,"valueName":"search_term_string"}}],"inLanguage":"cs-CZ"},{"@type":"Organization","@id":"https:\/\/unlisters.com\/#organization","name":"Unlisters","url":"https:\/\/unlisters.com\/","logo":{"@type":"ImageObject","inLanguage":"cs-CZ","@id":"https:\/\/unlisters.com\/#\/schema\/logo\/image\/","url":"https:\/\/unlisters.com\/wp-content\/uploads\/2025\/06\/FAVICO_unlisters-01.png","contentUrl":"https:\/\/unlisters.com\/wp-content\/uploads\/2025\/06\/FAVICO_unlisters-01.png","width":500,"height":500,"caption":"Unlisters"},"image":{"@id":"https:\/\/unlisters.com\/#\/schema\/logo\/image\/"},"sameAs":["https:\/\/www.facebook.com\/unlisters","https:\/\/www.linkedin.com\/company\/unlisters"]}]}},"_links":{"self":[{"href":"http:\/\/unlisters.com\/cs\/wp-json\/wp\/v2\/pages\/450","targetHints":{"allow":["GET"]}}],"collection":[{"href":"http:\/\/unlisters.com\/cs\/wp-json\/wp\/v2\/pages"}],"about":[{"href":"http:\/\/unlisters.com\/cs\/wp-json\/wp\/v2\/types\/page"}],"author":[{"embeddable":true,"href":"http:\/\/unlisters.com\/cs\/wp-json\/wp\/v2\/users\/1"}],"replies":[{"embeddable":true,"href":"http:\/\/unlisters.com\/cs\/wp-json\/wp\/v2\/comments?post=450"}],"version-history":[{"count":9,"href":"http:\/\/unlisters.com\/cs\/wp-json\/wp\/v2\/pages\/450\/revisions"}],"predecessor-version":[{"id":544,"href":"http:\/\/unlisters.com\/cs\/wp-json\/wp\/v2\/pages\/450\/revisions\/544"}],"wp:attachment":[{"href":"http:\/\/unlisters.com\/cs\/wp-json\/wp\/v2\/media?parent=450"}],"curies":[{"name":"wp","href":"https:\/\/api.w.org\/{rel}","templated":true}]}}